{"id":1048,"date":"2019-05-01T17:41:12","date_gmt":"2019-05-01T17:41:12","guid":{"rendered":"http:\/\/www.muensterschule-hof.de\/wordpress\/?page_id=1048"},"modified":"2019-05-01T17:41:12","modified_gmt":"2019-05-01T17:41:12","slug":"die-mathe-lernwerkstatt-der-muenster-mittelschule","status":"publish","type":"page","link":"https:\/\/www.muensterschule-hof.de\/wordpress\/die-mathe-lernwerkstatt-der-muenster-mittelschule\/","title":{"rendered":"Die Mathe-Lernwerkstatt der M\u00fcnster-Mittelschule"},"content":{"rendered":"\n<div class=\"wp-block-image\"><figure class=\"aligncenter\"><img loading=\"lazy\" decoding=\"async\" width=\"567\" height=\"427\" src=\"https:\/\/www.muensterschule-hof.de\/wordpress\/wp-content\/uploads\/2019\/04\/Lernwerkstatt-1-klein.png\" alt=\"\" class=\"wp-image-1049\" srcset=\"https:\/\/www.muensterschule-hof.de\/wordpress\/wp-content\/uploads\/2019\/04\/Lernwerkstatt-1-klein.png 567w, https:\/\/www.muensterschule-hof.de\/wordpress\/wp-content\/uploads\/2019\/04\/Lernwerkstatt-1-klein-300x226.png 300w\" sizes=\"auto, (max-width: 567px) 100vw, 567px\" \/><\/figure><\/div>\n\n\n\n<p>Seit 2008 gibt es an der M\u00fcnster-Mittelschule eine Mathe-Lernwerkstatt. Sie teilt sich in drei Bereiche:  <\/p>\n\n\n\n<ul class=\"wp-block-list\"><li>Freiarbeitsmaterialien zu fast jedem mathematischen Thema des Lehrplans von der 4. bis zur 10. Jahrgangsstufe <\/li><li>Quali-Training <\/li><li>Spiele und Materialien zur Denkerziehung und Konzentration unabh\u00e4ngig zum Lehrplan <\/li><\/ul>\n\n\n\n<p>Die Werkstatt ist nach den Prinzipien der P\u00e4dagogik Maria Montessori konzipiert und f\u00fcr alle Sch\u00fcler geeignet.  <\/p>\n\n\n\n<p>Ziele der Mathe-AG oder Logik-AG sind es vor allem Kindern die Freude am Lernen nahe zu bringen, sie dort abzuholen, wo sie stehen, ihre nat\u00fcrliche Neugier und Wissbegierde zu f\u00f6rdern und ihnen zu zeigen, dass neben dem formalen Rechnen die Mathematik uns \u00fcberall im Leben begegnet und viele \u201eGeheimnisse\u201c birgt, die es auszukundschaften gilt.<\/p>\n\n\n\n<p>Des Weiteren wird der Lernwerkstatt das Selbstbewusstsein, die Selbstreflexion und die Sozialkompetenz der Sch\u00fcler gesteigert.<\/p>\n\n\n\n<div class=\"wp-block-image\"><figure class=\"aligncenter is-resized\"><img loading=\"lazy\" decoding=\"async\" src=\"https:\/\/www.muensterschule-hof.de\/wordpress\/wp-content\/uploads\/2019\/04\/Lernwerkstatt-2-klein.png\" alt=\"\" class=\"wp-image-1051\" width=\"247\" height=\"329\" srcset=\"https:\/\/www.muensterschule-hof.de\/wordpress\/wp-content\/uploads\/2019\/04\/Lernwerkstatt-2-klein.png 425w, https:\/\/www.muensterschule-hof.de\/wordpress\/wp-content\/uploads\/2019\/04\/Lernwerkstatt-2-klein-225x300.png 225w\" sizes=\"auto, (max-width: 247px) 100vw, 247px\" \/><\/figure><\/div>\n","protected":false},"excerpt":{"rendered":"<p>Seit 2008 gibt es an der M\u00fcnster-Mittelschule eine Mathe-Lernwerkstatt. Sie teilt sich in drei Bereiche: Freiarbeitsmaterialien zu fast jedem mathematischen Thema des Lehrplans von der 4. bis zur 10. Jahrgangsstufe Quali-Training Spiele und Materialien zur Denkerziehung und Konzentration unabh\u00e4ngig zum Lehrplan Die Werkstatt ist nach den Prinzipien der P\u00e4dagogik Maria Montessori konzipiert und f\u00fcr alle&hellip;&nbsp;<a href=\"https:\/\/www.muensterschule-hof.de\/wordpress\/die-mathe-lernwerkstatt-der-muenster-mittelschule\/\" rel=\"bookmark\">Weiterlesen &raquo;<span class=\"screen-reader-text\">Die Mathe-Lernwerkstatt der M\u00fcnster-Mittelschule<\/span><\/a><\/p>\n","protected":false},"author":1,"featured_media":0,"parent":0,"menu_order":0,"comment_status":"closed","ping_status":"closed","template":"","meta":{"neve_meta_sidebar":"","neve_meta_container":"","neve_meta_enable_content_width":"","neve_meta_content_width":0,"neve_meta_title_alignment":"","neve_meta_author_avatar":"","neve_post_elements_order":"","neve_meta_disable_header":"","neve_meta_disable_footer":"","neve_meta_disable_title":"","footnotes":""},"class_list":["post-1048","page","type-page","status-publish","hentry"],"yoast_head":"<!-- This site is optimized with the Yoast SEO plugin v27.4 - https:\/\/yoast.com\/product\/yoast-seo-wordpress\/ -->\n<title>Die Mathe-Lernwerkstatt der M\u00fcnster-Mittelschule - M\u00fcnsterschule<\/title>\n<meta name=\"robots\" content=\"index, follow, max-snippet:-1, max-image-preview:large, max-video-preview:-1\" \/>\n<link rel=\"canonical\" href=\"https:\/\/www.muensterschule-hof.de\/wordpress\/die-mathe-lernwerkstatt-der-muenster-mittelschule\/\" \/>\n<meta property=\"og:locale\" content=\"de_DE\" \/>\n<meta property=\"og:type\" content=\"article\" \/>\n<meta property=\"og:title\" content=\"Die Mathe-Lernwerkstatt der M\u00fcnster-Mittelschule - M\u00fcnsterschule\" \/>\n<meta property=\"og:description\" content=\"Seit 2008 gibt es an der M\u00fcnster-Mittelschule eine Mathe-Lernwerkstatt. Sie teilt sich in drei Bereiche: Freiarbeitsmaterialien zu fast jedem mathematischen Thema des Lehrplans von der 4. bis zur 10. Jahrgangsstufe Quali-Training Spiele und Materialien zur Denkerziehung und Konzentration unabh\u00e4ngig zum Lehrplan Die Werkstatt ist nach den Prinzipien der P\u00e4dagogik Maria Montessori konzipiert und f\u00fcr alle&hellip;&nbsp;Weiterlesen &raquo;Die Mathe-Lernwerkstatt der M\u00fcnster-Mittelschule\" \/>\n<meta property=\"og:url\" content=\"https:\/\/www.muensterschule-hof.de\/wordpress\/die-mathe-lernwerkstatt-der-muenster-mittelschule\/\" \/>\n<meta property=\"og:site_name\" content=\"M\u00fcnsterschule\" \/>\n<meta property=\"og:image\" content=\"https:\/\/www.muensterschule-hof.de\/wordpress\/wp-content\/uploads\/2019\/04\/Lernwerkstatt-1-klein.png\" \/>\n<meta name=\"twitter:card\" content=\"summary_large_image\" \/>\n<meta name=\"twitter:label1\" content=\"Gesch\u00e4tzte Lesezeit\" \/>\n\t<meta name=\"twitter:data1\" content=\"1\u00a0Minute\" \/>\n<script type=\"application\/ld+json\" class=\"yoast-schema-graph\">{\"@context\":\"https:\\\/\\\/schema.org\",\"@graph\":[{\"@type\":\"WebPage\",\"@id\":\"https:\\\/\\\/www.muensterschule-hof.de\\\/wordpress\\\/die-mathe-lernwerkstatt-der-muenster-mittelschule\\\/\",\"url\":\"https:\\\/\\\/www.muensterschule-hof.de\\\/wordpress\\\/die-mathe-lernwerkstatt-der-muenster-mittelschule\\\/\",\"name\":\"Die Mathe-Lernwerkstatt der M\u00fcnster-Mittelschule - M\u00fcnsterschule\",\"isPartOf\":{\"@id\":\"https:\\\/\\\/www.muensterschule-hof.de\\\/wordpress\\\/#website\"},\"primaryImageOfPage\":{\"@id\":\"https:\\\/\\\/www.muensterschule-hof.de\\\/wordpress\\\/die-mathe-lernwerkstatt-der-muenster-mittelschule\\\/#primaryimage\"},\"image\":{\"@id\":\"https:\\\/\\\/www.muensterschule-hof.de\\\/wordpress\\\/die-mathe-lernwerkstatt-der-muenster-mittelschule\\\/#primaryimage\"},\"thumbnailUrl\":\"https:\\\/\\\/www.muensterschule-hof.de\\\/wordpress\\\/wp-content\\\/uploads\\\/2019\\\/04\\\/Lernwerkstatt-1-klein.png\",\"datePublished\":\"2019-05-01T17:41:12+00:00\",\"breadcrumb\":{\"@id\":\"https:\\\/\\\/www.muensterschule-hof.de\\\/wordpress\\\/die-mathe-lernwerkstatt-der-muenster-mittelschule\\\/#breadcrumb\"},\"inLanguage\":\"de\",\"potentialAction\":[{\"@type\":\"ReadAction\",\"target\":[\"https:\\\/\\\/www.muensterschule-hof.de\\\/wordpress\\\/die-mathe-lernwerkstatt-der-muenster-mittelschule\\\/\"]}]},{\"@type\":\"ImageObject\",\"inLanguage\":\"de\",\"@id\":\"https:\\\/\\\/www.muensterschule-hof.de\\\/wordpress\\\/die-mathe-lernwerkstatt-der-muenster-mittelschule\\\/#primaryimage\",\"url\":\"https:\\\/\\\/www.muensterschule-hof.de\\\/wordpress\\\/wp-content\\\/uploads\\\/2019\\\/04\\\/Lernwerkstatt-1-klein.png\",\"contentUrl\":\"https:\\\/\\\/www.muensterschule-hof.de\\\/wordpress\\\/wp-content\\\/uploads\\\/2019\\\/04\\\/Lernwerkstatt-1-klein.png\",\"width\":567,\"height\":427},{\"@type\":\"BreadcrumbList\",\"@id\":\"https:\\\/\\\/www.muensterschule-hof.de\\\/wordpress\\\/die-mathe-lernwerkstatt-der-muenster-mittelschule\\\/#breadcrumb\",\"itemListElement\":[{\"@type\":\"ListItem\",\"position\":1,\"name\":\"Startseite\",\"item\":\"https:\\\/\\\/www.muensterschule-hof.de\\\/wordpress\\\/\"},{\"@type\":\"ListItem\",\"position\":2,\"name\":\"Die Mathe-Lernwerkstatt der M\u00fcnster-Mittelschule\"}]},{\"@type\":\"WebSite\",\"@id\":\"https:\\\/\\\/www.muensterschule-hof.de\\\/wordpress\\\/#website\",\"url\":\"https:\\\/\\\/www.muensterschule-hof.de\\\/wordpress\\\/\",\"name\":\"M\u00fcnsterschule\",\"description\":\"Deine Mittelschule in Hof\",\"publisher\":{\"@id\":\"https:\\\/\\\/www.muensterschule-hof.de\\\/wordpress\\\/#organization\"},\"alternateName\":\"MMS Hof\",\"potentialAction\":[{\"@type\":\"SearchAction\",\"target\":{\"@type\":\"EntryPoint\",\"urlTemplate\":\"https:\\\/\\\/www.muensterschule-hof.de\\\/wordpress\\\/?s={search_term_string}\"},\"query-input\":{\"@type\":\"PropertyValueSpecification\",\"valueRequired\":true,\"valueName\":\"search_term_string\"}}],\"inLanguage\":\"de\"},{\"@type\":\"Organization\",\"@id\":\"https:\\\/\\\/www.muensterschule-hof.de\\\/wordpress\\\/#organization\",\"name\":\"M\u00fcnster-Mittelschule Hof\",\"alternateName\":\"MMS Hof\",\"url\":\"https:\\\/\\\/www.muensterschule-hof.de\\\/wordpress\\\/\",\"logo\":{\"@type\":\"ImageObject\",\"inLanguage\":\"de\",\"@id\":\"https:\\\/\\\/www.muensterschule-hof.de\\\/wordpress\\\/#\\\/schema\\\/logo\\\/image\\\/\",\"url\":\"https:\\\/\\\/www.muensterschule-hof.de\\\/wordpress\\\/wp-content\\\/uploads\\\/2018\\\/05\\\/cropped-MMS-Hof-final-1.png\",\"contentUrl\":\"https:\\\/\\\/www.muensterschule-hof.de\\\/wordpress\\\/wp-content\\\/uploads\\\/2018\\\/05\\\/cropped-MMS-Hof-final-1.png\",\"width\":512,\"height\":512,\"caption\":\"M\u00fcnster-Mittelschule Hof\"},\"image\":{\"@id\":\"https:\\\/\\\/www.muensterschule-hof.de\\\/wordpress\\\/#\\\/schema\\\/logo\\\/image\\\/\"}}]}<\/script>\n<!-- \/ Yoast SEO plugin. -->","yoast_head_json":{"title":"Die Mathe-Lernwerkstatt der M\u00fcnster-Mittelschule - M\u00fcnsterschule","robots":{"index":"index","follow":"follow","max-snippet":"max-snippet:-1","max-image-preview":"max-image-preview:large","max-video-preview":"max-video-preview:-1"},"canonical":"https:\/\/www.muensterschule-hof.de\/wordpress\/die-mathe-lernwerkstatt-der-muenster-mittelschule\/","og_locale":"de_DE","og_type":"article","og_title":"Die Mathe-Lernwerkstatt der M\u00fcnster-Mittelschule - M\u00fcnsterschule","og_description":"Seit 2008 gibt es an der M\u00fcnster-Mittelschule eine Mathe-Lernwerkstatt. Sie teilt sich in drei Bereiche: Freiarbeitsmaterialien zu fast jedem mathematischen Thema des Lehrplans von der 4. bis zur 10. Jahrgangsstufe Quali-Training Spiele und Materialien zur Denkerziehung und Konzentration unabh\u00e4ngig zum Lehrplan Die Werkstatt ist nach den Prinzipien der P\u00e4dagogik Maria Montessori konzipiert und f\u00fcr alle&hellip;&nbsp;Weiterlesen &raquo;Die Mathe-Lernwerkstatt der M\u00fcnster-Mittelschule","og_url":"https:\/\/www.muensterschule-hof.de\/wordpress\/die-mathe-lernwerkstatt-der-muenster-mittelschule\/","og_site_name":"M\u00fcnsterschule","og_image":[{"url":"https:\/\/www.muensterschule-hof.de\/wordpress\/wp-content\/uploads\/2019\/04\/Lernwerkstatt-1-klein.png","type":"","width":"","height":""}],"twitter_card":"summary_large_image","twitter_misc":{"Gesch\u00e4tzte Lesezeit":"1\u00a0Minute"},"schema":{"@context":"https:\/\/schema.org","@graph":[{"@type":"WebPage","@id":"https:\/\/www.muensterschule-hof.de\/wordpress\/die-mathe-lernwerkstatt-der-muenster-mittelschule\/","url":"https:\/\/www.muensterschule-hof.de\/wordpress\/die-mathe-lernwerkstatt-der-muenster-mittelschule\/","name":"Die Mathe-Lernwerkstatt der M\u00fcnster-Mittelschule - M\u00fcnsterschule","isPartOf":{"@id":"https:\/\/www.muensterschule-hof.de\/wordpress\/#website"},"primaryImageOfPage":{"@id":"https:\/\/www.muensterschule-hof.de\/wordpress\/die-mathe-lernwerkstatt-der-muenster-mittelschule\/#primaryimage"},"image":{"@id":"https:\/\/www.muensterschule-hof.de\/wordpress\/die-mathe-lernwerkstatt-der-muenster-mittelschule\/#primaryimage"},"thumbnailUrl":"https:\/\/www.muensterschule-hof.de\/wordpress\/wp-content\/uploads\/2019\/04\/Lernwerkstatt-1-klein.png","datePublished":"2019-05-01T17:41:12+00:00","breadcrumb":{"@id":"https:\/\/www.muensterschule-hof.de\/wordpress\/die-mathe-lernwerkstatt-der-muenster-mittelschule\/#breadcrumb"},"inLanguage":"de","potentialAction":[{"@type":"ReadAction","target":["https:\/\/www.muensterschule-hof.de\/wordpress\/die-mathe-lernwerkstatt-der-muenster-mittelschule\/"]}]},{"@type":"ImageObject","inLanguage":"de","@id":"https:\/\/www.muensterschule-hof.de\/wordpress\/die-mathe-lernwerkstatt-der-muenster-mittelschule\/#primaryimage","url":"https:\/\/www.muensterschule-hof.de\/wordpress\/wp-content\/uploads\/2019\/04\/Lernwerkstatt-1-klein.png","contentUrl":"https:\/\/www.muensterschule-hof.de\/wordpress\/wp-content\/uploads\/2019\/04\/Lernwerkstatt-1-klein.png","width":567,"height":427},{"@type":"BreadcrumbList","@id":"https:\/\/www.muensterschule-hof.de\/wordpress\/die-mathe-lernwerkstatt-der-muenster-mittelschule\/#breadcrumb","itemListElement":[{"@type":"ListItem","position":1,"name":"Startseite","item":"https:\/\/www.muensterschule-hof.de\/wordpress\/"},{"@type":"ListItem","position":2,"name":"Die Mathe-Lernwerkstatt der M\u00fcnster-Mittelschule"}]},{"@type":"WebSite","@id":"https:\/\/www.muensterschule-hof.de\/wordpress\/#website","url":"https:\/\/www.muensterschule-hof.de\/wordpress\/","name":"M\u00fcnsterschule","description":"Deine Mittelschule in Hof","publisher":{"@id":"https:\/\/www.muensterschule-hof.de\/wordpress\/#organization"},"alternateName":"MMS Hof","potentialAction":[{"@type":"SearchAction","target":{"@type":"EntryPoint","urlTemplate":"https:\/\/www.muensterschule-hof.de\/wordpress\/?s={search_term_string}"},"query-input":{"@type":"PropertyValueSpecification","valueRequired":true,"valueName":"search_term_string"}}],"inLanguage":"de"},{"@type":"Organization","@id":"https:\/\/www.muensterschule-hof.de\/wordpress\/#organization","name":"M\u00fcnster-Mittelschule Hof","alternateName":"MMS Hof","url":"https:\/\/www.muensterschule-hof.de\/wordpress\/","logo":{"@type":"ImageObject","inLanguage":"de","@id":"https:\/\/www.muensterschule-hof.de\/wordpress\/#\/schema\/logo\/image\/","url":"https:\/\/www.muensterschule-hof.de\/wordpress\/wp-content\/uploads\/2018\/05\/cropped-MMS-Hof-final-1.png","contentUrl":"https:\/\/www.muensterschule-hof.de\/wordpress\/wp-content\/uploads\/2018\/05\/cropped-MMS-Hof-final-1.png","width":512,"height":512,"caption":"M\u00fcnster-Mittelschule Hof"},"image":{"@id":"https:\/\/www.muensterschule-hof.de\/wordpress\/#\/schema\/logo\/image\/"}}]}},"_links":{"self":[{"href":"https:\/\/www.muensterschule-hof.de\/wordpress\/wp-json\/wp\/v2\/pages\/1048","targetHints":{"allow":["GET"]}}],"collection":[{"href":"https:\/\/www.muensterschule-hof.de\/wordpress\/wp-json\/wp\/v2\/pages"}],"about":[{"href":"https:\/\/www.muensterschule-hof.de\/wordpress\/wp-json\/wp\/v2\/types\/page"}],"author":[{"embeddable":true,"href":"https:\/\/www.muensterschule-hof.de\/wordpress\/wp-json\/wp\/v2\/users\/1"}],"replies":[{"embeddable":true,"href":"https:\/\/www.muensterschule-hof.de\/wordpress\/wp-json\/wp\/v2\/comments?post=1048"}],"version-history":[{"count":6,"href":"https:\/\/www.muensterschule-hof.de\/wordpress\/wp-json\/wp\/v2\/pages\/1048\/revisions"}],"predecessor-version":[{"id":1056,"href":"https:\/\/www.muensterschule-hof.de\/wordpress\/wp-json\/wp\/v2\/pages\/1048\/revisions\/1056"}],"wp:attachment":[{"href":"https:\/\/www.muensterschule-hof.de\/wordpress\/wp-json\/wp\/v2\/media?parent=1048"}],"curies":[{"name":"wp","href":"https:\/\/api.w.org\/{rel}","templated":true}]}}