{"id":1182,"date":"2019-11-01T10:43:27","date_gmt":"2019-11-01T10:43:27","guid":{"rendered":"http:\/\/www.muensterschule-hof.de\/wordpress\/?page_id=1182"},"modified":"2025-11-24T22:35:46","modified_gmt":"2025-11-24T22:35:46","slug":"beratungslehrerin","status":"publish","type":"page","link":"https:\/\/www.muensterschule-hof.de\/wordpress\/schule\/beratungslehrerin\/","title":{"rendered":"Schulberatung"},"content":{"rendered":"\n<div style=\"height:48px\" aria-hidden=\"true\" class=\"wp-block-spacer\"><\/div>\n\n\n\n<div class=\"wp-block-columns is-layout-flex wp-container-core-columns-is-layout-9d6595d7 wp-block-columns-is-layout-flex\">\n<div class=\"wp-block-column is-layout-flow wp-block-column-is-layout-flow\">\n<figure class=\"wp-block-image size-full\"><img loading=\"lazy\" decoding=\"async\" width=\"359\" height=\"462\" src=\"https:\/\/www.muensterschule-hof.de\/wordpress\/wp-content\/uploads\/2023\/10\/MicrosoftTeams-image-1-1.jpg\" alt=\"\" class=\"wp-image-2478\" srcset=\"https:\/\/www.muensterschule-hof.de\/wordpress\/wp-content\/uploads\/2023\/10\/MicrosoftTeams-image-1-1.jpg 359w, https:\/\/www.muensterschule-hof.de\/wordpress\/wp-content\/uploads\/2023\/10\/MicrosoftTeams-image-1-1-233x300.jpg 233w\" sizes=\"auto, (max-width: 359px) 100vw, 359px\" \/><\/figure>\n\n\n\n<p><strong>Sandra Marek<\/strong>&nbsp;(Beratungslehrerin)<\/p>\n\n\n\n<h3 class=\"wp-block-heading\">Anschrift:<\/h3>\n\n\n\n<p>M\u00fcnster Mittelschule Hof<br>Egerl\u00e4nderweg 25<br>95032 Hof<\/p>\n\n\n\n<h3 class=\"wp-block-heading\">Kontakt<\/h3>\n\n\n\n<p>Tel. 09281 839 199-0<br>Fax. 09281 839 199-25<br>E-Mail: verwaltung@muensterschule-hof.de<\/p>\n\n\n\n<p><strong>Die staatliche Schulberatungsstelle&nbsp;<\/strong><br><strong>f\u00fcr Oberfranken finden Sie hier:<\/strong><\/p>\n\n\n\n<p>Bahnhofsplatz 1a<br>95028 Hof<\/p>\n\n\n\n<p>Tel. 09281 140 036 0<\/p>\n\n\n\n<p><a href=\"https:\/\/www.km.bayern.de\/ministerium\/institutionen\/schulberatung.html\"><strong>Hier<\/strong>&nbsp;<\/a>kommen Sie zum Internetauftritt <br>der staaltlichen Schulberatung.<\/p>\n<\/div>\n\n\n\n<div class=\"wp-block-column is-layout-flow wp-block-column-is-layout-flow\">\n<h2 class=\"wp-block-heading\">Sandra Marek<\/h2>\n\n\n\n<p>Unsere Beratungslehrerin ist unter anderem f\u00fcr LRS Tests (Lese-Rechtschreibschw\u00e4che Test), IQ-Tests (Intelligenz Test), Schullaufbahnberatung und weitere Anliegen:<\/p>\n\n\n\n<ul class=\"wp-block-list\">\n<li>Schullaufbahnberatung<\/li>\n\n\n\n<li>(Teil)leistungsschw\u00e4chen diagnostizieren<\/li>\n\n\n\n<li>LRS<\/li>\n\n\n\n<li>Dyskalkulie<\/li>\n\n\n\n<li>Schulangst<\/li>\n\n\n\n<li>Begabungsdiagnostik<\/li>\n\n\n\n<li>Selbstkonzept und Motivation<\/li>\n\n\n\n<li>Konzentrationsschwierigkeiten<\/li>\n\n\n\n<li>Mobbing<\/li>\n\n\n\n<li>Kollegiale Beratung<\/li>\n\n\n\n<li>Beratung von Lehrkr\u00e4ften<\/li>\n<\/ul>\n\n\n\n<p>Sie k\u00f6nnen sich entweder an die staatliche Schulberatungsstelle in Hof oder an die zust\u00e4ndige Beratungslehrerin, Frau Sandra Marek, wenden. Die Beratung unterliegt stets der Schweigepflicht, au\u00dfer es liegt eine Entbindung gegen\u00fcber bestimmten Personen vor.<\/p>\n\n\n\n<figure class=\"wp-block-image size-full\"><img loading=\"lazy\" decoding=\"async\" width=\"862\" height=\"248\" src=\"https:\/\/www.muensterschule-hof.de\/wordpress\/wp-content\/uploads\/2025\/11\/Bildschirmfoto-2025-11-24-um-23.31.14.png\" alt=\"\" class=\"wp-image-4233\"\/><\/figure>\n<\/div>\n<\/div>\n\n\n\n<h2 class=\"wp-block-heading\">Dabei arbeite ich zusammen mit:<\/h2>\n\n\n\n<ul class=\"wp-block-list\">\n<li>der <strong>Staatlichen Schulberatungsstelle<\/strong> f\u00fcr Oberfranken:<\/li>\n<\/ul>\n\n\n\n<p class=\"has-text-align-center\">Frau Friederike Hofmann<br>Zentrale Beratungslehrkraft<br>Staatl. Schulberatungsstelle<br>Telefon: 09281-1400360<\/p>\n\n\n\n<p class=\"has-text-align-center\">E-Mail: friederike.hofmann@sb-ofr.de<\/p>\n\n\n\n<p class=\"has-text-align-center\">Montag\u00a0\u00a0\u00a0\u00a0\u00a0\u00a0\u00a0\u00a0\u00a0 08:00-13:00 Uhr<br>Dienstag \u00a0 \u00a0 \u00a0 \u00a008:30-12:00 Uhr<br>Mittwoch \u00a0 \u00a0 \u00a0\u00a0 08:00-13:00 Uhr<br><br><\/p>\n\n\n\n<ul class=\"wp-block-list\">\n<li>der <strong>Schulpsychologin<\/strong>:<\/li>\n<\/ul>\n\n\n\n<p class=\"has-text-align-center\">Frau Katja Plank<br>Zentrale Schulpsychologin<br>Staatl. Schulberatungsstelle<br>Telefon: 09281-1400360<\/p>\n\n\n\n<p class=\"has-text-align-center\">E-Mail: katja.plank@sb-ofr.de<\/p>\n\n\n\n<p class=\"has-text-align-center\">Montag\u00a0und Dienstag\u00a0\u00a0\u00a0\u00a0\u00a0\u00a0\u00a0\u00a0 13:00-15:30 Uhr<br>Mittwoch und Donnerstag \u00a0 \u00a0 \u00a0 \u00a009:00-15:00 Uhr<br>Freitag \u00a0 \u00a0 \u00a0\u00a0 08:30-12:00 Uhr<\/p>\n\n\n\n<ul class=\"wp-block-list\">\n<li>der <strong>Berufsberatung<\/strong>:<\/li>\n<\/ul>\n\n\n\n<p class=\"has-text-align-center\">Arbeitsamt Hof<br>\u00c4u\u00dfere Bayreuther St. 2<br>95032 Hof<br>Telefon: 0180-1555111<\/p>\n\n\n\n<ul class=\"wp-block-list\">\n<li>der <strong>Erziehungsberatung<\/strong>:<\/li>\n<\/ul>\n\n\n\n<p class=\"has-text-align-center\">Erziehungsberatungsstelle Hof Hof<br>Klostertor 2<br>95028 Hof<br>Telefon: 09281-837-200<\/p>\n\n\n\n<p class=\"has-text-align-center\">Montag &#8211; Donnerstag &nbsp;&nbsp;&nbsp;&nbsp;&nbsp;&nbsp;&nbsp;&nbsp; 08:00-17:00 Uhr<br>Freitag &nbsp; &nbsp; &nbsp; &nbsp; &nbsp; &nbsp; &nbsp; &nbsp; &nbsp; &nbsp; &nbsp; &nbsp; &nbsp; &nbsp; &nbsp; &nbsp; &nbsp;&nbsp; 08:00-12:00 Uhr<br>14:00-17:00 Uhr<\/p>\n\n\n\n<p>An der Staatlichen Schulberatungsstelle f\u00fcr Oberfranken stehen Ihnen die Schulpsychologen als Ansprechpartner zur Verf\u00fcgung.<\/p>\n\n\n\n<figure class=\"wp-block-embed\"><div class=\"wp-block-embed__wrapper\">\nhttps:\/\/www.regierung.oberfranken.bayern.de\/schulen\/schulberatung\/index.php\n<\/div><\/figure>\n\n\n\n<p><a href=\"https:\/\/www.muensterschule-hof.de\/wordpress\/wp-content\/uploads\/2022\/02\/STMUK_Das_bayerische_Schulsystem_2022_Digitaler_Versand_Kopie.pdf\">Flyer Das bayerische Schulsystem 2022<\/a><\/p>\n\n\n\n<p><span style=\"color: #ff0000;\"><a style=\"color: #ff0000;\" href=\"https:\/\/www.muensterschule-hof.de\/wordpress\/?page_id=64\">zur\u00fcck<\/a><\/span><\/p>\n","protected":false},"excerpt":{"rendered":"<p>Sandra Marek&nbsp;(Beratungslehrerin) Anschrift: M\u00fcnster Mittelschule HofEgerl\u00e4nderweg 2595032 Hof Kontakt Tel. 09281 839 199-0Fax. 09281 839 199-25E-Mail: verwaltung@muensterschule-hof.de Die staatliche Schulberatungsstelle&nbsp;f\u00fcr Oberfranken finden Sie hier: Bahnhofsplatz 1a95028 Hof Tel. 09281 140 036 0 Hier&nbsp;kommen Sie zum Internetauftritt der staaltlichen Schulberatung. Sandra Marek Unsere Beratungslehrerin ist unter anderem f\u00fcr LRS Tests (Lese-Rechtschreibschw\u00e4che Test), IQ-Tests (Intelligenz Test), Schullaufbahnberatung&hellip;&nbsp;<a href=\"https:\/\/www.muensterschule-hof.de\/wordpress\/schule\/beratungslehrerin\/\" rel=\"bookmark\">Weiterlesen &raquo;<span class=\"screen-reader-text\">Schulberatung<\/span><\/a><\/p>\n","protected":false},"author":1,"featured_media":0,"parent":64,"menu_order":0,"comment_status":"closed","ping_status":"closed","template":"","meta":{"neve_meta_sidebar":"","neve_meta_container":"","neve_meta_enable_content_width":"","neve_meta_content_width":0,"neve_meta_title_alignment":"","neve_meta_author_avatar":"","neve_post_elements_order":"","neve_meta_disable_header":"","neve_meta_disable_footer":"","neve_meta_disable_title":"","footnotes":""},"class_list":["post-1182","page","type-page","status-publish","hentry"],"yoast_head":"<!-- This site is optimized with the Yoast SEO plugin v27.4 - https:\/\/yoast.com\/product\/yoast-seo-wordpress\/ -->\n<title>Schulberatung - M\u00fcnsterschule<\/title>\n<meta name=\"robots\" content=\"index, follow, max-snippet:-1, max-image-preview:large, max-video-preview:-1\" \/>\n<link rel=\"canonical\" href=\"https:\/\/www.muensterschule-hof.de\/wordpress\/schule\/beratungslehrerin\/\" \/>\n<meta property=\"og:locale\" content=\"de_DE\" \/>\n<meta property=\"og:type\" content=\"article\" \/>\n<meta property=\"og:title\" content=\"Schulberatung - M\u00fcnsterschule\" \/>\n<meta property=\"og:description\" content=\"Sandra Marek&nbsp;(Beratungslehrerin) Anschrift: M\u00fcnster Mittelschule HofEgerl\u00e4nderweg 2595032 Hof Kontakt Tel. 09281 839 199-0Fax. 09281 839 199-25E-Mail: verwaltung@muensterschule-hof.de Die staatliche Schulberatungsstelle&nbsp;f\u00fcr Oberfranken finden Sie hier: Bahnhofsplatz 1a95028 Hof Tel. 09281 140 036 0 Hier&nbsp;kommen Sie zum Internetauftritt der staaltlichen Schulberatung. Sandra Marek Unsere Beratungslehrerin ist unter anderem f\u00fcr LRS Tests (Lese-Rechtschreibschw\u00e4che Test), IQ-Tests (Intelligenz Test), Schullaufbahnberatung&hellip;&nbsp;Weiterlesen &raquo;Schulberatung\" \/>\n<meta property=\"og:url\" content=\"https:\/\/www.muensterschule-hof.de\/wordpress\/schule\/beratungslehrerin\/\" \/>\n<meta property=\"og:site_name\" content=\"M\u00fcnsterschule\" \/>\n<meta property=\"article:modified_time\" content=\"2025-11-24T22:35:46+00:00\" \/>\n<meta property=\"og:image\" content=\"https:\/\/www.muensterschule-hof.de\/wordpress\/wp-content\/uploads\/2023\/10\/MicrosoftTeams-image-1-1.jpg\" \/>\n\t<meta property=\"og:image:width\" content=\"359\" \/>\n\t<meta property=\"og:image:height\" content=\"462\" \/>\n\t<meta property=\"og:image:type\" content=\"image\/jpeg\" \/>\n<meta name=\"twitter:card\" content=\"summary_large_image\" \/>\n<meta name=\"twitter:label1\" content=\"Gesch\u00e4tzte Lesezeit\" \/>\n\t<meta name=\"twitter:data1\" content=\"2\u00a0Minuten\" \/>\n<script type=\"application\/ld+json\" class=\"yoast-schema-graph\">{\"@context\":\"https:\\\/\\\/schema.org\",\"@graph\":[{\"@type\":\"WebPage\",\"@id\":\"https:\\\/\\\/www.muensterschule-hof.de\\\/wordpress\\\/schule\\\/beratungslehrerin\\\/\",\"url\":\"https:\\\/\\\/www.muensterschule-hof.de\\\/wordpress\\\/schule\\\/beratungslehrerin\\\/\",\"name\":\"Schulberatung - M\u00fcnsterschule\",\"isPartOf\":{\"@id\":\"https:\\\/\\\/www.muensterschule-hof.de\\\/wordpress\\\/#website\"},\"primaryImageOfPage\":{\"@id\":\"https:\\\/\\\/www.muensterschule-hof.de\\\/wordpress\\\/schule\\\/beratungslehrerin\\\/#primaryimage\"},\"image\":{\"@id\":\"https:\\\/\\\/www.muensterschule-hof.de\\\/wordpress\\\/schule\\\/beratungslehrerin\\\/#primaryimage\"},\"thumbnailUrl\":\"https:\\\/\\\/www.muensterschule-hof.de\\\/wordpress\\\/wp-content\\\/uploads\\\/2023\\\/10\\\/MicrosoftTeams-image-1-1.jpg\",\"datePublished\":\"2019-11-01T10:43:27+00:00\",\"dateModified\":\"2025-11-24T22:35:46+00:00\",\"breadcrumb\":{\"@id\":\"https:\\\/\\\/www.muensterschule-hof.de\\\/wordpress\\\/schule\\\/beratungslehrerin\\\/#breadcrumb\"},\"inLanguage\":\"de\",\"potentialAction\":[{\"@type\":\"ReadAction\",\"target\":[\"https:\\\/\\\/www.muensterschule-hof.de\\\/wordpress\\\/schule\\\/beratungslehrerin\\\/\"]}]},{\"@type\":\"ImageObject\",\"inLanguage\":\"de\",\"@id\":\"https:\\\/\\\/www.muensterschule-hof.de\\\/wordpress\\\/schule\\\/beratungslehrerin\\\/#primaryimage\",\"url\":\"https:\\\/\\\/www.muensterschule-hof.de\\\/wordpress\\\/wp-content\\\/uploads\\\/2023\\\/10\\\/MicrosoftTeams-image-1-1.jpg\",\"contentUrl\":\"https:\\\/\\\/www.muensterschule-hof.de\\\/wordpress\\\/wp-content\\\/uploads\\\/2023\\\/10\\\/MicrosoftTeams-image-1-1.jpg\",\"width\":359,\"height\":462},{\"@type\":\"BreadcrumbList\",\"@id\":\"https:\\\/\\\/www.muensterschule-hof.de\\\/wordpress\\\/schule\\\/beratungslehrerin\\\/#breadcrumb\",\"itemListElement\":[{\"@type\":\"ListItem\",\"position\":1,\"name\":\"Startseite\",\"item\":\"https:\\\/\\\/www.muensterschule-hof.de\\\/wordpress\\\/\"},{\"@type\":\"ListItem\",\"position\":2,\"name\":\"Schulfamilie\",\"item\":\"https:\\\/\\\/www.muensterschule-hof.de\\\/wordpress\\\/schule\\\/\"},{\"@type\":\"ListItem\",\"position\":3,\"name\":\"Schulberatung\"}]},{\"@type\":\"WebSite\",\"@id\":\"https:\\\/\\\/www.muensterschule-hof.de\\\/wordpress\\\/#website\",\"url\":\"https:\\\/\\\/www.muensterschule-hof.de\\\/wordpress\\\/\",\"name\":\"M\u00fcnsterschule\",\"description\":\"Deine Mittelschule in Hof\",\"publisher\":{\"@id\":\"https:\\\/\\\/www.muensterschule-hof.de\\\/wordpress\\\/#organization\"},\"alternateName\":\"MMS Hof\",\"potentialAction\":[{\"@type\":\"SearchAction\",\"target\":{\"@type\":\"EntryPoint\",\"urlTemplate\":\"https:\\\/\\\/www.muensterschule-hof.de\\\/wordpress\\\/?s={search_term_string}\"},\"query-input\":{\"@type\":\"PropertyValueSpecification\",\"valueRequired\":true,\"valueName\":\"search_term_string\"}}],\"inLanguage\":\"de\"},{\"@type\":\"Organization\",\"@id\":\"https:\\\/\\\/www.muensterschule-hof.de\\\/wordpress\\\/#organization\",\"name\":\"M\u00fcnster-Mittelschule Hof\",\"alternateName\":\"MMS Hof\",\"url\":\"https:\\\/\\\/www.muensterschule-hof.de\\\/wordpress\\\/\",\"logo\":{\"@type\":\"ImageObject\",\"inLanguage\":\"de\",\"@id\":\"https:\\\/\\\/www.muensterschule-hof.de\\\/wordpress\\\/#\\\/schema\\\/logo\\\/image\\\/\",\"url\":\"https:\\\/\\\/www.muensterschule-hof.de\\\/wordpress\\\/wp-content\\\/uploads\\\/2018\\\/05\\\/cropped-MMS-Hof-final-1.png\",\"contentUrl\":\"https:\\\/\\\/www.muensterschule-hof.de\\\/wordpress\\\/wp-content\\\/uploads\\\/2018\\\/05\\\/cropped-MMS-Hof-final-1.png\",\"width\":512,\"height\":512,\"caption\":\"M\u00fcnster-Mittelschule Hof\"},\"image\":{\"@id\":\"https:\\\/\\\/www.muensterschule-hof.de\\\/wordpress\\\/#\\\/schema\\\/logo\\\/image\\\/\"}}]}<\/script>\n<!-- \/ Yoast SEO plugin. -->","yoast_head_json":{"title":"Schulberatung - M\u00fcnsterschule","robots":{"index":"index","follow":"follow","max-snippet":"max-snippet:-1","max-image-preview":"max-image-preview:large","max-video-preview":"max-video-preview:-1"},"canonical":"https:\/\/www.muensterschule-hof.de\/wordpress\/schule\/beratungslehrerin\/","og_locale":"de_DE","og_type":"article","og_title":"Schulberatung - M\u00fcnsterschule","og_description":"Sandra Marek&nbsp;(Beratungslehrerin) Anschrift: M\u00fcnster Mittelschule HofEgerl\u00e4nderweg 2595032 Hof Kontakt Tel. 09281 839 199-0Fax. 09281 839 199-25E-Mail: verwaltung@muensterschule-hof.de Die staatliche Schulberatungsstelle&nbsp;f\u00fcr Oberfranken finden Sie hier: Bahnhofsplatz 1a95028 Hof Tel. 09281 140 036 0 Hier&nbsp;kommen Sie zum Internetauftritt der staaltlichen Schulberatung. Sandra Marek Unsere Beratungslehrerin ist unter anderem f\u00fcr LRS Tests (Lese-Rechtschreibschw\u00e4che Test), IQ-Tests (Intelligenz Test), Schullaufbahnberatung&hellip;&nbsp;Weiterlesen &raquo;Schulberatung","og_url":"https:\/\/www.muensterschule-hof.de\/wordpress\/schule\/beratungslehrerin\/","og_site_name":"M\u00fcnsterschule","article_modified_time":"2025-11-24T22:35:46+00:00","og_image":[{"width":359,"height":462,"url":"https:\/\/www.muensterschule-hof.de\/wordpress\/wp-content\/uploads\/2023\/10\/MicrosoftTeams-image-1-1.jpg","type":"image\/jpeg"}],"twitter_card":"summary_large_image","twitter_misc":{"Gesch\u00e4tzte Lesezeit":"2\u00a0Minuten"},"schema":{"@context":"https:\/\/schema.org","@graph":[{"@type":"WebPage","@id":"https:\/\/www.muensterschule-hof.de\/wordpress\/schule\/beratungslehrerin\/","url":"https:\/\/www.muensterschule-hof.de\/wordpress\/schule\/beratungslehrerin\/","name":"Schulberatung - M\u00fcnsterschule","isPartOf":{"@id":"https:\/\/www.muensterschule-hof.de\/wordpress\/#website"},"primaryImageOfPage":{"@id":"https:\/\/www.muensterschule-hof.de\/wordpress\/schule\/beratungslehrerin\/#primaryimage"},"image":{"@id":"https:\/\/www.muensterschule-hof.de\/wordpress\/schule\/beratungslehrerin\/#primaryimage"},"thumbnailUrl":"https:\/\/www.muensterschule-hof.de\/wordpress\/wp-content\/uploads\/2023\/10\/MicrosoftTeams-image-1-1.jpg","datePublished":"2019-11-01T10:43:27+00:00","dateModified":"2025-11-24T22:35:46+00:00","breadcrumb":{"@id":"https:\/\/www.muensterschule-hof.de\/wordpress\/schule\/beratungslehrerin\/#breadcrumb"},"inLanguage":"de","potentialAction":[{"@type":"ReadAction","target":["https:\/\/www.muensterschule-hof.de\/wordpress\/schule\/beratungslehrerin\/"]}]},{"@type":"ImageObject","inLanguage":"de","@id":"https:\/\/www.muensterschule-hof.de\/wordpress\/schule\/beratungslehrerin\/#primaryimage","url":"https:\/\/www.muensterschule-hof.de\/wordpress\/wp-content\/uploads\/2023\/10\/MicrosoftTeams-image-1-1.jpg","contentUrl":"https:\/\/www.muensterschule-hof.de\/wordpress\/wp-content\/uploads\/2023\/10\/MicrosoftTeams-image-1-1.jpg","width":359,"height":462},{"@type":"BreadcrumbList","@id":"https:\/\/www.muensterschule-hof.de\/wordpress\/schule\/beratungslehrerin\/#breadcrumb","itemListElement":[{"@type":"ListItem","position":1,"name":"Startseite","item":"https:\/\/www.muensterschule-hof.de\/wordpress\/"},{"@type":"ListItem","position":2,"name":"Schulfamilie","item":"https:\/\/www.muensterschule-hof.de\/wordpress\/schule\/"},{"@type":"ListItem","position":3,"name":"Schulberatung"}]},{"@type":"WebSite","@id":"https:\/\/www.muensterschule-hof.de\/wordpress\/#website","url":"https:\/\/www.muensterschule-hof.de\/wordpress\/","name":"M\u00fcnsterschule","description":"Deine Mittelschule in Hof","publisher":{"@id":"https:\/\/www.muensterschule-hof.de\/wordpress\/#organization"},"alternateName":"MMS Hof","potentialAction":[{"@type":"SearchAction","target":{"@type":"EntryPoint","urlTemplate":"https:\/\/www.muensterschule-hof.de\/wordpress\/?s={search_term_string}"},"query-input":{"@type":"PropertyValueSpecification","valueRequired":true,"valueName":"search_term_string"}}],"inLanguage":"de"},{"@type":"Organization","@id":"https:\/\/www.muensterschule-hof.de\/wordpress\/#organization","name":"M\u00fcnster-Mittelschule Hof","alternateName":"MMS Hof","url":"https:\/\/www.muensterschule-hof.de\/wordpress\/","logo":{"@type":"ImageObject","inLanguage":"de","@id":"https:\/\/www.muensterschule-hof.de\/wordpress\/#\/schema\/logo\/image\/","url":"https:\/\/www.muensterschule-hof.de\/wordpress\/wp-content\/uploads\/2018\/05\/cropped-MMS-Hof-final-1.png","contentUrl":"https:\/\/www.muensterschule-hof.de\/wordpress\/wp-content\/uploads\/2018\/05\/cropped-MMS-Hof-final-1.png","width":512,"height":512,"caption":"M\u00fcnster-Mittelschule Hof"},"image":{"@id":"https:\/\/www.muensterschule-hof.de\/wordpress\/#\/schema\/logo\/image\/"}}]}},"_links":{"self":[{"href":"https:\/\/www.muensterschule-hof.de\/wordpress\/wp-json\/wp\/v2\/pages\/1182","targetHints":{"allow":["GET"]}}],"collection":[{"href":"https:\/\/www.muensterschule-hof.de\/wordpress\/wp-json\/wp\/v2\/pages"}],"about":[{"href":"https:\/\/www.muensterschule-hof.de\/wordpress\/wp-json\/wp\/v2\/types\/page"}],"author":[{"embeddable":true,"href":"https:\/\/www.muensterschule-hof.de\/wordpress\/wp-json\/wp\/v2\/users\/1"}],"replies":[{"embeddable":true,"href":"https:\/\/www.muensterschule-hof.de\/wordpress\/wp-json\/wp\/v2\/comments?post=1182"}],"version-history":[{"count":15,"href":"https:\/\/www.muensterschule-hof.de\/wordpress\/wp-json\/wp\/v2\/pages\/1182\/revisions"}],"predecessor-version":[{"id":4236,"href":"https:\/\/www.muensterschule-hof.de\/wordpress\/wp-json\/wp\/v2\/pages\/1182\/revisions\/4236"}],"up":[{"embeddable":true,"href":"https:\/\/www.muensterschule-hof.de\/wordpress\/wp-json\/wp\/v2\/pages\/64"}],"wp:attachment":[{"href":"https:\/\/www.muensterschule-hof.de\/wordpress\/wp-json\/wp\/v2\/media?parent=1182"}],"curies":[{"name":"wp","href":"https:\/\/api.w.org\/{rel}","templated":true}]}}