{"id":1905,"date":"2022-07-12T19:49:51","date_gmt":"2022-07-12T19:49:51","guid":{"rendered":"http:\/\/www.muensterschule-hof.de\/wordpress\/?page_id=1905"},"modified":"2025-07-26T21:53:53","modified_gmt":"2025-07-26T21:53:53","slug":"kreativklasse-7a","status":"publish","type":"page","link":"https:\/\/www.muensterschule-hof.de\/wordpress\/schule\/kreativklasse-7a\/","title":{"rendered":"Kreativklassen 7\/8\/9"},"content":{"rendered":"<p style=\"text-align: center;\">Schwerpunkte:<\/p>\n<p style=\"text-align: center;\">St\u00e4rkung von Selbstbewusstsein und gutes pr\u00e4sentes Auftreten, guter Umgang mit Sprache und<br \/>Arbeiten im Team, Gelerntes auch praktisch anwenden.<\/p>\n<p style=\"text-align: center;\"><span style=\"color: #339966;\"><strong>Aktionen der Kreativklassen im Schuljahr 2024\/2025<\/strong><\/span><\/p>\n<p><strong>Juli 2025<\/strong><\/p>\n<p class=\"blog-entry-title entry-title\"><span style=\"color: #339966;\"><a style=\"color: #339966;\" href=\"https:\/\/www.muensterschule-hof.de\/wordpress\/erster-mathe-day-der-klasse-7a-im-jugendzentrum-q\/\" rel=\"bookmark\">Erster Mathe-Day der Klasse 7a im Jugendzentrum Q<\/a><\/span><\/p>\n<p><strong>Juni 2025<\/strong><\/p>\n<p class=\"blog-entry-title entry-title\"><span style=\"color: #339966;\"><a style=\"color: #339966;\" href=\"https:\/\/www.muensterschule-hof.de\/wordpress\/ausflug-der-klasse-7a-in-den-hofer-zoo-ein-tierisches-erlebnis\/\" rel=\"bookmark\">Ausflug der Klasse 7a in den Hofer Zoo \u2013 ein tierisches Erlebnis<\/a><\/span><\/p>\n<p><strong>Mai 2025\u00a0<\/strong><\/p>\n<p>&#8211;<\/p>\n<p><strong>April 2025<\/strong><\/p>\n<p class=\"blog-entry-title entry-title\"><span style=\"color: #339966;\"><a style=\"color: #339966;\" href=\"https:\/\/www.muensterschule-hof.de\/wordpress\/ramadama-im-bahnhofsviertel-klasse-7a-packt-an-fuer-eine-saubere-stadt\/\" rel=\"bookmark\">Ramadama im Bahnhofsviertel: Klasse 7a packt an f\u00fcr eine saubere Stadt<\/a><\/span><\/p>\n<p><strong>M\u00e4rz 2025<\/strong><\/p>\n<p>&#8211;<\/p>\n<p><strong>Februar 2025<\/strong><\/p>\n<p class=\"blog-entry-title entry-title\"><span style=\"color: #339966;\"><a style=\"color: #339966;\" href=\"https:\/\/www.muensterschule-hof.de\/wordpress\/postkarten-fuer-das-haus-kamilla\/\" rel=\"bookmark\">Postkarten f\u00fcr das Haus Kamilla<\/a><\/span><\/p>\n<p><strong>Januar 2025<\/strong><\/p>\n<p class=\"blog-entry-title entry-title\"><span style=\"color: #339966;\"><a style=\"color: #339966;\" href=\"https:\/\/www.muensterschule-hof.de\/wordpress\/kreatives-upcycling-schuelerinnen-und-schueler-der-klasse-7b-bauen-murmelbahnen-aus-verpackungsmaterial\/\" rel=\"bookmark\">Kreatives Upcycling: Sch\u00fclerinnen und Sch\u00fcler der Klasse 7a bauen Murmelbahnen aus Verpackungsmaterial<\/a><\/span><\/p>\n<p><strong>Dezember 2024<\/strong><\/p>\n<p class=\"blog-entry-title entry-title\"><span style=\"color: #339966;\"><a style=\"color: #339966;\" href=\"https:\/\/www.muensterschule-hof.de\/wordpress\/handgemachtes-auf-dem-weihnachtsmarkt-der-weihnachtsmarktstand-der-8a-und-9a\/\" rel=\"bookmark\">Handgemachtes auf dem Weihnachtsmarkt: Der Weihnachtsmarktstand der 8a und 9a<\/a><\/span><\/p>\n<p class=\"blog-entry-title entry-title\"><span style=\"color: #339966;\"><a style=\"color: #339966;\" href=\"https:\/\/www.muensterschule-hof.de\/wordpress\/weihnachtsbasteln-mit-dem-azv-hof-kreatives-upcycling-mit-den-klassen-6b-7a-und-9b\/\" rel=\"bookmark\">Weihnachtsbasteln mit dem AZV Hof \u2013 Kreatives Upcycling mit den Klassen 6b, 7a und 9b<\/a><\/span><\/p>\n<p class=\"blog-entry-title entry-title\"><span style=\"color: #339966;\"><a style=\"color: #339966;\" href=\"https:\/\/www.muensterschule-hof.de\/wordpress\/weihnachtliche-kreativitaet-in-der-7a-basteln-von-weihnachtssternen\/\" rel=\"bookmark\">Weihnachtliche Kreativit\u00e4t in der 7a: Basteln von Weihnachtssternen<\/a><\/span><\/p>\n<p class=\"blog-entry-title entry-title\"><span style=\"color: #339966;\"><a style=\"color: #339966;\" href=\"https:\/\/www.muensterschule-hof.de\/wordpress\/klasse-7a-verbreitet-weihnachtsfreude-im-haus-kamilla\/\" rel=\"bookmark\">Klasse 7a verbreitet Weihnachtsfreude im Haus Kamilla<\/a><\/span><\/p>\n<p><strong>November 2024<\/strong><\/p>\n<p><span style=\"color: #339966;\"><a style=\"color: #339966;\" href=\"https:\/\/www.muensterschule-hof.de\/wordpress\/upschalten-ein-theaterstueck-fuer-die-energiewende\/\">\u201eUpschalten\u201c \u2013 ein Theaterst\u00fcck f\u00fcr die Energiewende\u00a0<\/a><\/span><\/p>\n<p><strong>Oktober 2024\u00a0<\/strong><\/p>\n<p><span style=\"color: #339966;\"><a style=\"color: #339966;\" href=\"https:\/\/www.muensterschule-hof.de\/wordpress\/halloween-stunde-in-der-daz-gruppe-7a-kreatives-kuerbisschnitzen\/\">Halloween-Stunde in der DaZ-Gruppe (7a): Kreatives K\u00fcrbisschnitzen\u00a0<\/a><\/span><\/p>\n<p><strong>September 2024<\/strong><\/p>\n<p><span style=\"color: #339966;\"><a style=\"color: #339966;\" href=\"https:\/\/www.muensterschule-hof.de\/wordpress\/streetart-aktion-der-kreativklasse-7a-kunstprojekt-am-bahnhof\/\">Street-Art-Aktion der Kreativklasse 7a: Kunstprojekt am Bahnhof\u00a0<\/a><\/span><\/p>\n<p><span style=\"color: #339966;\"><a style=\"color: #339966;\" href=\"https:\/\/www.muensterschule-hof.de\/wordpress\/gemeinsam-stark-sozialtraining-der-klasse-7a-am-wandertag\/\">Gemeinsam stark: Sozialtraining der Klasse 7a am Wandertag\u00a0<\/a><\/span><\/p>\n<p style=\"text-align: center;\"><strong><span style=\"color: #339966;\">Aktionen der Kreativklasse 9a im Schuljahr 2023\/2024<\/span><\/strong><\/p>\n<p><span style=\"color: #339966;\"><a style=\"color: #339966;\" href=\"https:\/\/www.muensterschule-hof.de\/wordpress\/schueler-sind-kreativ-fuer-junge-patienten\/\">Sch\u00fcler sind kreativ f\u00fcr junge Patienten\u00a0<\/a><\/span><\/p>\n<p><span style=\"color: #339966;\"><a style=\"color: #339966;\" href=\"https:\/\/www.muensterschule-hof.de\/wordpress\/mathenachhilfe-in-vielen-sprachen\/\">Mathenachhilfe in vielen Sprachen <\/a><\/span><\/p>\n<p><span style=\"color: #339966;\"><a style=\"color: #339966;\" href=\"https:\/\/www.muensterschule-hof.de\/wordpress\/eine-etwas-andere-pruefungsvorbereitung\/\">Eine etwas andere Pr\u00fcfungsvorbereitung \u2026<\/a><\/span><\/p>\n<p><span style=\"color: #339966;\"><a style=\"color: #339966;\" href=\"https:\/\/www.muensterschule-hof.de\/wordpress\/der-tag-vor-dem-ersten-schriftlichen-quali-also-raus-aus-dem-schulhaus\/\">Der Tag vor dem ersten schriftlichen Quali &#8211; also raus aus dem Schulhaus\u00a0<\/a><\/span><\/p>\n<p><span style=\"color: #339966;\"><a style=\"color: #339966;\" href=\"https:\/\/www.muensterschule-hof.de\/wordpress\/mathe-im-gelaende-wir-konstruieren-vielecke\/\">Mathe im Gel\u00e4nde &#8211; wir konstruieren Vielecke<\/a><\/span><\/p>\n<p style=\"text-align: center;\"><span style=\"color: #339966;\"><strong><span style=\"color: #339966;\">Aktionen der Kreativklasse 8a im Schuljah<\/span>r 2022\/2023<\/strong><\/span><\/p>\n<p>Weihnachtsaktion am Bahnhof<br \/><a href=\"https:\/\/www.muensterschule-hof.de\/wordpress\/wp-content\/uploads\/2023\/01\/WichtelVomBahnhof.jpg\"><img loading=\"lazy\" decoding=\"async\" class=\"alignnone  wp-image-2163\" src=\"https:\/\/www.muensterschule-hof.de\/wordpress\/wp-content\/uploads\/2023\/01\/WichtelVomBahnhof.jpg\" alt=\"\" width=\"565\" height=\"399\" srcset=\"https:\/\/www.muensterschule-hof.de\/wordpress\/wp-content\/uploads\/2023\/01\/WichtelVomBahnhof.jpg 1030w, https:\/\/www.muensterschule-hof.de\/wordpress\/wp-content\/uploads\/2023\/01\/WichtelVomBahnhof-300x212.jpg 300w, https:\/\/www.muensterschule-hof.de\/wordpress\/wp-content\/uploads\/2023\/01\/WichtelVomBahnhof-1024x724.jpg 1024w, https:\/\/www.muensterschule-hof.de\/wordpress\/wp-content\/uploads\/2023\/01\/WichtelVomBahnhof-655x463.jpg 655w\" sizes=\"auto, (max-width: 565px) 100vw, 565px\" \/><\/a><\/p>\n<p style=\"text-align: center;\"><span style=\"color: #339966;\"><strong>Aktionen der Kreativklasse 7a im Schuljahr 2021\/2022<\/strong><\/span><\/p>\n<p><strong>Sept. &#8211; Okt.:<\/strong><\/p>\n<p><a href=\"https:\/\/www.muensterschule-hof.de\/wordpress\/?page_id=1910&amp;preview=true\"><span style=\"color: #339966;\">K\u00f6rpersprache &#8211; Gef\u00fchle und Beziehungen an Gestik erkennen<\/span><\/a><\/p>\n<p><strong>September:<\/strong><\/p>\n<p><span style=\"color: #339966;\"><a style=\"color: #339966;\" href=\"https:\/\/www.muensterschule-hof.de\/wordpress\/?page_id=2030\">Theaterf\u00fchrung<\/a><\/span><\/p>\n<p><strong>Oktober:<\/strong><\/p>\n<p><span style=\"color: #99cc00;\"><a style=\"color: #99cc00;\" href=\"https:\/\/www.muensterschule-hof.de\/wordpress\/?page_id=1928&amp;preview=true\"><span style=\"color: #339966;\">AZV (Abfallzweckverband) &#8211; Papiersch\u00f6pfen<\/span><\/a><\/span><\/p>\n<p><strong>November:<\/strong><\/p>\n<p><span style=\"color: #339966;\"><a style=\"color: #339966;\" href=\"https:\/\/www.muensterschule-hof.de\/wordpress\/?page_id=1936\">Sprache &#8211; ein Wort\/ein Satz und verschiedene Bedeutungen<\/a><\/span><\/p>\n<p>Teilnahme am Malwettbewerb des Rundfunkorchesters M\u00fcnchen \u201eDer kleine Prinz\u201c<\/p>\n<p><span style=\"color: #339966;\"><a style=\"color: #339966;\" href=\"https:\/\/www.muensterschule-hof.de\/wordpress\/?page_id=1940\">&#8222;Vorlesen will gelernt sein&#8220; &#8211; bundesweiter Vorlesetag<\/a><\/span><\/p>\n<p><span style=\"color: #339966;\"><a style=\"color: #339966;\" href=\"https:\/\/www.muensterschule-hof.de\/wordpress\/?page_id=1944\">Besuch einer Theaterprobe \u201eDer kleine Muck\u201c<\/a><\/span><\/p>\n<p><strong>Dezember:<\/strong><\/p>\n<p><span style=\"color: #339966;\"><a style=\"color: #339966;\" href=\"https:\/\/www.muensterschule-hof.de\/wordpress\/?page_id=1949\">AZV Weihnachtsbasteln \u2013 Weihnachtsaufh\u00e4nger aus Altpapier<\/a><\/span><\/p>\n<p><span style=\"color: #339966;\"><a style=\"color: #339966;\" href=\"https:\/\/www.muensterschule-hof.de\/wordpress\/?page_id=1960\">H\u00f6rspielszenen f\u00fcr die Deutschklasse <\/a><\/span><\/p>\n<p><strong>Jan. &#8211; M\u00e4rz:<\/strong><\/p>\n<p><span style=\"color: #339966;\"><a style=\"color: #339966;\" href=\"https:\/\/www.muensterschule-hof.de\/wordpress\/?page_id=1976\">Stimm- und Sprechtraining<\/a><\/span><\/p>\n<p><strong>Januar:<\/strong><\/p>\n<p><span style=\"color: #008000;\"><a style=\"color: #008000;\" href=\"https:\/\/www.muensterschule-hof.de\/wordpress\/?page_id=1979\"><span style=\"color: #339966;\">Zuarbeit zur \u201eGedenkveranstaltung zur Befreiung des KZ Ausschwitz\u201c in der Christuskirche<\/span> <\/a><\/span><\/p>\n<p><strong>M\u00e4rz:<\/strong><\/p>\n<p><span style=\"color: #339966;\"><a style=\"color: #339966;\" href=\"https:\/\/www.muensterschule-hof.de\/wordpress\/?page_id=1982\">LKW-Laden \u2013 Hilfe f\u00fcr die Ukraine <\/a><\/span><\/p>\n<p><strong>April:<\/strong><\/p>\n<p><span style=\"color: #339966;\"><a style=\"color: #339966;\" href=\"https:\/\/www.muensterschule-hof.de\/wordpress\/?page_id=1990\">Graffitispray<\/a><\/span><\/p>\n<p><strong>April &#8211; Juli:<\/strong><\/p>\n<p><span style=\"color: #339966;\"><a style=\"color: #339966;\" href=\"https:\/\/www.muensterschule-hof.de\/wordpress\/?page_id=1997\">Szenenentwicklung<\/a><\/span><\/p>\n<p><strong>Mai:<\/strong><\/p>\n<p><span style=\"color: #339966;\"><a style=\"color: #339966;\" href=\"https:\/\/www.muensterschule-hof.de\/wordpress\/?page_id=2000\">Radioworkshop mit Akim Sch\u00f6del von Radio Galaxy <\/a><\/span><\/p>\n<p><strong>Juni:<\/strong><\/p>\n<p><span style=\"color: #339966;\"><a style=\"color: #339966;\" href=\"https:\/\/www.muensterschule-hof.de\/wordpress\/?page_id=2010\">Sonderausstellung \u201eTechnikland \u2013 auf Tour\u201c im Museum Bay. Vogtland in Hof <\/a><\/span><\/p>\n<p><strong>Juli:<\/strong><\/p>\n<p><span style=\"color: #339966;\"><a style=\"color: #339966;\" href=\"https:\/\/www.muensterschule-hof.de\/wordpress\/?page_id=2015\">Workshop mit dem Theater Hof <\/a><\/span><\/p>\n<p>Einen Tag in einer sozialen Einrichtung erleben: Caritas-Altenheim, Bahnhosmission, Migrationsdienst, Kindergarten St. Konrad<\/p>\n<p style=\"text-align: center;\"><span style=\"color: #339966;\">Aktionen, die<strong> ganzj\u00e4hrig w\u00f6chentlich <\/strong>stattgefunden haben<\/span><\/p>\n<p><span style=\"color: #339966;\"><a style=\"color: #339966;\" href=\"https:\/\/www.muensterschule-hof.de\/wordpress\/?page_id=2020\">Sozialtraining<\/a><\/span><\/p>\n<p><span style=\"color: #339966;\"><a style=\"color: #339966;\" href=\"https:\/\/www.muensterschule-hof.de\/wordpress\/?page_id=2025\">Mathe im Freien<\/a><\/span><\/p>\n\n\n<p><\/p>\n","protected":false},"excerpt":{"rendered":"<p>Schwerpunkte: St\u00e4rkung von Selbstbewusstsein und gutes pr\u00e4sentes Auftreten, guter Umgang mit Sprache undArbeiten im Team, Gelerntes auch praktisch anwenden. Aktionen der Kreativklassen im Schuljahr 2024\/2025 Juli 2025 Erster Mathe-Day der Klasse 7a im Jugendzentrum Q Juni 2025 Ausflug der Klasse 7a in den Hofer Zoo \u2013 ein tierisches Erlebnis Mai 2025\u00a0 &#8211; April 2025 Ramadama&hellip;&nbsp;<a href=\"https:\/\/www.muensterschule-hof.de\/wordpress\/schule\/kreativklasse-7a\/\" rel=\"bookmark\">Weiterlesen &raquo;<span class=\"screen-reader-text\">Kreativklassen 7\/8\/9<\/span><\/a><\/p>\n","protected":false},"author":1,"featured_media":0,"parent":64,"menu_order":0,"comment_status":"closed","ping_status":"closed","template":"","meta":{"neve_meta_sidebar":"","neve_meta_container":"","neve_meta_enable_content_width":"","neve_meta_content_width":0,"neve_meta_title_alignment":"","neve_meta_author_avatar":"","neve_post_elements_order":"","neve_meta_disable_header":"","neve_meta_disable_footer":"","neve_meta_disable_title":"","footnotes":""},"class_list":["post-1905","page","type-page","status-publish","hentry"],"yoast_head":"<!-- This site is optimized with the Yoast SEO plugin v27.4 - https:\/\/yoast.com\/product\/yoast-seo-wordpress\/ -->\n<title>Kreativklassen 7\/8\/9 - M\u00fcnsterschule<\/title>\n<meta name=\"robots\" content=\"index, follow, max-snippet:-1, max-image-preview:large, max-video-preview:-1\" \/>\n<link rel=\"canonical\" href=\"https:\/\/www.muensterschule-hof.de\/wordpress\/schule\/kreativklasse-7a\/\" \/>\n<meta property=\"og:locale\" content=\"de_DE\" \/>\n<meta property=\"og:type\" content=\"article\" \/>\n<meta property=\"og:title\" content=\"Kreativklassen 7\/8\/9 - M\u00fcnsterschule\" \/>\n<meta property=\"og:description\" content=\"Schwerpunkte: St\u00e4rkung von Selbstbewusstsein und gutes pr\u00e4sentes Auftreten, guter Umgang mit Sprache undArbeiten im Team, Gelerntes auch praktisch anwenden. Aktionen der Kreativklassen im Schuljahr 2024\/2025 Juli 2025 Erster Mathe-Day der Klasse 7a im Jugendzentrum Q Juni 2025 Ausflug der Klasse 7a in den Hofer Zoo \u2013 ein tierisches Erlebnis Mai 2025\u00a0 &#8211; April 2025 Ramadama&hellip;&nbsp;Weiterlesen &raquo;Kreativklassen 7\/8\/9\" \/>\n<meta property=\"og:url\" content=\"https:\/\/www.muensterschule-hof.de\/wordpress\/schule\/kreativklasse-7a\/\" \/>\n<meta property=\"og:site_name\" content=\"M\u00fcnsterschule\" \/>\n<meta property=\"article:modified_time\" content=\"2025-07-26T21:53:53+00:00\" \/>\n<meta property=\"og:image\" content=\"https:\/\/www.muensterschule-hof.de\/wordpress\/wp-content\/uploads\/2023\/01\/WichtelVomBahnhof.jpg\" \/>\n\t<meta property=\"og:image:width\" content=\"1030\" \/>\n\t<meta property=\"og:image:height\" content=\"728\" \/>\n\t<meta property=\"og:image:type\" content=\"image\/jpeg\" \/>\n<meta name=\"twitter:card\" content=\"summary_large_image\" \/>\n<meta name=\"twitter:label1\" content=\"Gesch\u00e4tzte Lesezeit\" \/>\n\t<meta name=\"twitter:data1\" content=\"2\u00a0Minuten\" \/>\n<script type=\"application\/ld+json\" class=\"yoast-schema-graph\">{\"@context\":\"https:\\\/\\\/schema.org\",\"@graph\":[{\"@type\":\"WebPage\",\"@id\":\"https:\\\/\\\/www.muensterschule-hof.de\\\/wordpress\\\/schule\\\/kreativklasse-7a\\\/\",\"url\":\"https:\\\/\\\/www.muensterschule-hof.de\\\/wordpress\\\/schule\\\/kreativklasse-7a\\\/\",\"name\":\"Kreativklassen 7\\\/8\\\/9 - M\u00fcnsterschule\",\"isPartOf\":{\"@id\":\"https:\\\/\\\/www.muensterschule-hof.de\\\/wordpress\\\/#website\"},\"primaryImageOfPage\":{\"@id\":\"https:\\\/\\\/www.muensterschule-hof.de\\\/wordpress\\\/schule\\\/kreativklasse-7a\\\/#primaryimage\"},\"image\":{\"@id\":\"https:\\\/\\\/www.muensterschule-hof.de\\\/wordpress\\\/schule\\\/kreativklasse-7a\\\/#primaryimage\"},\"thumbnailUrl\":\"https:\\\/\\\/www.muensterschule-hof.de\\\/wordpress\\\/wp-content\\\/uploads\\\/2023\\\/01\\\/WichtelVomBahnhof.jpg\",\"datePublished\":\"2022-07-12T19:49:51+00:00\",\"dateModified\":\"2025-07-26T21:53:53+00:00\",\"breadcrumb\":{\"@id\":\"https:\\\/\\\/www.muensterschule-hof.de\\\/wordpress\\\/schule\\\/kreativklasse-7a\\\/#breadcrumb\"},\"inLanguage\":\"de\",\"potentialAction\":[{\"@type\":\"ReadAction\",\"target\":[\"https:\\\/\\\/www.muensterschule-hof.de\\\/wordpress\\\/schule\\\/kreativklasse-7a\\\/\"]}]},{\"@type\":\"ImageObject\",\"inLanguage\":\"de\",\"@id\":\"https:\\\/\\\/www.muensterschule-hof.de\\\/wordpress\\\/schule\\\/kreativklasse-7a\\\/#primaryimage\",\"url\":\"https:\\\/\\\/www.muensterschule-hof.de\\\/wordpress\\\/wp-content\\\/uploads\\\/2023\\\/01\\\/WichtelVomBahnhof.jpg\",\"contentUrl\":\"https:\\\/\\\/www.muensterschule-hof.de\\\/wordpress\\\/wp-content\\\/uploads\\\/2023\\\/01\\\/WichtelVomBahnhof.jpg\"},{\"@type\":\"BreadcrumbList\",\"@id\":\"https:\\\/\\\/www.muensterschule-hof.de\\\/wordpress\\\/schule\\\/kreativklasse-7a\\\/#breadcrumb\",\"itemListElement\":[{\"@type\":\"ListItem\",\"position\":1,\"name\":\"Startseite\",\"item\":\"https:\\\/\\\/www.muensterschule-hof.de\\\/wordpress\\\/\"},{\"@type\":\"ListItem\",\"position\":2,\"name\":\"Schulfamilie\",\"item\":\"https:\\\/\\\/www.muensterschule-hof.de\\\/wordpress\\\/schule\\\/\"},{\"@type\":\"ListItem\",\"position\":3,\"name\":\"Kreativklassen 7\\\/8\\\/9\"}]},{\"@type\":\"WebSite\",\"@id\":\"https:\\\/\\\/www.muensterschule-hof.de\\\/wordpress\\\/#website\",\"url\":\"https:\\\/\\\/www.muensterschule-hof.de\\\/wordpress\\\/\",\"name\":\"M\u00fcnsterschule\",\"description\":\"Deine Mittelschule in Hof\",\"publisher\":{\"@id\":\"https:\\\/\\\/www.muensterschule-hof.de\\\/wordpress\\\/#organization\"},\"alternateName\":\"MMS Hof\",\"potentialAction\":[{\"@type\":\"SearchAction\",\"target\":{\"@type\":\"EntryPoint\",\"urlTemplate\":\"https:\\\/\\\/www.muensterschule-hof.de\\\/wordpress\\\/?s={search_term_string}\"},\"query-input\":{\"@type\":\"PropertyValueSpecification\",\"valueRequired\":true,\"valueName\":\"search_term_string\"}}],\"inLanguage\":\"de\"},{\"@type\":\"Organization\",\"@id\":\"https:\\\/\\\/www.muensterschule-hof.de\\\/wordpress\\\/#organization\",\"name\":\"M\u00fcnster-Mittelschule Hof\",\"alternateName\":\"MMS Hof\",\"url\":\"https:\\\/\\\/www.muensterschule-hof.de\\\/wordpress\\\/\",\"logo\":{\"@type\":\"ImageObject\",\"inLanguage\":\"de\",\"@id\":\"https:\\\/\\\/www.muensterschule-hof.de\\\/wordpress\\\/#\\\/schema\\\/logo\\\/image\\\/\",\"url\":\"https:\\\/\\\/www.muensterschule-hof.de\\\/wordpress\\\/wp-content\\\/uploads\\\/2018\\\/05\\\/cropped-MMS-Hof-final-1.png\",\"contentUrl\":\"https:\\\/\\\/www.muensterschule-hof.de\\\/wordpress\\\/wp-content\\\/uploads\\\/2018\\\/05\\\/cropped-MMS-Hof-final-1.png\",\"width\":512,\"height\":512,\"caption\":\"M\u00fcnster-Mittelschule Hof\"},\"image\":{\"@id\":\"https:\\\/\\\/www.muensterschule-hof.de\\\/wordpress\\\/#\\\/schema\\\/logo\\\/image\\\/\"}}]}<\/script>\n<!-- \/ Yoast SEO plugin. -->","yoast_head_json":{"title":"Kreativklassen 7\/8\/9 - M\u00fcnsterschule","robots":{"index":"index","follow":"follow","max-snippet":"max-snippet:-1","max-image-preview":"max-image-preview:large","max-video-preview":"max-video-preview:-1"},"canonical":"https:\/\/www.muensterschule-hof.de\/wordpress\/schule\/kreativklasse-7a\/","og_locale":"de_DE","og_type":"article","og_title":"Kreativklassen 7\/8\/9 - M\u00fcnsterschule","og_description":"Schwerpunkte: St\u00e4rkung von Selbstbewusstsein und gutes pr\u00e4sentes Auftreten, guter Umgang mit Sprache undArbeiten im Team, Gelerntes auch praktisch anwenden. Aktionen der Kreativklassen im Schuljahr 2024\/2025 Juli 2025 Erster Mathe-Day der Klasse 7a im Jugendzentrum Q Juni 2025 Ausflug der Klasse 7a in den Hofer Zoo \u2013 ein tierisches Erlebnis Mai 2025\u00a0 &#8211; April 2025 Ramadama&hellip;&nbsp;Weiterlesen &raquo;Kreativklassen 7\/8\/9","og_url":"https:\/\/www.muensterschule-hof.de\/wordpress\/schule\/kreativklasse-7a\/","og_site_name":"M\u00fcnsterschule","article_modified_time":"2025-07-26T21:53:53+00:00","og_image":[{"width":1030,"height":728,"url":"https:\/\/www.muensterschule-hof.de\/wordpress\/wp-content\/uploads\/2023\/01\/WichtelVomBahnhof.jpg","type":"image\/jpeg"}],"twitter_card":"summary_large_image","twitter_misc":{"Gesch\u00e4tzte Lesezeit":"2\u00a0Minuten"},"schema":{"@context":"https:\/\/schema.org","@graph":[{"@type":"WebPage","@id":"https:\/\/www.muensterschule-hof.de\/wordpress\/schule\/kreativklasse-7a\/","url":"https:\/\/www.muensterschule-hof.de\/wordpress\/schule\/kreativklasse-7a\/","name":"Kreativklassen 7\/8\/9 - M\u00fcnsterschule","isPartOf":{"@id":"https:\/\/www.muensterschule-hof.de\/wordpress\/#website"},"primaryImageOfPage":{"@id":"https:\/\/www.muensterschule-hof.de\/wordpress\/schule\/kreativklasse-7a\/#primaryimage"},"image":{"@id":"https:\/\/www.muensterschule-hof.de\/wordpress\/schule\/kreativklasse-7a\/#primaryimage"},"thumbnailUrl":"https:\/\/www.muensterschule-hof.de\/wordpress\/wp-content\/uploads\/2023\/01\/WichtelVomBahnhof.jpg","datePublished":"2022-07-12T19:49:51+00:00","dateModified":"2025-07-26T21:53:53+00:00","breadcrumb":{"@id":"https:\/\/www.muensterschule-hof.de\/wordpress\/schule\/kreativklasse-7a\/#breadcrumb"},"inLanguage":"de","potentialAction":[{"@type":"ReadAction","target":["https:\/\/www.muensterschule-hof.de\/wordpress\/schule\/kreativklasse-7a\/"]}]},{"@type":"ImageObject","inLanguage":"de","@id":"https:\/\/www.muensterschule-hof.de\/wordpress\/schule\/kreativklasse-7a\/#primaryimage","url":"https:\/\/www.muensterschule-hof.de\/wordpress\/wp-content\/uploads\/2023\/01\/WichtelVomBahnhof.jpg","contentUrl":"https:\/\/www.muensterschule-hof.de\/wordpress\/wp-content\/uploads\/2023\/01\/WichtelVomBahnhof.jpg"},{"@type":"BreadcrumbList","@id":"https:\/\/www.muensterschule-hof.de\/wordpress\/schule\/kreativklasse-7a\/#breadcrumb","itemListElement":[{"@type":"ListItem","position":1,"name":"Startseite","item":"https:\/\/www.muensterschule-hof.de\/wordpress\/"},{"@type":"ListItem","position":2,"name":"Schulfamilie","item":"https:\/\/www.muensterschule-hof.de\/wordpress\/schule\/"},{"@type":"ListItem","position":3,"name":"Kreativklassen 7\/8\/9"}]},{"@type":"WebSite","@id":"https:\/\/www.muensterschule-hof.de\/wordpress\/#website","url":"https:\/\/www.muensterschule-hof.de\/wordpress\/","name":"M\u00fcnsterschule","description":"Deine Mittelschule in Hof","publisher":{"@id":"https:\/\/www.muensterschule-hof.de\/wordpress\/#organization"},"alternateName":"MMS Hof","potentialAction":[{"@type":"SearchAction","target":{"@type":"EntryPoint","urlTemplate":"https:\/\/www.muensterschule-hof.de\/wordpress\/?s={search_term_string}"},"query-input":{"@type":"PropertyValueSpecification","valueRequired":true,"valueName":"search_term_string"}}],"inLanguage":"de"},{"@type":"Organization","@id":"https:\/\/www.muensterschule-hof.de\/wordpress\/#organization","name":"M\u00fcnster-Mittelschule Hof","alternateName":"MMS Hof","url":"https:\/\/www.muensterschule-hof.de\/wordpress\/","logo":{"@type":"ImageObject","inLanguage":"de","@id":"https:\/\/www.muensterschule-hof.de\/wordpress\/#\/schema\/logo\/image\/","url":"https:\/\/www.muensterschule-hof.de\/wordpress\/wp-content\/uploads\/2018\/05\/cropped-MMS-Hof-final-1.png","contentUrl":"https:\/\/www.muensterschule-hof.de\/wordpress\/wp-content\/uploads\/2018\/05\/cropped-MMS-Hof-final-1.png","width":512,"height":512,"caption":"M\u00fcnster-Mittelschule Hof"},"image":{"@id":"https:\/\/www.muensterschule-hof.de\/wordpress\/#\/schema\/logo\/image\/"}}]}},"_links":{"self":[{"href":"https:\/\/www.muensterschule-hof.de\/wordpress\/wp-json\/wp\/v2\/pages\/1905","targetHints":{"allow":["GET"]}}],"collection":[{"href":"https:\/\/www.muensterschule-hof.de\/wordpress\/wp-json\/wp\/v2\/pages"}],"about":[{"href":"https:\/\/www.muensterschule-hof.de\/wordpress\/wp-json\/wp\/v2\/types\/page"}],"author":[{"embeddable":true,"href":"https:\/\/www.muensterschule-hof.de\/wordpress\/wp-json\/wp\/v2\/users\/1"}],"replies":[{"embeddable":true,"href":"https:\/\/www.muensterschule-hof.de\/wordpress\/wp-json\/wp\/v2\/comments?post=1905"}],"version-history":[{"count":39,"href":"https:\/\/www.muensterschule-hof.de\/wordpress\/wp-json\/wp\/v2\/pages\/1905\/revisions"}],"predecessor-version":[{"id":4083,"href":"https:\/\/www.muensterschule-hof.de\/wordpress\/wp-json\/wp\/v2\/pages\/1905\/revisions\/4083"}],"up":[{"embeddable":true,"href":"https:\/\/www.muensterschule-hof.de\/wordpress\/wp-json\/wp\/v2\/pages\/64"}],"wp:attachment":[{"href":"https:\/\/www.muensterschule-hof.de\/wordpress\/wp-json\/wp\/v2\/media?parent=1905"}],"curies":[{"name":"wp","href":"https:\/\/api.w.org\/{rel}","templated":true}]}}