{"id":1936,"date":"2022-07-13T17:18:03","date_gmt":"2022-07-13T17:18:03","guid":{"rendered":"http:\/\/www.muensterschule-hof.de\/wordpress\/?page_id=1936"},"modified":"2022-07-13T17:18:03","modified_gmt":"2022-07-13T17:18:03","slug":"sprache-ein-wort-ein-satz-und-verschiedene-bedeutungen","status":"publish","type":"page","link":"https:\/\/www.muensterschule-hof.de\/wordpress\/schule\/kreativklasse-7a\/sprache-ein-wort-ein-satz-und-verschiedene-bedeutungen\/","title":{"rendered":"Sprache \u2013 ein Wort\/ein Satz und verschiedene Bedeutungen"},"content":{"rendered":"<p>Wie unterschiedlich kann ein Satz klingen? Wie viel unterschiedliche Gef\u00fchle kann er bei mir als H\u00f6rer hervorrufen?<\/p>\n<p>Wir haben ge\u00fcbt genau hinzuh\u00f6ren, wie genau klingen Gef\u00fchle, warum klingen sie so und was \u00e4ndert sich, wenn ich lauter, leiser, h\u00e4rter, sanfter, gezielt zum anderen rede oder an ihm vorbei.<\/p>\n<p>Zwei \u00dcbungen:<\/p>\n<p>&#8211; \u201eSprich den Kosennamen \u201eBlaugr\u00fcner Glubschaugenfrosch\u201c liebevoll, w\u00fctend, abwertend.\u201c<\/p>\n<p>&#8211; \u201eDu w\u00e4scht die schmutzige W\u00e4sche.\u201c \u2013 \u201eNein du.\u201c<\/p>\n","protected":false},"excerpt":{"rendered":"<p>Wie unterschiedlich kann ein Satz klingen? Wie viel unterschiedliche Gef\u00fchle kann er bei mir als H\u00f6rer hervorrufen? Wir haben ge\u00fcbt genau hinzuh\u00f6ren, wie genau klingen Gef\u00fchle, warum klingen sie so und was \u00e4ndert sich, wenn ich lauter, leiser, h\u00e4rter, sanfter, gezielt zum anderen rede oder an ihm vorbei. Zwei \u00dcbungen: &#8211; \u201eSprich den Kosennamen \u201eBlaugr\u00fcner&hellip;&nbsp;<a href=\"https:\/\/www.muensterschule-hof.de\/wordpress\/schule\/kreativklasse-7a\/sprache-ein-wort-ein-satz-und-verschiedene-bedeutungen\/\" rel=\"bookmark\">Weiterlesen &raquo;<span class=\"screen-reader-text\">Sprache \u2013 ein Wort\/ein Satz und verschiedene Bedeutungen<\/span><\/a><\/p>\n","protected":false},"author":1,"featured_media":0,"parent":1905,"menu_order":0,"comment_status":"closed","ping_status":"closed","template":"","meta":{"neve_meta_sidebar":"","neve_meta_container":"","neve_meta_enable_content_width":"","neve_meta_content_width":0,"neve_meta_title_alignment":"","neve_meta_author_avatar":"","neve_post_elements_order":"","neve_meta_disable_header":"","neve_meta_disable_footer":"","neve_meta_disable_title":"","footnotes":""},"class_list":["post-1936","page","type-page","status-publish","hentry"],"yoast_head":"<!-- This site is optimized with the Yoast SEO plugin v27.3 - https:\/\/yoast.com\/product\/yoast-seo-wordpress\/ -->\n<title>Sprache \u2013 ein Wort\/ein Satz und verschiedene Bedeutungen - M\u00fcnsterschule<\/title>\n<meta name=\"robots\" content=\"index, follow, max-snippet:-1, max-image-preview:large, max-video-preview:-1\" \/>\n<link rel=\"canonical\" href=\"https:\/\/www.muensterschule-hof.de\/wordpress\/schule\/kreativklasse-7a\/sprache-ein-wort-ein-satz-und-verschiedene-bedeutungen\/\" \/>\n<meta property=\"og:locale\" content=\"de_DE\" \/>\n<meta property=\"og:type\" content=\"article\" \/>\n<meta property=\"og:title\" content=\"Sprache \u2013 ein Wort\/ein Satz und verschiedene Bedeutungen - M\u00fcnsterschule\" \/>\n<meta property=\"og:description\" content=\"Wie unterschiedlich kann ein Satz klingen? Wie viel unterschiedliche Gef\u00fchle kann er bei mir als H\u00f6rer hervorrufen? Wir haben ge\u00fcbt genau hinzuh\u00f6ren, wie genau klingen Gef\u00fchle, warum klingen sie so und was \u00e4ndert sich, wenn ich lauter, leiser, h\u00e4rter, sanfter, gezielt zum anderen rede oder an ihm vorbei. Zwei \u00dcbungen: &#8211; \u201eSprich den Kosennamen \u201eBlaugr\u00fcner&hellip;&nbsp;Weiterlesen &raquo;Sprache \u2013 ein Wort\/ein Satz und verschiedene Bedeutungen\" \/>\n<meta property=\"og:url\" content=\"https:\/\/www.muensterschule-hof.de\/wordpress\/schule\/kreativklasse-7a\/sprache-ein-wort-ein-satz-und-verschiedene-bedeutungen\/\" \/>\n<meta property=\"og:site_name\" content=\"M\u00fcnsterschule\" \/>\n<meta property=\"og:image\" content=\"https:\/\/www.muensterschule-hof.de\/wordpress\/wp-content\/uploads\/2018\/05\/cropped-MMS-Hof-final.png\" \/>\n\t<meta property=\"og:image:width\" content=\"200\" \/>\n\t<meta property=\"og:image:height\" content=\"141\" \/>\n\t<meta property=\"og:image:type\" content=\"image\/png\" \/>\n<meta name=\"twitter:card\" content=\"summary_large_image\" \/>\n<script type=\"application\/ld+json\" class=\"yoast-schema-graph\">{\"@context\":\"https:\\\/\\\/schema.org\",\"@graph\":[{\"@type\":\"WebPage\",\"@id\":\"https:\\\/\\\/www.muensterschule-hof.de\\\/wordpress\\\/schule\\\/kreativklasse-7a\\\/sprache-ein-wort-ein-satz-und-verschiedene-bedeutungen\\\/\",\"url\":\"https:\\\/\\\/www.muensterschule-hof.de\\\/wordpress\\\/schule\\\/kreativklasse-7a\\\/sprache-ein-wort-ein-satz-und-verschiedene-bedeutungen\\\/\",\"name\":\"Sprache \u2013 ein Wort\\\/ein Satz und verschiedene Bedeutungen - M\u00fcnsterschule\",\"isPartOf\":{\"@id\":\"https:\\\/\\\/www.muensterschule-hof.de\\\/wordpress\\\/#website\"},\"datePublished\":\"2022-07-13T17:18:03+00:00\",\"breadcrumb\":{\"@id\":\"https:\\\/\\\/www.muensterschule-hof.de\\\/wordpress\\\/schule\\\/kreativklasse-7a\\\/sprache-ein-wort-ein-satz-und-verschiedene-bedeutungen\\\/#breadcrumb\"},\"inLanguage\":\"de\",\"potentialAction\":[{\"@type\":\"ReadAction\",\"target\":[\"https:\\\/\\\/www.muensterschule-hof.de\\\/wordpress\\\/schule\\\/kreativklasse-7a\\\/sprache-ein-wort-ein-satz-und-verschiedene-bedeutungen\\\/\"]}]},{\"@type\":\"BreadcrumbList\",\"@id\":\"https:\\\/\\\/www.muensterschule-hof.de\\\/wordpress\\\/schule\\\/kreativklasse-7a\\\/sprache-ein-wort-ein-satz-und-verschiedene-bedeutungen\\\/#breadcrumb\",\"itemListElement\":[{\"@type\":\"ListItem\",\"position\":1,\"name\":\"Startseite\",\"item\":\"https:\\\/\\\/www.muensterschule-hof.de\\\/wordpress\\\/\"},{\"@type\":\"ListItem\",\"position\":2,\"name\":\"Schulfamilie\",\"item\":\"https:\\\/\\\/www.muensterschule-hof.de\\\/wordpress\\\/schule\\\/\"},{\"@type\":\"ListItem\",\"position\":3,\"name\":\"Kreativklassen 7\\\/8\\\/9\",\"item\":\"https:\\\/\\\/www.muensterschule-hof.de\\\/wordpress\\\/schule\\\/kreativklasse-7a\\\/\"},{\"@type\":\"ListItem\",\"position\":4,\"name\":\"Sprache \u2013 ein Wort\\\/ein Satz und verschiedene Bedeutungen\"}]},{\"@type\":\"WebSite\",\"@id\":\"https:\\\/\\\/www.muensterschule-hof.de\\\/wordpress\\\/#website\",\"url\":\"https:\\\/\\\/www.muensterschule-hof.de\\\/wordpress\\\/\",\"name\":\"M\u00fcnsterschule\",\"description\":\"Deine Mittelschule in Hof\",\"publisher\":{\"@id\":\"https:\\\/\\\/www.muensterschule-hof.de\\\/wordpress\\\/#organization\"},\"alternateName\":\"MMS Hof\",\"potentialAction\":[{\"@type\":\"SearchAction\",\"target\":{\"@type\":\"EntryPoint\",\"urlTemplate\":\"https:\\\/\\\/www.muensterschule-hof.de\\\/wordpress\\\/?s={search_term_string}\"},\"query-input\":{\"@type\":\"PropertyValueSpecification\",\"valueRequired\":true,\"valueName\":\"search_term_string\"}}],\"inLanguage\":\"de\"},{\"@type\":\"Organization\",\"@id\":\"https:\\\/\\\/www.muensterschule-hof.de\\\/wordpress\\\/#organization\",\"name\":\"M\u00fcnster-Mittelschule Hof\",\"alternateName\":\"MMS Hof\",\"url\":\"https:\\\/\\\/www.muensterschule-hof.de\\\/wordpress\\\/\",\"logo\":{\"@type\":\"ImageObject\",\"inLanguage\":\"de\",\"@id\":\"https:\\\/\\\/www.muensterschule-hof.de\\\/wordpress\\\/#\\\/schema\\\/logo\\\/image\\\/\",\"url\":\"https:\\\/\\\/www.muensterschule-hof.de\\\/wordpress\\\/wp-content\\\/uploads\\\/2018\\\/05\\\/cropped-MMS-Hof-final-1.png\",\"contentUrl\":\"https:\\\/\\\/www.muensterschule-hof.de\\\/wordpress\\\/wp-content\\\/uploads\\\/2018\\\/05\\\/cropped-MMS-Hof-final-1.png\",\"width\":512,\"height\":512,\"caption\":\"M\u00fcnster-Mittelschule Hof\"},\"image\":{\"@id\":\"https:\\\/\\\/www.muensterschule-hof.de\\\/wordpress\\\/#\\\/schema\\\/logo\\\/image\\\/\"}}]}<\/script>\n<!-- \/ Yoast SEO plugin. -->","yoast_head_json":{"title":"Sprache \u2013 ein Wort\/ein Satz und verschiedene Bedeutungen - M\u00fcnsterschule","robots":{"index":"index","follow":"follow","max-snippet":"max-snippet:-1","max-image-preview":"max-image-preview:large","max-video-preview":"max-video-preview:-1"},"canonical":"https:\/\/www.muensterschule-hof.de\/wordpress\/schule\/kreativklasse-7a\/sprache-ein-wort-ein-satz-und-verschiedene-bedeutungen\/","og_locale":"de_DE","og_type":"article","og_title":"Sprache \u2013 ein Wort\/ein Satz und verschiedene Bedeutungen - M\u00fcnsterschule","og_description":"Wie unterschiedlich kann ein Satz klingen? Wie viel unterschiedliche Gef\u00fchle kann er bei mir als H\u00f6rer hervorrufen? Wir haben ge\u00fcbt genau hinzuh\u00f6ren, wie genau klingen Gef\u00fchle, warum klingen sie so und was \u00e4ndert sich, wenn ich lauter, leiser, h\u00e4rter, sanfter, gezielt zum anderen rede oder an ihm vorbei. Zwei \u00dcbungen: &#8211; \u201eSprich den Kosennamen \u201eBlaugr\u00fcner&hellip;&nbsp;Weiterlesen &raquo;Sprache \u2013 ein Wort\/ein Satz und verschiedene Bedeutungen","og_url":"https:\/\/www.muensterschule-hof.de\/wordpress\/schule\/kreativklasse-7a\/sprache-ein-wort-ein-satz-und-verschiedene-bedeutungen\/","og_site_name":"M\u00fcnsterschule","og_image":[{"width":200,"height":141,"url":"https:\/\/www.muensterschule-hof.de\/wordpress\/wp-content\/uploads\/2018\/05\/cropped-MMS-Hof-final.png","type":"image\/png"}],"twitter_card":"summary_large_image","schema":{"@context":"https:\/\/schema.org","@graph":[{"@type":"WebPage","@id":"https:\/\/www.muensterschule-hof.de\/wordpress\/schule\/kreativklasse-7a\/sprache-ein-wort-ein-satz-und-verschiedene-bedeutungen\/","url":"https:\/\/www.muensterschule-hof.de\/wordpress\/schule\/kreativklasse-7a\/sprache-ein-wort-ein-satz-und-verschiedene-bedeutungen\/","name":"Sprache \u2013 ein Wort\/ein Satz und verschiedene Bedeutungen - M\u00fcnsterschule","isPartOf":{"@id":"https:\/\/www.muensterschule-hof.de\/wordpress\/#website"},"datePublished":"2022-07-13T17:18:03+00:00","breadcrumb":{"@id":"https:\/\/www.muensterschule-hof.de\/wordpress\/schule\/kreativklasse-7a\/sprache-ein-wort-ein-satz-und-verschiedene-bedeutungen\/#breadcrumb"},"inLanguage":"de","potentialAction":[{"@type":"ReadAction","target":["https:\/\/www.muensterschule-hof.de\/wordpress\/schule\/kreativklasse-7a\/sprache-ein-wort-ein-satz-und-verschiedene-bedeutungen\/"]}]},{"@type":"BreadcrumbList","@id":"https:\/\/www.muensterschule-hof.de\/wordpress\/schule\/kreativklasse-7a\/sprache-ein-wort-ein-satz-und-verschiedene-bedeutungen\/#breadcrumb","itemListElement":[{"@type":"ListItem","position":1,"name":"Startseite","item":"https:\/\/www.muensterschule-hof.de\/wordpress\/"},{"@type":"ListItem","position":2,"name":"Schulfamilie","item":"https:\/\/www.muensterschule-hof.de\/wordpress\/schule\/"},{"@type":"ListItem","position":3,"name":"Kreativklassen 7\/8\/9","item":"https:\/\/www.muensterschule-hof.de\/wordpress\/schule\/kreativklasse-7a\/"},{"@type":"ListItem","position":4,"name":"Sprache \u2013 ein Wort\/ein Satz und verschiedene Bedeutungen"}]},{"@type":"WebSite","@id":"https:\/\/www.muensterschule-hof.de\/wordpress\/#website","url":"https:\/\/www.muensterschule-hof.de\/wordpress\/","name":"M\u00fcnsterschule","description":"Deine Mittelschule in Hof","publisher":{"@id":"https:\/\/www.muensterschule-hof.de\/wordpress\/#organization"},"alternateName":"MMS Hof","potentialAction":[{"@type":"SearchAction","target":{"@type":"EntryPoint","urlTemplate":"https:\/\/www.muensterschule-hof.de\/wordpress\/?s={search_term_string}"},"query-input":{"@type":"PropertyValueSpecification","valueRequired":true,"valueName":"search_term_string"}}],"inLanguage":"de"},{"@type":"Organization","@id":"https:\/\/www.muensterschule-hof.de\/wordpress\/#organization","name":"M\u00fcnster-Mittelschule Hof","alternateName":"MMS Hof","url":"https:\/\/www.muensterschule-hof.de\/wordpress\/","logo":{"@type":"ImageObject","inLanguage":"de","@id":"https:\/\/www.muensterschule-hof.de\/wordpress\/#\/schema\/logo\/image\/","url":"https:\/\/www.muensterschule-hof.de\/wordpress\/wp-content\/uploads\/2018\/05\/cropped-MMS-Hof-final-1.png","contentUrl":"https:\/\/www.muensterschule-hof.de\/wordpress\/wp-content\/uploads\/2018\/05\/cropped-MMS-Hof-final-1.png","width":512,"height":512,"caption":"M\u00fcnster-Mittelschule Hof"},"image":{"@id":"https:\/\/www.muensterschule-hof.de\/wordpress\/#\/schema\/logo\/image\/"}}]}},"_links":{"self":[{"href":"https:\/\/www.muensterschule-hof.de\/wordpress\/wp-json\/wp\/v2\/pages\/1936","targetHints":{"allow":["GET"]}}],"collection":[{"href":"https:\/\/www.muensterschule-hof.de\/wordpress\/wp-json\/wp\/v2\/pages"}],"about":[{"href":"https:\/\/www.muensterschule-hof.de\/wordpress\/wp-json\/wp\/v2\/types\/page"}],"author":[{"embeddable":true,"href":"https:\/\/www.muensterschule-hof.de\/wordpress\/wp-json\/wp\/v2\/users\/1"}],"replies":[{"embeddable":true,"href":"https:\/\/www.muensterschule-hof.de\/wordpress\/wp-json\/wp\/v2\/comments?post=1936"}],"version-history":[{"count":1,"href":"https:\/\/www.muensterschule-hof.de\/wordpress\/wp-json\/wp\/v2\/pages\/1936\/revisions"}],"predecessor-version":[{"id":1937,"href":"https:\/\/www.muensterschule-hof.de\/wordpress\/wp-json\/wp\/v2\/pages\/1936\/revisions\/1937"}],"up":[{"embeddable":true,"href":"https:\/\/www.muensterschule-hof.de\/wordpress\/wp-json\/wp\/v2\/pages\/1905"}],"wp:attachment":[{"href":"https:\/\/www.muensterschule-hof.de\/wordpress\/wp-json\/wp\/v2\/media?parent=1936"}],"curies":[{"name":"wp","href":"https:\/\/api.w.org\/{rel}","templated":true}]}}