{"id":1940,"date":"2022-07-13T17:20:38","date_gmt":"2022-07-13T17:20:38","guid":{"rendered":"http:\/\/www.muensterschule-hof.de\/wordpress\/?page_id=1940"},"modified":"2022-07-13T17:20:38","modified_gmt":"2022-07-13T17:20:38","slug":"vorlesen-will-gelernt-sein-bundesweiter-vorlesetag","status":"publish","type":"page","link":"https:\/\/www.muensterschule-hof.de\/wordpress\/schule\/kreativklasse-7a\/vorlesen-will-gelernt-sein-bundesweiter-vorlesetag\/","title":{"rendered":"\u201eVorlesen will gelernt sein\u201c \u2013 bundesweiter Vorlesetag"},"content":{"rendered":"<p>Geplant war ein Vorlesetag im Kindergarten St. Konrad, bei dem in allen Gruppen entsprechend dem Alter der Kinder Geschichten vorgelesen werden sollten<em>. <\/em>In 2-4er Gruppen entschieden sich die Sch\u00fclerInnen f\u00fcr ein Buch, w\u00e4hlten daraus Geschichten und teilten sie nach eigenen Vorstellungen untereinander auf. Herauskam eine recht unterschiedliche Mischung: jeder liest eine Geschichte, mehrere VorleserInnen wechseln sich innerhalb der Geschichte ab, Erz\u00e4hler und w\u00f6rtliche Rede sind je auf einen Sch\u00fclerIn aufgeteilt. Nun ging es daran, sich zu \u00fcberlegen, welche Stimmung in den jeweiligen Texten r\u00fcbergebracht werden muss und wie man abwechslungsreich, sinngebend und spannenden liest: Wo muss ich leise oder lauter, langsamer oder schneller sprechen? Wo muss ich eine Pause machen, damit es verst\u00e4ndlich und spannend wird? Welche Stimmh\u00f6he soll die Person haben, damit die H\u00f6rer sie besser unterscheiden k\u00f6nnen? Die vielen Probestunden haben sich gelohnt: Das Ergebnis konnte sich von allen Gruppen \u201eh\u00f6ren\u201c lassen.<\/p>\n<p>Nur leider machte uns Corona einen Strich durch die Rechnung \u2013 wir durften nicht in den Kindergarten. Kurz entschlossen entschieden wir uns, den Vorlesetag in der Deutschklasse und den 5. Klassen durchzuf\u00fchren. Mit Erfolg!<\/p>\n<p><em>\u00a0\u00a0\u00a0\u00a0\u00a0\u00a0\u00a0\u00a0\u00a0\u00a0\u00a0\u00a0\u00a0\u00a0\u00a0\u00a0\u00a0\u00a0\u00a0\u00a0\u00a0\u00a0\u00a0\u00a0\u00a0\u00a0\u00a0\u00a0\u00a0 <\/em>\u201eZuerst war ich sehr nerv\u00f6s, aber es wurde immer besser und ich immer sicherer.\u201c<\/p>\n","protected":false},"excerpt":{"rendered":"<p>Geplant war ein Vorlesetag im Kindergarten St. Konrad, bei dem in allen Gruppen entsprechend dem Alter der Kinder Geschichten vorgelesen werden sollten. In 2-4er Gruppen entschieden sich die Sch\u00fclerInnen f\u00fcr ein Buch, w\u00e4hlten daraus Geschichten und teilten sie nach eigenen Vorstellungen untereinander auf. Herauskam eine recht unterschiedliche Mischung: jeder liest eine Geschichte, mehrere VorleserInnen wechseln&hellip;&nbsp;<a href=\"https:\/\/www.muensterschule-hof.de\/wordpress\/schule\/kreativklasse-7a\/vorlesen-will-gelernt-sein-bundesweiter-vorlesetag\/\" rel=\"bookmark\">Weiterlesen &raquo;<span class=\"screen-reader-text\">\u201eVorlesen will gelernt sein\u201c \u2013 bundesweiter Vorlesetag<\/span><\/a><\/p>\n","protected":false},"author":1,"featured_media":0,"parent":1905,"menu_order":0,"comment_status":"closed","ping_status":"closed","template":"","meta":{"neve_meta_sidebar":"","neve_meta_container":"","neve_meta_enable_content_width":"","neve_meta_content_width":0,"neve_meta_title_alignment":"","neve_meta_author_avatar":"","neve_post_elements_order":"","neve_meta_disable_header":"","neve_meta_disable_footer":"","neve_meta_disable_title":"","footnotes":""},"class_list":["post-1940","page","type-page","status-publish","hentry"],"yoast_head":"<!-- This site is optimized with the Yoast SEO plugin v27.3 - https:\/\/yoast.com\/product\/yoast-seo-wordpress\/ -->\n<title>\u201eVorlesen will gelernt sein\u201c \u2013 bundesweiter Vorlesetag - M\u00fcnsterschule<\/title>\n<meta name=\"robots\" content=\"index, follow, max-snippet:-1, max-image-preview:large, max-video-preview:-1\" \/>\n<link rel=\"canonical\" href=\"https:\/\/www.muensterschule-hof.de\/wordpress\/schule\/kreativklasse-7a\/vorlesen-will-gelernt-sein-bundesweiter-vorlesetag\/\" \/>\n<meta property=\"og:locale\" content=\"de_DE\" \/>\n<meta property=\"og:type\" content=\"article\" \/>\n<meta property=\"og:title\" content=\"\u201eVorlesen will gelernt sein\u201c \u2013 bundesweiter Vorlesetag - M\u00fcnsterschule\" \/>\n<meta property=\"og:description\" content=\"Geplant war ein Vorlesetag im Kindergarten St. Konrad, bei dem in allen Gruppen entsprechend dem Alter der Kinder Geschichten vorgelesen werden sollten. In 2-4er Gruppen entschieden sich die Sch\u00fclerInnen f\u00fcr ein Buch, w\u00e4hlten daraus Geschichten und teilten sie nach eigenen Vorstellungen untereinander auf. Herauskam eine recht unterschiedliche Mischung: jeder liest eine Geschichte, mehrere VorleserInnen wechseln&hellip;&nbsp;Weiterlesen &raquo;\u201eVorlesen will gelernt sein\u201c \u2013 bundesweiter Vorlesetag\" \/>\n<meta property=\"og:url\" content=\"https:\/\/www.muensterschule-hof.de\/wordpress\/schule\/kreativklasse-7a\/vorlesen-will-gelernt-sein-bundesweiter-vorlesetag\/\" \/>\n<meta property=\"og:site_name\" content=\"M\u00fcnsterschule\" \/>\n<meta property=\"og:image\" content=\"https:\/\/www.muensterschule-hof.de\/wordpress\/wp-content\/uploads\/2018\/05\/cropped-MMS-Hof-final.png\" \/>\n\t<meta property=\"og:image:width\" content=\"200\" \/>\n\t<meta property=\"og:image:height\" content=\"141\" \/>\n\t<meta property=\"og:image:type\" content=\"image\/png\" \/>\n<meta name=\"twitter:card\" content=\"summary_large_image\" \/>\n<meta name=\"twitter:label1\" content=\"Gesch\u00e4tzte Lesezeit\" \/>\n\t<meta name=\"twitter:data1\" content=\"1\u00a0Minute\" \/>\n<script type=\"application\/ld+json\" class=\"yoast-schema-graph\">{\"@context\":\"https:\\\/\\\/schema.org\",\"@graph\":[{\"@type\":\"WebPage\",\"@id\":\"https:\\\/\\\/www.muensterschule-hof.de\\\/wordpress\\\/schule\\\/kreativklasse-7a\\\/vorlesen-will-gelernt-sein-bundesweiter-vorlesetag\\\/\",\"url\":\"https:\\\/\\\/www.muensterschule-hof.de\\\/wordpress\\\/schule\\\/kreativklasse-7a\\\/vorlesen-will-gelernt-sein-bundesweiter-vorlesetag\\\/\",\"name\":\"\u201eVorlesen will gelernt sein\u201c \u2013 bundesweiter Vorlesetag - M\u00fcnsterschule\",\"isPartOf\":{\"@id\":\"https:\\\/\\\/www.muensterschule-hof.de\\\/wordpress\\\/#website\"},\"datePublished\":\"2022-07-13T17:20:38+00:00\",\"breadcrumb\":{\"@id\":\"https:\\\/\\\/www.muensterschule-hof.de\\\/wordpress\\\/schule\\\/kreativklasse-7a\\\/vorlesen-will-gelernt-sein-bundesweiter-vorlesetag\\\/#breadcrumb\"},\"inLanguage\":\"de\",\"potentialAction\":[{\"@type\":\"ReadAction\",\"target\":[\"https:\\\/\\\/www.muensterschule-hof.de\\\/wordpress\\\/schule\\\/kreativklasse-7a\\\/vorlesen-will-gelernt-sein-bundesweiter-vorlesetag\\\/\"]}]},{\"@type\":\"BreadcrumbList\",\"@id\":\"https:\\\/\\\/www.muensterschule-hof.de\\\/wordpress\\\/schule\\\/kreativklasse-7a\\\/vorlesen-will-gelernt-sein-bundesweiter-vorlesetag\\\/#breadcrumb\",\"itemListElement\":[{\"@type\":\"ListItem\",\"position\":1,\"name\":\"Startseite\",\"item\":\"https:\\\/\\\/www.muensterschule-hof.de\\\/wordpress\\\/\"},{\"@type\":\"ListItem\",\"position\":2,\"name\":\"Schulfamilie\",\"item\":\"https:\\\/\\\/www.muensterschule-hof.de\\\/wordpress\\\/schule\\\/\"},{\"@type\":\"ListItem\",\"position\":3,\"name\":\"Kreativklassen 7\\\/8\\\/9\",\"item\":\"https:\\\/\\\/www.muensterschule-hof.de\\\/wordpress\\\/schule\\\/kreativklasse-7a\\\/\"},{\"@type\":\"ListItem\",\"position\":4,\"name\":\"\u201eVorlesen will gelernt sein\u201c \u2013 bundesweiter Vorlesetag\"}]},{\"@type\":\"WebSite\",\"@id\":\"https:\\\/\\\/www.muensterschule-hof.de\\\/wordpress\\\/#website\",\"url\":\"https:\\\/\\\/www.muensterschule-hof.de\\\/wordpress\\\/\",\"name\":\"M\u00fcnsterschule\",\"description\":\"Deine Mittelschule in Hof\",\"publisher\":{\"@id\":\"https:\\\/\\\/www.muensterschule-hof.de\\\/wordpress\\\/#organization\"},\"alternateName\":\"MMS Hof\",\"potentialAction\":[{\"@type\":\"SearchAction\",\"target\":{\"@type\":\"EntryPoint\",\"urlTemplate\":\"https:\\\/\\\/www.muensterschule-hof.de\\\/wordpress\\\/?s={search_term_string}\"},\"query-input\":{\"@type\":\"PropertyValueSpecification\",\"valueRequired\":true,\"valueName\":\"search_term_string\"}}],\"inLanguage\":\"de\"},{\"@type\":\"Organization\",\"@id\":\"https:\\\/\\\/www.muensterschule-hof.de\\\/wordpress\\\/#organization\",\"name\":\"M\u00fcnster-Mittelschule Hof\",\"alternateName\":\"MMS Hof\",\"url\":\"https:\\\/\\\/www.muensterschule-hof.de\\\/wordpress\\\/\",\"logo\":{\"@type\":\"ImageObject\",\"inLanguage\":\"de\",\"@id\":\"https:\\\/\\\/www.muensterschule-hof.de\\\/wordpress\\\/#\\\/schema\\\/logo\\\/image\\\/\",\"url\":\"https:\\\/\\\/www.muensterschule-hof.de\\\/wordpress\\\/wp-content\\\/uploads\\\/2018\\\/05\\\/cropped-MMS-Hof-final-1.png\",\"contentUrl\":\"https:\\\/\\\/www.muensterschule-hof.de\\\/wordpress\\\/wp-content\\\/uploads\\\/2018\\\/05\\\/cropped-MMS-Hof-final-1.png\",\"width\":512,\"height\":512,\"caption\":\"M\u00fcnster-Mittelschule Hof\"},\"image\":{\"@id\":\"https:\\\/\\\/www.muensterschule-hof.de\\\/wordpress\\\/#\\\/schema\\\/logo\\\/image\\\/\"}}]}<\/script>\n<!-- \/ Yoast SEO plugin. -->","yoast_head_json":{"title":"\u201eVorlesen will gelernt sein\u201c \u2013 bundesweiter Vorlesetag - M\u00fcnsterschule","robots":{"index":"index","follow":"follow","max-snippet":"max-snippet:-1","max-image-preview":"max-image-preview:large","max-video-preview":"max-video-preview:-1"},"canonical":"https:\/\/www.muensterschule-hof.de\/wordpress\/schule\/kreativklasse-7a\/vorlesen-will-gelernt-sein-bundesweiter-vorlesetag\/","og_locale":"de_DE","og_type":"article","og_title":"\u201eVorlesen will gelernt sein\u201c \u2013 bundesweiter Vorlesetag - M\u00fcnsterschule","og_description":"Geplant war ein Vorlesetag im Kindergarten St. Konrad, bei dem in allen Gruppen entsprechend dem Alter der Kinder Geschichten vorgelesen werden sollten. In 2-4er Gruppen entschieden sich die Sch\u00fclerInnen f\u00fcr ein Buch, w\u00e4hlten daraus Geschichten und teilten sie nach eigenen Vorstellungen untereinander auf. Herauskam eine recht unterschiedliche Mischung: jeder liest eine Geschichte, mehrere VorleserInnen wechseln&hellip;&nbsp;Weiterlesen &raquo;\u201eVorlesen will gelernt sein\u201c \u2013 bundesweiter Vorlesetag","og_url":"https:\/\/www.muensterschule-hof.de\/wordpress\/schule\/kreativklasse-7a\/vorlesen-will-gelernt-sein-bundesweiter-vorlesetag\/","og_site_name":"M\u00fcnsterschule","og_image":[{"width":200,"height":141,"url":"https:\/\/www.muensterschule-hof.de\/wordpress\/wp-content\/uploads\/2018\/05\/cropped-MMS-Hof-final.png","type":"image\/png"}],"twitter_card":"summary_large_image","twitter_misc":{"Gesch\u00e4tzte Lesezeit":"1\u00a0Minute"},"schema":{"@context":"https:\/\/schema.org","@graph":[{"@type":"WebPage","@id":"https:\/\/www.muensterschule-hof.de\/wordpress\/schule\/kreativklasse-7a\/vorlesen-will-gelernt-sein-bundesweiter-vorlesetag\/","url":"https:\/\/www.muensterschule-hof.de\/wordpress\/schule\/kreativklasse-7a\/vorlesen-will-gelernt-sein-bundesweiter-vorlesetag\/","name":"\u201eVorlesen will gelernt sein\u201c \u2013 bundesweiter Vorlesetag - M\u00fcnsterschule","isPartOf":{"@id":"https:\/\/www.muensterschule-hof.de\/wordpress\/#website"},"datePublished":"2022-07-13T17:20:38+00:00","breadcrumb":{"@id":"https:\/\/www.muensterschule-hof.de\/wordpress\/schule\/kreativklasse-7a\/vorlesen-will-gelernt-sein-bundesweiter-vorlesetag\/#breadcrumb"},"inLanguage":"de","potentialAction":[{"@type":"ReadAction","target":["https:\/\/www.muensterschule-hof.de\/wordpress\/schule\/kreativklasse-7a\/vorlesen-will-gelernt-sein-bundesweiter-vorlesetag\/"]}]},{"@type":"BreadcrumbList","@id":"https:\/\/www.muensterschule-hof.de\/wordpress\/schule\/kreativklasse-7a\/vorlesen-will-gelernt-sein-bundesweiter-vorlesetag\/#breadcrumb","itemListElement":[{"@type":"ListItem","position":1,"name":"Startseite","item":"https:\/\/www.muensterschule-hof.de\/wordpress\/"},{"@type":"ListItem","position":2,"name":"Schulfamilie","item":"https:\/\/www.muensterschule-hof.de\/wordpress\/schule\/"},{"@type":"ListItem","position":3,"name":"Kreativklassen 7\/8\/9","item":"https:\/\/www.muensterschule-hof.de\/wordpress\/schule\/kreativklasse-7a\/"},{"@type":"ListItem","position":4,"name":"\u201eVorlesen will gelernt sein\u201c \u2013 bundesweiter Vorlesetag"}]},{"@type":"WebSite","@id":"https:\/\/www.muensterschule-hof.de\/wordpress\/#website","url":"https:\/\/www.muensterschule-hof.de\/wordpress\/","name":"M\u00fcnsterschule","description":"Deine Mittelschule in Hof","publisher":{"@id":"https:\/\/www.muensterschule-hof.de\/wordpress\/#organization"},"alternateName":"MMS Hof","potentialAction":[{"@type":"SearchAction","target":{"@type":"EntryPoint","urlTemplate":"https:\/\/www.muensterschule-hof.de\/wordpress\/?s={search_term_string}"},"query-input":{"@type":"PropertyValueSpecification","valueRequired":true,"valueName":"search_term_string"}}],"inLanguage":"de"},{"@type":"Organization","@id":"https:\/\/www.muensterschule-hof.de\/wordpress\/#organization","name":"M\u00fcnster-Mittelschule Hof","alternateName":"MMS Hof","url":"https:\/\/www.muensterschule-hof.de\/wordpress\/","logo":{"@type":"ImageObject","inLanguage":"de","@id":"https:\/\/www.muensterschule-hof.de\/wordpress\/#\/schema\/logo\/image\/","url":"https:\/\/www.muensterschule-hof.de\/wordpress\/wp-content\/uploads\/2018\/05\/cropped-MMS-Hof-final-1.png","contentUrl":"https:\/\/www.muensterschule-hof.de\/wordpress\/wp-content\/uploads\/2018\/05\/cropped-MMS-Hof-final-1.png","width":512,"height":512,"caption":"M\u00fcnster-Mittelschule Hof"},"image":{"@id":"https:\/\/www.muensterschule-hof.de\/wordpress\/#\/schema\/logo\/image\/"}}]}},"_links":{"self":[{"href":"https:\/\/www.muensterschule-hof.de\/wordpress\/wp-json\/wp\/v2\/pages\/1940","targetHints":{"allow":["GET"]}}],"collection":[{"href":"https:\/\/www.muensterschule-hof.de\/wordpress\/wp-json\/wp\/v2\/pages"}],"about":[{"href":"https:\/\/www.muensterschule-hof.de\/wordpress\/wp-json\/wp\/v2\/types\/page"}],"author":[{"embeddable":true,"href":"https:\/\/www.muensterschule-hof.de\/wordpress\/wp-json\/wp\/v2\/users\/1"}],"replies":[{"embeddable":true,"href":"https:\/\/www.muensterschule-hof.de\/wordpress\/wp-json\/wp\/v2\/comments?post=1940"}],"version-history":[{"count":2,"href":"https:\/\/www.muensterschule-hof.de\/wordpress\/wp-json\/wp\/v2\/pages\/1940\/revisions"}],"predecessor-version":[{"id":1942,"href":"https:\/\/www.muensterschule-hof.de\/wordpress\/wp-json\/wp\/v2\/pages\/1940\/revisions\/1942"}],"up":[{"embeddable":true,"href":"https:\/\/www.muensterschule-hof.de\/wordpress\/wp-json\/wp\/v2\/pages\/1905"}],"wp:attachment":[{"href":"https:\/\/www.muensterschule-hof.de\/wordpress\/wp-json\/wp\/v2\/media?parent=1940"}],"curies":[{"name":"wp","href":"https:\/\/api.w.org\/{rel}","templated":true}]}}