{"id":1944,"date":"2022-07-13T17:25:13","date_gmt":"2022-07-13T17:25:13","guid":{"rendered":"http:\/\/www.muensterschule-hof.de\/wordpress\/?page_id=1944"},"modified":"2022-07-13T17:25:13","modified_gmt":"2022-07-13T17:25:13","slug":"besuch-einer-theaterprobe-der-kleine-muck","status":"publish","type":"page","link":"https:\/\/www.muensterschule-hof.de\/wordpress\/schule\/kreativklasse-7a\/besuch-einer-theaterprobe-der-kleine-muck\/","title":{"rendered":"Besuch einer Theaterprobe \u201eDer kleine Muck\u201c"},"content":{"rendered":"<p>Einige Sch\u00fclerInnen hatte gro\u00dfes Interesse eine Endprobe des Ballett-Weihnachtsst\u00fccks f\u00fcr Kinder anzuschauen \u2013 und sie durften es. Damit waren sie die ersten Zuschauer, die die Kulisse, die Kost\u00fcme und die Inszenierung des St\u00fcck sehen durften. Spannend war zu sehen, wie anstrengend solche Proben sind und wie oft eine Szene wiederholt wurde, damit auch die letzte Kleinigkeit stimmte.<\/p>\n<p>&nbsp;<\/p>\n<p><img loading=\"lazy\" decoding=\"async\" class=\"size-medium wp-image-1945 aligncenter\" src=\"https:\/\/www.muensterschule-hof.de\/wordpress\/wp-content\/uploads\/2022\/07\/Bild5-300x186.png\" alt=\"\" width=\"300\" height=\"186\" srcset=\"https:\/\/www.muensterschule-hof.de\/wordpress\/wp-content\/uploads\/2022\/07\/Bild5-300x186.png 300w, https:\/\/www.muensterschule-hof.de\/wordpress\/wp-content\/uploads\/2022\/07\/Bild5.png 330w\" sizes=\"auto, (max-width: 300px) 100vw, 300px\" \/>\u00a0 <img loading=\"lazy\" decoding=\"async\" class=\"size-full wp-image-1946 aligncenter\" src=\"https:\/\/www.muensterschule-hof.de\/wordpress\/wp-content\/uploads\/2022\/07\/Bild6.png\" alt=\"\" width=\"269\" height=\"239\" \/><\/p>\n","protected":false},"excerpt":{"rendered":"<p>Einige Sch\u00fclerInnen hatte gro\u00dfes Interesse eine Endprobe des Ballett-Weihnachtsst\u00fccks f\u00fcr Kinder anzuschauen \u2013 und sie durften es. Damit waren sie die ersten Zuschauer, die die Kulisse, die Kost\u00fcme und die Inszenierung des St\u00fcck sehen durften. Spannend war zu sehen, wie anstrengend solche Proben sind und wie oft eine Szene wiederholt wurde, damit auch die letzte&hellip;&nbsp;<a href=\"https:\/\/www.muensterschule-hof.de\/wordpress\/schule\/kreativklasse-7a\/besuch-einer-theaterprobe-der-kleine-muck\/\" rel=\"bookmark\">Weiterlesen &raquo;<span class=\"screen-reader-text\">Besuch einer Theaterprobe \u201eDer kleine Muck\u201c<\/span><\/a><\/p>\n","protected":false},"author":1,"featured_media":0,"parent":1905,"menu_order":0,"comment_status":"closed","ping_status":"closed","template":"","meta":{"neve_meta_sidebar":"","neve_meta_container":"","neve_meta_enable_content_width":"","neve_meta_content_width":0,"neve_meta_title_alignment":"","neve_meta_author_avatar":"","neve_post_elements_order":"","neve_meta_disable_header":"","neve_meta_disable_footer":"","neve_meta_disable_title":"","footnotes":""},"class_list":["post-1944","page","type-page","status-publish","hentry"],"yoast_head":"<!-- This site is optimized with the Yoast SEO plugin v27.3 - https:\/\/yoast.com\/product\/yoast-seo-wordpress\/ -->\n<title>Besuch einer Theaterprobe \u201eDer kleine Muck\u201c - M\u00fcnsterschule<\/title>\n<meta name=\"robots\" content=\"index, follow, max-snippet:-1, max-image-preview:large, max-video-preview:-1\" \/>\n<link rel=\"canonical\" href=\"https:\/\/www.muensterschule-hof.de\/wordpress\/schule\/kreativklasse-7a\/besuch-einer-theaterprobe-der-kleine-muck\/\" \/>\n<meta property=\"og:locale\" content=\"de_DE\" \/>\n<meta property=\"og:type\" content=\"article\" \/>\n<meta property=\"og:title\" content=\"Besuch einer Theaterprobe \u201eDer kleine Muck\u201c - M\u00fcnsterschule\" \/>\n<meta property=\"og:description\" content=\"Einige Sch\u00fclerInnen hatte gro\u00dfes Interesse eine Endprobe des Ballett-Weihnachtsst\u00fccks f\u00fcr Kinder anzuschauen \u2013 und sie durften es. Damit waren sie die ersten Zuschauer, die die Kulisse, die Kost\u00fcme und die Inszenierung des St\u00fcck sehen durften. Spannend war zu sehen, wie anstrengend solche Proben sind und wie oft eine Szene wiederholt wurde, damit auch die letzte&hellip;&nbsp;Weiterlesen &raquo;Besuch einer Theaterprobe \u201eDer kleine Muck\u201c\" \/>\n<meta property=\"og:url\" content=\"https:\/\/www.muensterschule-hof.de\/wordpress\/schule\/kreativklasse-7a\/besuch-einer-theaterprobe-der-kleine-muck\/\" \/>\n<meta property=\"og:site_name\" content=\"M\u00fcnsterschule\" \/>\n<meta property=\"og:image\" content=\"https:\/\/www.muensterschule-hof.de\/wordpress\/wp-content\/uploads\/2022\/07\/Bild5-300x186.png\" \/>\n<meta name=\"twitter:card\" content=\"summary_large_image\" \/>\n<script type=\"application\/ld+json\" class=\"yoast-schema-graph\">{\"@context\":\"https:\\\/\\\/schema.org\",\"@graph\":[{\"@type\":\"WebPage\",\"@id\":\"https:\\\/\\\/www.muensterschule-hof.de\\\/wordpress\\\/schule\\\/kreativklasse-7a\\\/besuch-einer-theaterprobe-der-kleine-muck\\\/\",\"url\":\"https:\\\/\\\/www.muensterschule-hof.de\\\/wordpress\\\/schule\\\/kreativklasse-7a\\\/besuch-einer-theaterprobe-der-kleine-muck\\\/\",\"name\":\"Besuch einer Theaterprobe \u201eDer kleine Muck\u201c - M\u00fcnsterschule\",\"isPartOf\":{\"@id\":\"https:\\\/\\\/www.muensterschule-hof.de\\\/wordpress\\\/#website\"},\"primaryImageOfPage\":{\"@id\":\"https:\\\/\\\/www.muensterschule-hof.de\\\/wordpress\\\/schule\\\/kreativklasse-7a\\\/besuch-einer-theaterprobe-der-kleine-muck\\\/#primaryimage\"},\"image\":{\"@id\":\"https:\\\/\\\/www.muensterschule-hof.de\\\/wordpress\\\/schule\\\/kreativklasse-7a\\\/besuch-einer-theaterprobe-der-kleine-muck\\\/#primaryimage\"},\"thumbnailUrl\":\"https:\\\/\\\/www.muensterschule-hof.de\\\/wordpress\\\/wp-content\\\/uploads\\\/2022\\\/07\\\/Bild5-300x186.png\",\"datePublished\":\"2022-07-13T17:25:13+00:00\",\"breadcrumb\":{\"@id\":\"https:\\\/\\\/www.muensterschule-hof.de\\\/wordpress\\\/schule\\\/kreativklasse-7a\\\/besuch-einer-theaterprobe-der-kleine-muck\\\/#breadcrumb\"},\"inLanguage\":\"de\",\"potentialAction\":[{\"@type\":\"ReadAction\",\"target\":[\"https:\\\/\\\/www.muensterschule-hof.de\\\/wordpress\\\/schule\\\/kreativklasse-7a\\\/besuch-einer-theaterprobe-der-kleine-muck\\\/\"]}]},{\"@type\":\"ImageObject\",\"inLanguage\":\"de\",\"@id\":\"https:\\\/\\\/www.muensterschule-hof.de\\\/wordpress\\\/schule\\\/kreativklasse-7a\\\/besuch-einer-theaterprobe-der-kleine-muck\\\/#primaryimage\",\"url\":\"https:\\\/\\\/www.muensterschule-hof.de\\\/wordpress\\\/wp-content\\\/uploads\\\/2022\\\/07\\\/Bild5.png\",\"contentUrl\":\"https:\\\/\\\/www.muensterschule-hof.de\\\/wordpress\\\/wp-content\\\/uploads\\\/2022\\\/07\\\/Bild5.png\",\"width\":330,\"height\":205},{\"@type\":\"BreadcrumbList\",\"@id\":\"https:\\\/\\\/www.muensterschule-hof.de\\\/wordpress\\\/schule\\\/kreativklasse-7a\\\/besuch-einer-theaterprobe-der-kleine-muck\\\/#breadcrumb\",\"itemListElement\":[{\"@type\":\"ListItem\",\"position\":1,\"name\":\"Startseite\",\"item\":\"https:\\\/\\\/www.muensterschule-hof.de\\\/wordpress\\\/\"},{\"@type\":\"ListItem\",\"position\":2,\"name\":\"Schulfamilie\",\"item\":\"https:\\\/\\\/www.muensterschule-hof.de\\\/wordpress\\\/schule\\\/\"},{\"@type\":\"ListItem\",\"position\":3,\"name\":\"Kreativklassen 7\\\/8\\\/9\",\"item\":\"https:\\\/\\\/www.muensterschule-hof.de\\\/wordpress\\\/schule\\\/kreativklasse-7a\\\/\"},{\"@type\":\"ListItem\",\"position\":4,\"name\":\"Besuch einer Theaterprobe \u201eDer kleine Muck\u201c\"}]},{\"@type\":\"WebSite\",\"@id\":\"https:\\\/\\\/www.muensterschule-hof.de\\\/wordpress\\\/#website\",\"url\":\"https:\\\/\\\/www.muensterschule-hof.de\\\/wordpress\\\/\",\"name\":\"M\u00fcnsterschule\",\"description\":\"Deine Mittelschule in Hof\",\"publisher\":{\"@id\":\"https:\\\/\\\/www.muensterschule-hof.de\\\/wordpress\\\/#organization\"},\"alternateName\":\"MMS Hof\",\"potentialAction\":[{\"@type\":\"SearchAction\",\"target\":{\"@type\":\"EntryPoint\",\"urlTemplate\":\"https:\\\/\\\/www.muensterschule-hof.de\\\/wordpress\\\/?s={search_term_string}\"},\"query-input\":{\"@type\":\"PropertyValueSpecification\",\"valueRequired\":true,\"valueName\":\"search_term_string\"}}],\"inLanguage\":\"de\"},{\"@type\":\"Organization\",\"@id\":\"https:\\\/\\\/www.muensterschule-hof.de\\\/wordpress\\\/#organization\",\"name\":\"M\u00fcnster-Mittelschule Hof\",\"alternateName\":\"MMS Hof\",\"url\":\"https:\\\/\\\/www.muensterschule-hof.de\\\/wordpress\\\/\",\"logo\":{\"@type\":\"ImageObject\",\"inLanguage\":\"de\",\"@id\":\"https:\\\/\\\/www.muensterschule-hof.de\\\/wordpress\\\/#\\\/schema\\\/logo\\\/image\\\/\",\"url\":\"https:\\\/\\\/www.muensterschule-hof.de\\\/wordpress\\\/wp-content\\\/uploads\\\/2018\\\/05\\\/cropped-MMS-Hof-final-1.png\",\"contentUrl\":\"https:\\\/\\\/www.muensterschule-hof.de\\\/wordpress\\\/wp-content\\\/uploads\\\/2018\\\/05\\\/cropped-MMS-Hof-final-1.png\",\"width\":512,\"height\":512,\"caption\":\"M\u00fcnster-Mittelschule Hof\"},\"image\":{\"@id\":\"https:\\\/\\\/www.muensterschule-hof.de\\\/wordpress\\\/#\\\/schema\\\/logo\\\/image\\\/\"}}]}<\/script>\n<!-- \/ Yoast SEO plugin. -->","yoast_head_json":{"title":"Besuch einer Theaterprobe \u201eDer kleine Muck\u201c - M\u00fcnsterschule","robots":{"index":"index","follow":"follow","max-snippet":"max-snippet:-1","max-image-preview":"max-image-preview:large","max-video-preview":"max-video-preview:-1"},"canonical":"https:\/\/www.muensterschule-hof.de\/wordpress\/schule\/kreativklasse-7a\/besuch-einer-theaterprobe-der-kleine-muck\/","og_locale":"de_DE","og_type":"article","og_title":"Besuch einer Theaterprobe \u201eDer kleine Muck\u201c - M\u00fcnsterschule","og_description":"Einige Sch\u00fclerInnen hatte gro\u00dfes Interesse eine Endprobe des Ballett-Weihnachtsst\u00fccks f\u00fcr Kinder anzuschauen \u2013 und sie durften es. Damit waren sie die ersten Zuschauer, die die Kulisse, die Kost\u00fcme und die Inszenierung des St\u00fcck sehen durften. Spannend war zu sehen, wie anstrengend solche Proben sind und wie oft eine Szene wiederholt wurde, damit auch die letzte&hellip;&nbsp;Weiterlesen &raquo;Besuch einer Theaterprobe \u201eDer kleine Muck\u201c","og_url":"https:\/\/www.muensterschule-hof.de\/wordpress\/schule\/kreativklasse-7a\/besuch-einer-theaterprobe-der-kleine-muck\/","og_site_name":"M\u00fcnsterschule","og_image":[{"url":"https:\/\/www.muensterschule-hof.de\/wordpress\/wp-content\/uploads\/2022\/07\/Bild5-300x186.png","type":"","width":"","height":""}],"twitter_card":"summary_large_image","schema":{"@context":"https:\/\/schema.org","@graph":[{"@type":"WebPage","@id":"https:\/\/www.muensterschule-hof.de\/wordpress\/schule\/kreativklasse-7a\/besuch-einer-theaterprobe-der-kleine-muck\/","url":"https:\/\/www.muensterschule-hof.de\/wordpress\/schule\/kreativklasse-7a\/besuch-einer-theaterprobe-der-kleine-muck\/","name":"Besuch einer Theaterprobe \u201eDer kleine Muck\u201c - M\u00fcnsterschule","isPartOf":{"@id":"https:\/\/www.muensterschule-hof.de\/wordpress\/#website"},"primaryImageOfPage":{"@id":"https:\/\/www.muensterschule-hof.de\/wordpress\/schule\/kreativklasse-7a\/besuch-einer-theaterprobe-der-kleine-muck\/#primaryimage"},"image":{"@id":"https:\/\/www.muensterschule-hof.de\/wordpress\/schule\/kreativklasse-7a\/besuch-einer-theaterprobe-der-kleine-muck\/#primaryimage"},"thumbnailUrl":"https:\/\/www.muensterschule-hof.de\/wordpress\/wp-content\/uploads\/2022\/07\/Bild5-300x186.png","datePublished":"2022-07-13T17:25:13+00:00","breadcrumb":{"@id":"https:\/\/www.muensterschule-hof.de\/wordpress\/schule\/kreativklasse-7a\/besuch-einer-theaterprobe-der-kleine-muck\/#breadcrumb"},"inLanguage":"de","potentialAction":[{"@type":"ReadAction","target":["https:\/\/www.muensterschule-hof.de\/wordpress\/schule\/kreativklasse-7a\/besuch-einer-theaterprobe-der-kleine-muck\/"]}]},{"@type":"ImageObject","inLanguage":"de","@id":"https:\/\/www.muensterschule-hof.de\/wordpress\/schule\/kreativklasse-7a\/besuch-einer-theaterprobe-der-kleine-muck\/#primaryimage","url":"https:\/\/www.muensterschule-hof.de\/wordpress\/wp-content\/uploads\/2022\/07\/Bild5.png","contentUrl":"https:\/\/www.muensterschule-hof.de\/wordpress\/wp-content\/uploads\/2022\/07\/Bild5.png","width":330,"height":205},{"@type":"BreadcrumbList","@id":"https:\/\/www.muensterschule-hof.de\/wordpress\/schule\/kreativklasse-7a\/besuch-einer-theaterprobe-der-kleine-muck\/#breadcrumb","itemListElement":[{"@type":"ListItem","position":1,"name":"Startseite","item":"https:\/\/www.muensterschule-hof.de\/wordpress\/"},{"@type":"ListItem","position":2,"name":"Schulfamilie","item":"https:\/\/www.muensterschule-hof.de\/wordpress\/schule\/"},{"@type":"ListItem","position":3,"name":"Kreativklassen 7\/8\/9","item":"https:\/\/www.muensterschule-hof.de\/wordpress\/schule\/kreativklasse-7a\/"},{"@type":"ListItem","position":4,"name":"Besuch einer Theaterprobe \u201eDer kleine Muck\u201c"}]},{"@type":"WebSite","@id":"https:\/\/www.muensterschule-hof.de\/wordpress\/#website","url":"https:\/\/www.muensterschule-hof.de\/wordpress\/","name":"M\u00fcnsterschule","description":"Deine Mittelschule in Hof","publisher":{"@id":"https:\/\/www.muensterschule-hof.de\/wordpress\/#organization"},"alternateName":"MMS Hof","potentialAction":[{"@type":"SearchAction","target":{"@type":"EntryPoint","urlTemplate":"https:\/\/www.muensterschule-hof.de\/wordpress\/?s={search_term_string}"},"query-input":{"@type":"PropertyValueSpecification","valueRequired":true,"valueName":"search_term_string"}}],"inLanguage":"de"},{"@type":"Organization","@id":"https:\/\/www.muensterschule-hof.de\/wordpress\/#organization","name":"M\u00fcnster-Mittelschule Hof","alternateName":"MMS Hof","url":"https:\/\/www.muensterschule-hof.de\/wordpress\/","logo":{"@type":"ImageObject","inLanguage":"de","@id":"https:\/\/www.muensterschule-hof.de\/wordpress\/#\/schema\/logo\/image\/","url":"https:\/\/www.muensterschule-hof.de\/wordpress\/wp-content\/uploads\/2018\/05\/cropped-MMS-Hof-final-1.png","contentUrl":"https:\/\/www.muensterschule-hof.de\/wordpress\/wp-content\/uploads\/2018\/05\/cropped-MMS-Hof-final-1.png","width":512,"height":512,"caption":"M\u00fcnster-Mittelschule Hof"},"image":{"@id":"https:\/\/www.muensterschule-hof.de\/wordpress\/#\/schema\/logo\/image\/"}}]}},"_links":{"self":[{"href":"https:\/\/www.muensterschule-hof.de\/wordpress\/wp-json\/wp\/v2\/pages\/1944","targetHints":{"allow":["GET"]}}],"collection":[{"href":"https:\/\/www.muensterschule-hof.de\/wordpress\/wp-json\/wp\/v2\/pages"}],"about":[{"href":"https:\/\/www.muensterschule-hof.de\/wordpress\/wp-json\/wp\/v2\/types\/page"}],"author":[{"embeddable":true,"href":"https:\/\/www.muensterschule-hof.de\/wordpress\/wp-json\/wp\/v2\/users\/1"}],"replies":[{"embeddable":true,"href":"https:\/\/www.muensterschule-hof.de\/wordpress\/wp-json\/wp\/v2\/comments?post=1944"}],"version-history":[{"count":1,"href":"https:\/\/www.muensterschule-hof.de\/wordpress\/wp-json\/wp\/v2\/pages\/1944\/revisions"}],"predecessor-version":[{"id":1947,"href":"https:\/\/www.muensterschule-hof.de\/wordpress\/wp-json\/wp\/v2\/pages\/1944\/revisions\/1947"}],"up":[{"embeddable":true,"href":"https:\/\/www.muensterschule-hof.de\/wordpress\/wp-json\/wp\/v2\/pages\/1905"}],"wp:attachment":[{"href":"https:\/\/www.muensterschule-hof.de\/wordpress\/wp-json\/wp\/v2\/media?parent=1944"}],"curies":[{"name":"wp","href":"https:\/\/api.w.org\/{rel}","templated":true}]}}