{"id":2010,"date":"2022-07-13T19:40:25","date_gmt":"2022-07-13T19:40:25","guid":{"rendered":"http:\/\/www.muensterschule-hof.de\/wordpress\/?page_id=2010"},"modified":"2022-07-13T19:40:25","modified_gmt":"2022-07-13T19:40:25","slug":"sonderausstellung-technikland-auf-tour-im-museum-bay-vogtland-in-hof","status":"publish","type":"page","link":"https:\/\/www.muensterschule-hof.de\/wordpress\/schule\/kreativklasse-7a\/sonderausstellung-technikland-auf-tour-im-museum-bay-vogtland-in-hof\/","title":{"rendered":"Sonderausstellung \u201eTechnikland \u2013 auf Tour\u201c im Museum Bay. Vogtland in Hof"},"content":{"rendered":"<p>Gut, dass wir und die Klasse 6c diese Experimentierausstellung nicht verpasst haben!<\/p>\n<p>An 18 Stationen mit naturwissenschaftlichen Versuchen und Spielereien, ob Gesichtserkennungs-Software, Br\u00fcckenbau, Elektromotoren, Vakuumkammer, Infrarotstrahlung oder Farbchromatografie, experimentierten und testeten alle mit gro\u00dfer Begeisterung eine Stunde lang und \u00fcberpr\u00fcften die Infos zu den Bereichen Kraft, Computer, Energie, Licht &amp; Farbe und Chemie. Dabei war Teamarbeit gro\u00dfgeschrieben und funktionierte auch gruppen\u00fcbergreifend!<\/p>\n<p>Zus\u00e4tzlich erkundeten wir eine weitere Stunde mit derselben Freude mittels einer Rallye die verschiedenen Ausstellungsbereiche des Museums.<\/p>\n<p>\u00dcber ein gro\u00dfes Lob der Museumsmitarbeiter, weil alle mit viel Energie dabei waren und sich top benommen haben, konnten wir uns auch noch freuen.<\/p>\n<p><img loading=\"lazy\" decoding=\"async\" class=\"alignnone size-medium wp-image-2011\" src=\"https:\/\/www.muensterschule-hof.de\/wordpress\/wp-content\/uploads\/2022\/07\/Bild15-300x266.png\" alt=\"\" width=\"300\" height=\"266\" srcset=\"https:\/\/www.muensterschule-hof.de\/wordpress\/wp-content\/uploads\/2022\/07\/Bild15-300x266.png 300w, https:\/\/www.muensterschule-hof.de\/wordpress\/wp-content\/uploads\/2022\/07\/Bild15.png 338w\" sizes=\"auto, (max-width: 300px) 100vw, 300px\" \/> <img loading=\"lazy\" decoding=\"async\" class=\"alignnone size-medium wp-image-2012\" src=\"https:\/\/www.muensterschule-hof.de\/wordpress\/wp-content\/uploads\/2022\/07\/Bild14-246x300.png\" alt=\"\" width=\"246\" height=\"300\" srcset=\"https:\/\/www.muensterschule-hof.de\/wordpress\/wp-content\/uploads\/2022\/07\/Bild14-246x300.png 246w, https:\/\/www.muensterschule-hof.de\/wordpress\/wp-content\/uploads\/2022\/07\/Bild14.png 326w\" sizes=\"auto, (max-width: 246px) 100vw, 246px\" \/><\/p>\n","protected":false},"excerpt":{"rendered":"<p>Gut, dass wir und die Klasse 6c diese Experimentierausstellung nicht verpasst haben! An 18 Stationen mit naturwissenschaftlichen Versuchen und Spielereien, ob Gesichtserkennungs-Software, Br\u00fcckenbau, Elektromotoren, Vakuumkammer, Infrarotstrahlung oder Farbchromatografie, experimentierten und testeten alle mit gro\u00dfer Begeisterung eine Stunde lang und \u00fcberpr\u00fcften die Infos zu den Bereichen Kraft, Computer, Energie, Licht &amp; Farbe und Chemie. Dabei war&hellip;&nbsp;<a href=\"https:\/\/www.muensterschule-hof.de\/wordpress\/schule\/kreativklasse-7a\/sonderausstellung-technikland-auf-tour-im-museum-bay-vogtland-in-hof\/\" rel=\"bookmark\">Weiterlesen &raquo;<span class=\"screen-reader-text\">Sonderausstellung \u201eTechnikland \u2013 auf Tour\u201c im Museum Bay. Vogtland in Hof<\/span><\/a><\/p>\n","protected":false},"author":1,"featured_media":0,"parent":1905,"menu_order":0,"comment_status":"closed","ping_status":"closed","template":"","meta":{"neve_meta_sidebar":"","neve_meta_container":"","neve_meta_enable_content_width":"","neve_meta_content_width":0,"neve_meta_title_alignment":"","neve_meta_author_avatar":"","neve_post_elements_order":"","neve_meta_disable_header":"","neve_meta_disable_footer":"","neve_meta_disable_title":"","footnotes":""},"class_list":["post-2010","page","type-page","status-publish","hentry"],"yoast_head":"<!-- This site is optimized with the Yoast SEO plugin v27.3 - https:\/\/yoast.com\/product\/yoast-seo-wordpress\/ -->\n<title>Sonderausstellung \u201eTechnikland \u2013 auf Tour\u201c im Museum Bay. Vogtland in Hof - M\u00fcnsterschule<\/title>\n<meta name=\"robots\" content=\"index, follow, max-snippet:-1, max-image-preview:large, max-video-preview:-1\" \/>\n<link rel=\"canonical\" href=\"https:\/\/www.muensterschule-hof.de\/wordpress\/schule\/kreativklasse-7a\/sonderausstellung-technikland-auf-tour-im-museum-bay-vogtland-in-hof\/\" \/>\n<meta property=\"og:locale\" content=\"de_DE\" \/>\n<meta property=\"og:type\" content=\"article\" \/>\n<meta property=\"og:title\" content=\"Sonderausstellung \u201eTechnikland \u2013 auf Tour\u201c im Museum Bay. Vogtland in Hof - M\u00fcnsterschule\" \/>\n<meta property=\"og:description\" content=\"Gut, dass wir und die Klasse 6c diese Experimentierausstellung nicht verpasst haben! An 18 Stationen mit naturwissenschaftlichen Versuchen und Spielereien, ob Gesichtserkennungs-Software, Br\u00fcckenbau, Elektromotoren, Vakuumkammer, Infrarotstrahlung oder Farbchromatografie, experimentierten und testeten alle mit gro\u00dfer Begeisterung eine Stunde lang und \u00fcberpr\u00fcften die Infos zu den Bereichen Kraft, Computer, Energie, Licht &amp; Farbe und Chemie. Dabei war&hellip;&nbsp;Weiterlesen &raquo;Sonderausstellung \u201eTechnikland \u2013 auf Tour\u201c im Museum Bay. Vogtland in Hof\" \/>\n<meta property=\"og:url\" content=\"https:\/\/www.muensterschule-hof.de\/wordpress\/schule\/kreativklasse-7a\/sonderausstellung-technikland-auf-tour-im-museum-bay-vogtland-in-hof\/\" \/>\n<meta property=\"og:site_name\" content=\"M\u00fcnsterschule\" \/>\n<meta property=\"og:image\" content=\"https:\/\/www.muensterschule-hof.de\/wordpress\/wp-content\/uploads\/2022\/07\/Bild15-300x266.png\" \/>\n<meta name=\"twitter:card\" content=\"summary_large_image\" \/>\n<meta name=\"twitter:label1\" content=\"Gesch\u00e4tzte Lesezeit\" \/>\n\t<meta name=\"twitter:data1\" content=\"1\u00a0Minute\" \/>\n<script type=\"application\/ld+json\" class=\"yoast-schema-graph\">{\"@context\":\"https:\\\/\\\/schema.org\",\"@graph\":[{\"@type\":\"WebPage\",\"@id\":\"https:\\\/\\\/www.muensterschule-hof.de\\\/wordpress\\\/schule\\\/kreativklasse-7a\\\/sonderausstellung-technikland-auf-tour-im-museum-bay-vogtland-in-hof\\\/\",\"url\":\"https:\\\/\\\/www.muensterschule-hof.de\\\/wordpress\\\/schule\\\/kreativklasse-7a\\\/sonderausstellung-technikland-auf-tour-im-museum-bay-vogtland-in-hof\\\/\",\"name\":\"Sonderausstellung \u201eTechnikland \u2013 auf Tour\u201c im Museum Bay. Vogtland in Hof - M\u00fcnsterschule\",\"isPartOf\":{\"@id\":\"https:\\\/\\\/www.muensterschule-hof.de\\\/wordpress\\\/#website\"},\"primaryImageOfPage\":{\"@id\":\"https:\\\/\\\/www.muensterschule-hof.de\\\/wordpress\\\/schule\\\/kreativklasse-7a\\\/sonderausstellung-technikland-auf-tour-im-museum-bay-vogtland-in-hof\\\/#primaryimage\"},\"image\":{\"@id\":\"https:\\\/\\\/www.muensterschule-hof.de\\\/wordpress\\\/schule\\\/kreativklasse-7a\\\/sonderausstellung-technikland-auf-tour-im-museum-bay-vogtland-in-hof\\\/#primaryimage\"},\"thumbnailUrl\":\"https:\\\/\\\/www.muensterschule-hof.de\\\/wordpress\\\/wp-content\\\/uploads\\\/2022\\\/07\\\/Bild15-300x266.png\",\"datePublished\":\"2022-07-13T19:40:25+00:00\",\"breadcrumb\":{\"@id\":\"https:\\\/\\\/www.muensterschule-hof.de\\\/wordpress\\\/schule\\\/kreativklasse-7a\\\/sonderausstellung-technikland-auf-tour-im-museum-bay-vogtland-in-hof\\\/#breadcrumb\"},\"inLanguage\":\"de\",\"potentialAction\":[{\"@type\":\"ReadAction\",\"target\":[\"https:\\\/\\\/www.muensterschule-hof.de\\\/wordpress\\\/schule\\\/kreativklasse-7a\\\/sonderausstellung-technikland-auf-tour-im-museum-bay-vogtland-in-hof\\\/\"]}]},{\"@type\":\"ImageObject\",\"inLanguage\":\"de\",\"@id\":\"https:\\\/\\\/www.muensterschule-hof.de\\\/wordpress\\\/schule\\\/kreativklasse-7a\\\/sonderausstellung-technikland-auf-tour-im-museum-bay-vogtland-in-hof\\\/#primaryimage\",\"url\":\"https:\\\/\\\/www.muensterschule-hof.de\\\/wordpress\\\/wp-content\\\/uploads\\\/2022\\\/07\\\/Bild15.png\",\"contentUrl\":\"https:\\\/\\\/www.muensterschule-hof.de\\\/wordpress\\\/wp-content\\\/uploads\\\/2022\\\/07\\\/Bild15.png\",\"width\":338,\"height\":300},{\"@type\":\"BreadcrumbList\",\"@id\":\"https:\\\/\\\/www.muensterschule-hof.de\\\/wordpress\\\/schule\\\/kreativklasse-7a\\\/sonderausstellung-technikland-auf-tour-im-museum-bay-vogtland-in-hof\\\/#breadcrumb\",\"itemListElement\":[{\"@type\":\"ListItem\",\"position\":1,\"name\":\"Startseite\",\"item\":\"https:\\\/\\\/www.muensterschule-hof.de\\\/wordpress\\\/\"},{\"@type\":\"ListItem\",\"position\":2,\"name\":\"Schulfamilie\",\"item\":\"https:\\\/\\\/www.muensterschule-hof.de\\\/wordpress\\\/schule\\\/\"},{\"@type\":\"ListItem\",\"position\":3,\"name\":\"Kreativklassen 7\\\/8\\\/9\",\"item\":\"https:\\\/\\\/www.muensterschule-hof.de\\\/wordpress\\\/schule\\\/kreativklasse-7a\\\/\"},{\"@type\":\"ListItem\",\"position\":4,\"name\":\"Sonderausstellung \u201eTechnikland \u2013 auf Tour\u201c im Museum Bay. Vogtland in Hof\"}]},{\"@type\":\"WebSite\",\"@id\":\"https:\\\/\\\/www.muensterschule-hof.de\\\/wordpress\\\/#website\",\"url\":\"https:\\\/\\\/www.muensterschule-hof.de\\\/wordpress\\\/\",\"name\":\"M\u00fcnsterschule\",\"description\":\"Deine Mittelschule in Hof\",\"publisher\":{\"@id\":\"https:\\\/\\\/www.muensterschule-hof.de\\\/wordpress\\\/#organization\"},\"alternateName\":\"MMS Hof\",\"potentialAction\":[{\"@type\":\"SearchAction\",\"target\":{\"@type\":\"EntryPoint\",\"urlTemplate\":\"https:\\\/\\\/www.muensterschule-hof.de\\\/wordpress\\\/?s={search_term_string}\"},\"query-input\":{\"@type\":\"PropertyValueSpecification\",\"valueRequired\":true,\"valueName\":\"search_term_string\"}}],\"inLanguage\":\"de\"},{\"@type\":\"Organization\",\"@id\":\"https:\\\/\\\/www.muensterschule-hof.de\\\/wordpress\\\/#organization\",\"name\":\"M\u00fcnster-Mittelschule Hof\",\"alternateName\":\"MMS Hof\",\"url\":\"https:\\\/\\\/www.muensterschule-hof.de\\\/wordpress\\\/\",\"logo\":{\"@type\":\"ImageObject\",\"inLanguage\":\"de\",\"@id\":\"https:\\\/\\\/www.muensterschule-hof.de\\\/wordpress\\\/#\\\/schema\\\/logo\\\/image\\\/\",\"url\":\"https:\\\/\\\/www.muensterschule-hof.de\\\/wordpress\\\/wp-content\\\/uploads\\\/2018\\\/05\\\/cropped-MMS-Hof-final-1.png\",\"contentUrl\":\"https:\\\/\\\/www.muensterschule-hof.de\\\/wordpress\\\/wp-content\\\/uploads\\\/2018\\\/05\\\/cropped-MMS-Hof-final-1.png\",\"width\":512,\"height\":512,\"caption\":\"M\u00fcnster-Mittelschule Hof\"},\"image\":{\"@id\":\"https:\\\/\\\/www.muensterschule-hof.de\\\/wordpress\\\/#\\\/schema\\\/logo\\\/image\\\/\"}}]}<\/script>\n<!-- \/ Yoast SEO plugin. -->","yoast_head_json":{"title":"Sonderausstellung \u201eTechnikland \u2013 auf Tour\u201c im Museum Bay. Vogtland in Hof - M\u00fcnsterschule","robots":{"index":"index","follow":"follow","max-snippet":"max-snippet:-1","max-image-preview":"max-image-preview:large","max-video-preview":"max-video-preview:-1"},"canonical":"https:\/\/www.muensterschule-hof.de\/wordpress\/schule\/kreativklasse-7a\/sonderausstellung-technikland-auf-tour-im-museum-bay-vogtland-in-hof\/","og_locale":"de_DE","og_type":"article","og_title":"Sonderausstellung \u201eTechnikland \u2013 auf Tour\u201c im Museum Bay. Vogtland in Hof - M\u00fcnsterschule","og_description":"Gut, dass wir und die Klasse 6c diese Experimentierausstellung nicht verpasst haben! An 18 Stationen mit naturwissenschaftlichen Versuchen und Spielereien, ob Gesichtserkennungs-Software, Br\u00fcckenbau, Elektromotoren, Vakuumkammer, Infrarotstrahlung oder Farbchromatografie, experimentierten und testeten alle mit gro\u00dfer Begeisterung eine Stunde lang und \u00fcberpr\u00fcften die Infos zu den Bereichen Kraft, Computer, Energie, Licht &amp; Farbe und Chemie. Dabei war&hellip;&nbsp;Weiterlesen &raquo;Sonderausstellung \u201eTechnikland \u2013 auf Tour\u201c im Museum Bay. Vogtland in Hof","og_url":"https:\/\/www.muensterschule-hof.de\/wordpress\/schule\/kreativklasse-7a\/sonderausstellung-technikland-auf-tour-im-museum-bay-vogtland-in-hof\/","og_site_name":"M\u00fcnsterschule","og_image":[{"url":"https:\/\/www.muensterschule-hof.de\/wordpress\/wp-content\/uploads\/2022\/07\/Bild15-300x266.png","type":"","width":"","height":""}],"twitter_card":"summary_large_image","twitter_misc":{"Gesch\u00e4tzte Lesezeit":"1\u00a0Minute"},"schema":{"@context":"https:\/\/schema.org","@graph":[{"@type":"WebPage","@id":"https:\/\/www.muensterschule-hof.de\/wordpress\/schule\/kreativklasse-7a\/sonderausstellung-technikland-auf-tour-im-museum-bay-vogtland-in-hof\/","url":"https:\/\/www.muensterschule-hof.de\/wordpress\/schule\/kreativklasse-7a\/sonderausstellung-technikland-auf-tour-im-museum-bay-vogtland-in-hof\/","name":"Sonderausstellung \u201eTechnikland \u2013 auf Tour\u201c im Museum Bay. Vogtland in Hof - M\u00fcnsterschule","isPartOf":{"@id":"https:\/\/www.muensterschule-hof.de\/wordpress\/#website"},"primaryImageOfPage":{"@id":"https:\/\/www.muensterschule-hof.de\/wordpress\/schule\/kreativklasse-7a\/sonderausstellung-technikland-auf-tour-im-museum-bay-vogtland-in-hof\/#primaryimage"},"image":{"@id":"https:\/\/www.muensterschule-hof.de\/wordpress\/schule\/kreativklasse-7a\/sonderausstellung-technikland-auf-tour-im-museum-bay-vogtland-in-hof\/#primaryimage"},"thumbnailUrl":"https:\/\/www.muensterschule-hof.de\/wordpress\/wp-content\/uploads\/2022\/07\/Bild15-300x266.png","datePublished":"2022-07-13T19:40:25+00:00","breadcrumb":{"@id":"https:\/\/www.muensterschule-hof.de\/wordpress\/schule\/kreativklasse-7a\/sonderausstellung-technikland-auf-tour-im-museum-bay-vogtland-in-hof\/#breadcrumb"},"inLanguage":"de","potentialAction":[{"@type":"ReadAction","target":["https:\/\/www.muensterschule-hof.de\/wordpress\/schule\/kreativklasse-7a\/sonderausstellung-technikland-auf-tour-im-museum-bay-vogtland-in-hof\/"]}]},{"@type":"ImageObject","inLanguage":"de","@id":"https:\/\/www.muensterschule-hof.de\/wordpress\/schule\/kreativklasse-7a\/sonderausstellung-technikland-auf-tour-im-museum-bay-vogtland-in-hof\/#primaryimage","url":"https:\/\/www.muensterschule-hof.de\/wordpress\/wp-content\/uploads\/2022\/07\/Bild15.png","contentUrl":"https:\/\/www.muensterschule-hof.de\/wordpress\/wp-content\/uploads\/2022\/07\/Bild15.png","width":338,"height":300},{"@type":"BreadcrumbList","@id":"https:\/\/www.muensterschule-hof.de\/wordpress\/schule\/kreativklasse-7a\/sonderausstellung-technikland-auf-tour-im-museum-bay-vogtland-in-hof\/#breadcrumb","itemListElement":[{"@type":"ListItem","position":1,"name":"Startseite","item":"https:\/\/www.muensterschule-hof.de\/wordpress\/"},{"@type":"ListItem","position":2,"name":"Schulfamilie","item":"https:\/\/www.muensterschule-hof.de\/wordpress\/schule\/"},{"@type":"ListItem","position":3,"name":"Kreativklassen 7\/8\/9","item":"https:\/\/www.muensterschule-hof.de\/wordpress\/schule\/kreativklasse-7a\/"},{"@type":"ListItem","position":4,"name":"Sonderausstellung \u201eTechnikland \u2013 auf Tour\u201c im Museum Bay. Vogtland in Hof"}]},{"@type":"WebSite","@id":"https:\/\/www.muensterschule-hof.de\/wordpress\/#website","url":"https:\/\/www.muensterschule-hof.de\/wordpress\/","name":"M\u00fcnsterschule","description":"Deine Mittelschule in Hof","publisher":{"@id":"https:\/\/www.muensterschule-hof.de\/wordpress\/#organization"},"alternateName":"MMS Hof","potentialAction":[{"@type":"SearchAction","target":{"@type":"EntryPoint","urlTemplate":"https:\/\/www.muensterschule-hof.de\/wordpress\/?s={search_term_string}"},"query-input":{"@type":"PropertyValueSpecification","valueRequired":true,"valueName":"search_term_string"}}],"inLanguage":"de"},{"@type":"Organization","@id":"https:\/\/www.muensterschule-hof.de\/wordpress\/#organization","name":"M\u00fcnster-Mittelschule Hof","alternateName":"MMS Hof","url":"https:\/\/www.muensterschule-hof.de\/wordpress\/","logo":{"@type":"ImageObject","inLanguage":"de","@id":"https:\/\/www.muensterschule-hof.de\/wordpress\/#\/schema\/logo\/image\/","url":"https:\/\/www.muensterschule-hof.de\/wordpress\/wp-content\/uploads\/2018\/05\/cropped-MMS-Hof-final-1.png","contentUrl":"https:\/\/www.muensterschule-hof.de\/wordpress\/wp-content\/uploads\/2018\/05\/cropped-MMS-Hof-final-1.png","width":512,"height":512,"caption":"M\u00fcnster-Mittelschule Hof"},"image":{"@id":"https:\/\/www.muensterschule-hof.de\/wordpress\/#\/schema\/logo\/image\/"}}]}},"_links":{"self":[{"href":"https:\/\/www.muensterschule-hof.de\/wordpress\/wp-json\/wp\/v2\/pages\/2010","targetHints":{"allow":["GET"]}}],"collection":[{"href":"https:\/\/www.muensterschule-hof.de\/wordpress\/wp-json\/wp\/v2\/pages"}],"about":[{"href":"https:\/\/www.muensterschule-hof.de\/wordpress\/wp-json\/wp\/v2\/types\/page"}],"author":[{"embeddable":true,"href":"https:\/\/www.muensterschule-hof.de\/wordpress\/wp-json\/wp\/v2\/users\/1"}],"replies":[{"embeddable":true,"href":"https:\/\/www.muensterschule-hof.de\/wordpress\/wp-json\/wp\/v2\/comments?post=2010"}],"version-history":[{"count":1,"href":"https:\/\/www.muensterschule-hof.de\/wordpress\/wp-json\/wp\/v2\/pages\/2010\/revisions"}],"predecessor-version":[{"id":2013,"href":"https:\/\/www.muensterschule-hof.de\/wordpress\/wp-json\/wp\/v2\/pages\/2010\/revisions\/2013"}],"up":[{"embeddable":true,"href":"https:\/\/www.muensterschule-hof.de\/wordpress\/wp-json\/wp\/v2\/pages\/1905"}],"wp:attachment":[{"href":"https:\/\/www.muensterschule-hof.de\/wordpress\/wp-json\/wp\/v2\/media?parent=2010"}],"curies":[{"name":"wp","href":"https:\/\/api.w.org\/{rel}","templated":true}]}}