{"id":2030,"date":"2022-07-13T20:16:01","date_gmt":"2022-07-13T20:16:01","guid":{"rendered":"http:\/\/www.muensterschule-hof.de\/wordpress\/?page_id=2030"},"modified":"2022-07-13T20:22:31","modified_gmt":"2022-07-13T20:22:31","slug":"theaterfuehrung","status":"publish","type":"page","link":"https:\/\/www.muensterschule-hof.de\/wordpress\/schule\/kreativklasse-7a\/theaterfuehrung\/","title":{"rendered":"Theaterf\u00fchrung &#8211; Berufe und Arbeitsweisen im Theater kennenlernen"},"content":{"rendered":"<p>W\u00e4hrend einer 2,5 st\u00fcndigen F\u00fchrung konnten wir einen Blick in fast alle Abteilungen des Theaters werfen. Theaterp\u00e4dagogin und Mitarbeiter der Abteilungen erkl\u00e4rten und zeigten uns ihre Arbeit und beantworteten geduldig all unsere Fragen.<\/p>\n<p>&nbsp;<\/p>\n<p><img loading=\"lazy\" decoding=\"async\" class=\"size-medium wp-image-1917 aligncenter\" src=\"https:\/\/www.muensterschule-hof.de\/wordpress\/wp-content\/uploads\/2022\/07\/1-219x300.png\" alt=\"\" width=\"219\" height=\"300\" srcset=\"https:\/\/www.muensterschule-hof.de\/wordpress\/wp-content\/uploads\/2022\/07\/1-219x300.png 219w, https:\/\/www.muensterschule-hof.de\/wordpress\/wp-content\/uploads\/2022\/07\/1.png 408w\" sizes=\"auto, (max-width: 219px) 100vw, 219px\" \/><\/p>\n<p>&nbsp;<\/p>\n<p style=\"text-align: center;\">In der Maskenabteilung: \u201eKann man hier auch ein Praktikum machen? Das w\u00fcrde mich interessieren.\u201c<\/p>\n","protected":false},"excerpt":{"rendered":"<p>W\u00e4hrend einer 2,5 st\u00fcndigen F\u00fchrung konnten wir einen Blick in fast alle Abteilungen des Theaters werfen. Theaterp\u00e4dagogin und Mitarbeiter der Abteilungen erkl\u00e4rten und zeigten uns ihre Arbeit und beantworteten geduldig all unsere Fragen. &nbsp; &nbsp; In der Maskenabteilung: \u201eKann man hier auch ein Praktikum machen? Das w\u00fcrde mich interessieren.\u201c<\/p>\n","protected":false},"author":1,"featured_media":0,"parent":1905,"menu_order":0,"comment_status":"closed","ping_status":"closed","template":"","meta":{"neve_meta_sidebar":"","neve_meta_container":"","neve_meta_enable_content_width":"","neve_meta_content_width":0,"neve_meta_title_alignment":"","neve_meta_author_avatar":"","neve_post_elements_order":"","neve_meta_disable_header":"","neve_meta_disable_footer":"","neve_meta_disable_title":"","footnotes":""},"class_list":["post-2030","page","type-page","status-publish","hentry"],"yoast_head":"<!-- This site is optimized with the Yoast SEO plugin v27.3 - https:\/\/yoast.com\/product\/yoast-seo-wordpress\/ -->\n<title>Theaterf\u00fchrung - Berufe und Arbeitsweisen im Theater kennenlernen - M\u00fcnsterschule<\/title>\n<meta name=\"robots\" content=\"index, follow, max-snippet:-1, max-image-preview:large, max-video-preview:-1\" \/>\n<link rel=\"canonical\" href=\"https:\/\/www.muensterschule-hof.de\/wordpress\/schule\/kreativklasse-7a\/theaterfuehrung\/\" \/>\n<meta property=\"og:locale\" content=\"de_DE\" \/>\n<meta property=\"og:type\" content=\"article\" \/>\n<meta property=\"og:title\" content=\"Theaterf\u00fchrung - Berufe und Arbeitsweisen im Theater kennenlernen - M\u00fcnsterschule\" \/>\n<meta property=\"og:description\" content=\"W\u00e4hrend einer 2,5 st\u00fcndigen F\u00fchrung konnten wir einen Blick in fast alle Abteilungen des Theaters werfen. Theaterp\u00e4dagogin und Mitarbeiter der Abteilungen erkl\u00e4rten und zeigten uns ihre Arbeit und beantworteten geduldig all unsere Fragen. &nbsp; &nbsp; In der Maskenabteilung: \u201eKann man hier auch ein Praktikum machen? Das w\u00fcrde mich interessieren.\u201c\" \/>\n<meta property=\"og:url\" content=\"https:\/\/www.muensterschule-hof.de\/wordpress\/schule\/kreativklasse-7a\/theaterfuehrung\/\" \/>\n<meta property=\"og:site_name\" content=\"M\u00fcnsterschule\" \/>\n<meta property=\"article:modified_time\" content=\"2022-07-13T20:22:31+00:00\" \/>\n<meta property=\"og:image\" content=\"https:\/\/www.muensterschule-hof.de\/wordpress\/wp-content\/uploads\/2022\/07\/1-219x300.png\" \/>\n<meta name=\"twitter:card\" content=\"summary_large_image\" \/>\n<script type=\"application\/ld+json\" class=\"yoast-schema-graph\">{\"@context\":\"https:\\\/\\\/schema.org\",\"@graph\":[{\"@type\":\"WebPage\",\"@id\":\"https:\\\/\\\/www.muensterschule-hof.de\\\/wordpress\\\/schule\\\/kreativklasse-7a\\\/theaterfuehrung\\\/\",\"url\":\"https:\\\/\\\/www.muensterschule-hof.de\\\/wordpress\\\/schule\\\/kreativklasse-7a\\\/theaterfuehrung\\\/\",\"name\":\"Theaterf\u00fchrung - Berufe und Arbeitsweisen im Theater kennenlernen - M\u00fcnsterschule\",\"isPartOf\":{\"@id\":\"https:\\\/\\\/www.muensterschule-hof.de\\\/wordpress\\\/#website\"},\"primaryImageOfPage\":{\"@id\":\"https:\\\/\\\/www.muensterschule-hof.de\\\/wordpress\\\/schule\\\/kreativklasse-7a\\\/theaterfuehrung\\\/#primaryimage\"},\"image\":{\"@id\":\"https:\\\/\\\/www.muensterschule-hof.de\\\/wordpress\\\/schule\\\/kreativklasse-7a\\\/theaterfuehrung\\\/#primaryimage\"},\"thumbnailUrl\":\"https:\\\/\\\/www.muensterschule-hof.de\\\/wordpress\\\/wp-content\\\/uploads\\\/2022\\\/07\\\/1-219x300.png\",\"datePublished\":\"2022-07-13T20:16:01+00:00\",\"dateModified\":\"2022-07-13T20:22:31+00:00\",\"breadcrumb\":{\"@id\":\"https:\\\/\\\/www.muensterschule-hof.de\\\/wordpress\\\/schule\\\/kreativklasse-7a\\\/theaterfuehrung\\\/#breadcrumb\"},\"inLanguage\":\"de\",\"potentialAction\":[{\"@type\":\"ReadAction\",\"target\":[\"https:\\\/\\\/www.muensterschule-hof.de\\\/wordpress\\\/schule\\\/kreativklasse-7a\\\/theaterfuehrung\\\/\"]}]},{\"@type\":\"ImageObject\",\"inLanguage\":\"de\",\"@id\":\"https:\\\/\\\/www.muensterschule-hof.de\\\/wordpress\\\/schule\\\/kreativklasse-7a\\\/theaterfuehrung\\\/#primaryimage\",\"url\":\"https:\\\/\\\/www.muensterschule-hof.de\\\/wordpress\\\/wp-content\\\/uploads\\\/2022\\\/07\\\/1.png\",\"contentUrl\":\"https:\\\/\\\/www.muensterschule-hof.de\\\/wordpress\\\/wp-content\\\/uploads\\\/2022\\\/07\\\/1.png\",\"width\":408,\"height\":560},{\"@type\":\"BreadcrumbList\",\"@id\":\"https:\\\/\\\/www.muensterschule-hof.de\\\/wordpress\\\/schule\\\/kreativklasse-7a\\\/theaterfuehrung\\\/#breadcrumb\",\"itemListElement\":[{\"@type\":\"ListItem\",\"position\":1,\"name\":\"Startseite\",\"item\":\"https:\\\/\\\/www.muensterschule-hof.de\\\/wordpress\\\/\"},{\"@type\":\"ListItem\",\"position\":2,\"name\":\"Schulfamilie\",\"item\":\"https:\\\/\\\/www.muensterschule-hof.de\\\/wordpress\\\/schule\\\/\"},{\"@type\":\"ListItem\",\"position\":3,\"name\":\"Kreativklassen 7\\\/8\\\/9\",\"item\":\"https:\\\/\\\/www.muensterschule-hof.de\\\/wordpress\\\/schule\\\/kreativklasse-7a\\\/\"},{\"@type\":\"ListItem\",\"position\":4,\"name\":\"Theaterf\u00fchrung &#8211; Berufe und Arbeitsweisen im Theater kennenlernen\"}]},{\"@type\":\"WebSite\",\"@id\":\"https:\\\/\\\/www.muensterschule-hof.de\\\/wordpress\\\/#website\",\"url\":\"https:\\\/\\\/www.muensterschule-hof.de\\\/wordpress\\\/\",\"name\":\"M\u00fcnsterschule\",\"description\":\"Deine Mittelschule in Hof\",\"publisher\":{\"@id\":\"https:\\\/\\\/www.muensterschule-hof.de\\\/wordpress\\\/#organization\"},\"alternateName\":\"MMS Hof\",\"potentialAction\":[{\"@type\":\"SearchAction\",\"target\":{\"@type\":\"EntryPoint\",\"urlTemplate\":\"https:\\\/\\\/www.muensterschule-hof.de\\\/wordpress\\\/?s={search_term_string}\"},\"query-input\":{\"@type\":\"PropertyValueSpecification\",\"valueRequired\":true,\"valueName\":\"search_term_string\"}}],\"inLanguage\":\"de\"},{\"@type\":\"Organization\",\"@id\":\"https:\\\/\\\/www.muensterschule-hof.de\\\/wordpress\\\/#organization\",\"name\":\"M\u00fcnster-Mittelschule Hof\",\"alternateName\":\"MMS Hof\",\"url\":\"https:\\\/\\\/www.muensterschule-hof.de\\\/wordpress\\\/\",\"logo\":{\"@type\":\"ImageObject\",\"inLanguage\":\"de\",\"@id\":\"https:\\\/\\\/www.muensterschule-hof.de\\\/wordpress\\\/#\\\/schema\\\/logo\\\/image\\\/\",\"url\":\"https:\\\/\\\/www.muensterschule-hof.de\\\/wordpress\\\/wp-content\\\/uploads\\\/2018\\\/05\\\/cropped-MMS-Hof-final-1.png\",\"contentUrl\":\"https:\\\/\\\/www.muensterschule-hof.de\\\/wordpress\\\/wp-content\\\/uploads\\\/2018\\\/05\\\/cropped-MMS-Hof-final-1.png\",\"width\":512,\"height\":512,\"caption\":\"M\u00fcnster-Mittelschule Hof\"},\"image\":{\"@id\":\"https:\\\/\\\/www.muensterschule-hof.de\\\/wordpress\\\/#\\\/schema\\\/logo\\\/image\\\/\"}}]}<\/script>\n<!-- \/ Yoast SEO plugin. -->","yoast_head_json":{"title":"Theaterf\u00fchrung - Berufe und Arbeitsweisen im Theater kennenlernen - M\u00fcnsterschule","robots":{"index":"index","follow":"follow","max-snippet":"max-snippet:-1","max-image-preview":"max-image-preview:large","max-video-preview":"max-video-preview:-1"},"canonical":"https:\/\/www.muensterschule-hof.de\/wordpress\/schule\/kreativklasse-7a\/theaterfuehrung\/","og_locale":"de_DE","og_type":"article","og_title":"Theaterf\u00fchrung - Berufe und Arbeitsweisen im Theater kennenlernen - M\u00fcnsterschule","og_description":"W\u00e4hrend einer 2,5 st\u00fcndigen F\u00fchrung konnten wir einen Blick in fast alle Abteilungen des Theaters werfen. Theaterp\u00e4dagogin und Mitarbeiter der Abteilungen erkl\u00e4rten und zeigten uns ihre Arbeit und beantworteten geduldig all unsere Fragen. &nbsp; &nbsp; In der Maskenabteilung: \u201eKann man hier auch ein Praktikum machen? Das w\u00fcrde mich interessieren.\u201c","og_url":"https:\/\/www.muensterschule-hof.de\/wordpress\/schule\/kreativklasse-7a\/theaterfuehrung\/","og_site_name":"M\u00fcnsterschule","article_modified_time":"2022-07-13T20:22:31+00:00","og_image":[{"url":"https:\/\/www.muensterschule-hof.de\/wordpress\/wp-content\/uploads\/2022\/07\/1-219x300.png","type":"","width":"","height":""}],"twitter_card":"summary_large_image","schema":{"@context":"https:\/\/schema.org","@graph":[{"@type":"WebPage","@id":"https:\/\/www.muensterschule-hof.de\/wordpress\/schule\/kreativklasse-7a\/theaterfuehrung\/","url":"https:\/\/www.muensterschule-hof.de\/wordpress\/schule\/kreativklasse-7a\/theaterfuehrung\/","name":"Theaterf\u00fchrung - Berufe und Arbeitsweisen im Theater kennenlernen - M\u00fcnsterschule","isPartOf":{"@id":"https:\/\/www.muensterschule-hof.de\/wordpress\/#website"},"primaryImageOfPage":{"@id":"https:\/\/www.muensterschule-hof.de\/wordpress\/schule\/kreativklasse-7a\/theaterfuehrung\/#primaryimage"},"image":{"@id":"https:\/\/www.muensterschule-hof.de\/wordpress\/schule\/kreativklasse-7a\/theaterfuehrung\/#primaryimage"},"thumbnailUrl":"https:\/\/www.muensterschule-hof.de\/wordpress\/wp-content\/uploads\/2022\/07\/1-219x300.png","datePublished":"2022-07-13T20:16:01+00:00","dateModified":"2022-07-13T20:22:31+00:00","breadcrumb":{"@id":"https:\/\/www.muensterschule-hof.de\/wordpress\/schule\/kreativklasse-7a\/theaterfuehrung\/#breadcrumb"},"inLanguage":"de","potentialAction":[{"@type":"ReadAction","target":["https:\/\/www.muensterschule-hof.de\/wordpress\/schule\/kreativklasse-7a\/theaterfuehrung\/"]}]},{"@type":"ImageObject","inLanguage":"de","@id":"https:\/\/www.muensterschule-hof.de\/wordpress\/schule\/kreativklasse-7a\/theaterfuehrung\/#primaryimage","url":"https:\/\/www.muensterschule-hof.de\/wordpress\/wp-content\/uploads\/2022\/07\/1.png","contentUrl":"https:\/\/www.muensterschule-hof.de\/wordpress\/wp-content\/uploads\/2022\/07\/1.png","width":408,"height":560},{"@type":"BreadcrumbList","@id":"https:\/\/www.muensterschule-hof.de\/wordpress\/schule\/kreativklasse-7a\/theaterfuehrung\/#breadcrumb","itemListElement":[{"@type":"ListItem","position":1,"name":"Startseite","item":"https:\/\/www.muensterschule-hof.de\/wordpress\/"},{"@type":"ListItem","position":2,"name":"Schulfamilie","item":"https:\/\/www.muensterschule-hof.de\/wordpress\/schule\/"},{"@type":"ListItem","position":3,"name":"Kreativklassen 7\/8\/9","item":"https:\/\/www.muensterschule-hof.de\/wordpress\/schule\/kreativklasse-7a\/"},{"@type":"ListItem","position":4,"name":"Theaterf\u00fchrung &#8211; Berufe und Arbeitsweisen im Theater kennenlernen"}]},{"@type":"WebSite","@id":"https:\/\/www.muensterschule-hof.de\/wordpress\/#website","url":"https:\/\/www.muensterschule-hof.de\/wordpress\/","name":"M\u00fcnsterschule","description":"Deine Mittelschule in Hof","publisher":{"@id":"https:\/\/www.muensterschule-hof.de\/wordpress\/#organization"},"alternateName":"MMS Hof","potentialAction":[{"@type":"SearchAction","target":{"@type":"EntryPoint","urlTemplate":"https:\/\/www.muensterschule-hof.de\/wordpress\/?s={search_term_string}"},"query-input":{"@type":"PropertyValueSpecification","valueRequired":true,"valueName":"search_term_string"}}],"inLanguage":"de"},{"@type":"Organization","@id":"https:\/\/www.muensterschule-hof.de\/wordpress\/#organization","name":"M\u00fcnster-Mittelschule Hof","alternateName":"MMS Hof","url":"https:\/\/www.muensterschule-hof.de\/wordpress\/","logo":{"@type":"ImageObject","inLanguage":"de","@id":"https:\/\/www.muensterschule-hof.de\/wordpress\/#\/schema\/logo\/image\/","url":"https:\/\/www.muensterschule-hof.de\/wordpress\/wp-content\/uploads\/2018\/05\/cropped-MMS-Hof-final-1.png","contentUrl":"https:\/\/www.muensterschule-hof.de\/wordpress\/wp-content\/uploads\/2018\/05\/cropped-MMS-Hof-final-1.png","width":512,"height":512,"caption":"M\u00fcnster-Mittelschule Hof"},"image":{"@id":"https:\/\/www.muensterschule-hof.de\/wordpress\/#\/schema\/logo\/image\/"}}]}},"_links":{"self":[{"href":"https:\/\/www.muensterschule-hof.de\/wordpress\/wp-json\/wp\/v2\/pages\/2030","targetHints":{"allow":["GET"]}}],"collection":[{"href":"https:\/\/www.muensterschule-hof.de\/wordpress\/wp-json\/wp\/v2\/pages"}],"about":[{"href":"https:\/\/www.muensterschule-hof.de\/wordpress\/wp-json\/wp\/v2\/types\/page"}],"author":[{"embeddable":true,"href":"https:\/\/www.muensterschule-hof.de\/wordpress\/wp-json\/wp\/v2\/users\/1"}],"replies":[{"embeddable":true,"href":"https:\/\/www.muensterschule-hof.de\/wordpress\/wp-json\/wp\/v2\/comments?post=2030"}],"version-history":[{"count":3,"href":"https:\/\/www.muensterschule-hof.de\/wordpress\/wp-json\/wp\/v2\/pages\/2030\/revisions"}],"predecessor-version":[{"id":2034,"href":"https:\/\/www.muensterschule-hof.de\/wordpress\/wp-json\/wp\/v2\/pages\/2030\/revisions\/2034"}],"up":[{"embeddable":true,"href":"https:\/\/www.muensterschule-hof.de\/wordpress\/wp-json\/wp\/v2\/pages\/1905"}],"wp:attachment":[{"href":"https:\/\/www.muensterschule-hof.de\/wordpress\/wp-json\/wp\/v2\/media?parent=2030"}],"curies":[{"name":"wp","href":"https:\/\/api.w.org\/{rel}","templated":true}]}}