{"id":2993,"date":"2024-02-27T12:11:06","date_gmt":"2024-02-27T12:11:06","guid":{"rendered":"https:\/\/www.muensterschule-hof.de\/wordpress\/?page_id=2993"},"modified":"2024-03-04T09:50:47","modified_gmt":"2024-03-04T09:50:47","slug":"technik","status":"publish","type":"page","link":"https:\/\/www.muensterschule-hof.de\/wordpress\/technik\/","title":{"rendered":"Technik"},"content":{"rendered":"\n<p>Technik kann von den Sch\u00fcler:innen an der M\u00fcnsterschule Hof gew\u00e4hlt werden. In Technik entstehen an der M\u00fcnsterschule viele Projekte. Hier finden Sie ein paar Beispiele:<\/p>\n\n\n\n<div style=\"height:176px\" aria-hidden=\"true\" class=\"wp-block-spacer\"><\/div>\n\n\n\n<div class=\"wp-block-columns alignwide is-layout-flex wp-container-core-columns-is-layout-9d6595d7 wp-block-columns-is-layout-flex\">\n<div class=\"wp-block-column is-layout-flow wp-block-column-is-layout-flow\" style=\"flex-basis:25%\">\n<figure class=\"wp-block-image size-full\"><img loading=\"lazy\" decoding=\"async\" width=\"559\" height=\"907\" src=\"https:\/\/www.muensterschule-hof.de\/wordpress\/wp-content\/uploads\/2024\/02\/image-13.png\" alt=\"\" class=\"wp-image-2995\" srcset=\"https:\/\/www.muensterschule-hof.de\/wordpress\/wp-content\/uploads\/2024\/02\/image-13.png 559w, https:\/\/www.muensterschule-hof.de\/wordpress\/wp-content\/uploads\/2024\/02\/image-13-185x300.png 185w\" sizes=\"auto, (max-width: 559px) 100vw, 559px\" \/><figcaption class=\"wp-element-caption\">Mechatronik-Projekt der 10. Klasse Technik.<\/figcaption><\/figure>\n<\/div>\n\n\n\n<div class=\"wp-block-column is-layout-flow wp-block-column-is-layout-flow\" style=\"flex-basis:25%\">\n<div style=\"height:500px\" aria-hidden=\"true\" class=\"wp-block-spacer\"><\/div>\n\n\n\n<div style=\"height:150px\" aria-hidden=\"true\" class=\"wp-block-spacer\"><\/div>\n\n\n\n<figure class=\"wp-block-image size-full\"><img loading=\"lazy\" decoding=\"async\" width=\"628\" height=\"636\" src=\"https:\/\/www.muensterschule-hof.de\/wordpress\/wp-content\/uploads\/2024\/02\/image-15.png\" alt=\"\" class=\"wp-image-2997\" srcset=\"https:\/\/www.muensterschule-hof.de\/wordpress\/wp-content\/uploads\/2024\/02\/image-15.png 628w, https:\/\/www.muensterschule-hof.de\/wordpress\/wp-content\/uploads\/2024\/02\/image-15-296x300.png 296w\" sizes=\"auto, (max-width: 628px) 100vw, 628px\" \/><figcaption class=\"wp-element-caption\">selbstgebaute Klingel<\/figcaption><\/figure>\n<\/div>\n\n\n\n<div class=\"wp-block-column is-layout-flow wp-block-column-is-layout-flow\" style=\"flex-basis:45%\">\n<figure class=\"wp-block-image size-full\"><img loading=\"lazy\" decoding=\"async\" width=\"738\" height=\"664\" src=\"https:\/\/www.muensterschule-hof.de\/wordpress\/wp-content\/uploads\/2024\/02\/image-14.png\" alt=\"\" class=\"wp-image-2996\" srcset=\"https:\/\/www.muensterschule-hof.de\/wordpress\/wp-content\/uploads\/2024\/02\/image-14.png 738w, https:\/\/www.muensterschule-hof.de\/wordpress\/wp-content\/uploads\/2024\/02\/image-14-300x270.png 300w\" sizes=\"auto, (max-width: 738px) 100vw, 738px\" \/><figcaption class=\"wp-element-caption\">selbstgebaute Klingel<\/figcaption><\/figure>\n\n\n\n<div style=\"height:285px\" aria-hidden=\"true\" class=\"wp-block-spacer\"><\/div>\n<\/div>\n<\/div>\n\n\n\n<div style=\"height:212px\" aria-hidden=\"true\" class=\"wp-block-spacer\"><\/div>\n\n\n\n<div class=\"wp-block-cover alignfull\" style=\"padding-top:4vw;padding-right:4vw;padding-bottom:4vw;padding-left:4vw;min-height:66vh;aspect-ratio:unset;\"><span aria-hidden=\"true\" class=\"wp-block-cover__background has-black-background-color has-background-dim-100 has-background-dim\"><\/span><div class=\"wp-block-cover__inner-container is-layout-flow wp-block-cover-is-layout-flow\">\n<div class=\"wp-block-group is-content-justification-center is-nowrap is-layout-flex wp-container-core-group-is-layout-dbad4144 wp-block-group-is-layout-flex\">\n<figure class=\"wp-block-image size-full\"><img loading=\"lazy\" decoding=\"async\" width=\"486\" height=\"802\" src=\"https:\/\/www.muensterschule-hof.de\/wordpress\/wp-content\/uploads\/2024\/02\/image-16.png\" alt=\"\" class=\"wp-image-2998\" srcset=\"https:\/\/www.muensterschule-hof.de\/wordpress\/wp-content\/uploads\/2024\/02\/image-16.png 486w, https:\/\/www.muensterschule-hof.de\/wordpress\/wp-content\/uploads\/2024\/02\/image-16-182x300.png 182w\" sizes=\"auto, (max-width: 486px) 100vw, 486px\" \/><figcaption class=\"wp-element-caption\">Kleinprojekt der 8. Klassen Technik.<\/figcaption><\/figure>\n\n\n\n<figure class=\"wp-block-image size-full\"><img loading=\"lazy\" decoding=\"async\" width=\"481\" height=\"820\" src=\"https:\/\/www.muensterschule-hof.de\/wordpress\/wp-content\/uploads\/2024\/02\/image-17.png\" alt=\"\" class=\"wp-image-2999\" srcset=\"https:\/\/www.muensterschule-hof.de\/wordpress\/wp-content\/uploads\/2024\/02\/image-17.png 481w, https:\/\/www.muensterschule-hof.de\/wordpress\/wp-content\/uploads\/2024\/02\/image-17-176x300.png 176w\" sizes=\"auto, (max-width: 481px) 100vw, 481px\" \/><figcaption class=\"wp-element-caption\"> Elektrische Klingel mit Schalter in einer selbst gestalteten Box.<\/figcaption><\/figure>\n<\/div>\n<\/div><\/div>\n\n\n\n<div style=\"height:220px\" aria-hidden=\"true\" class=\"wp-block-spacer\"><\/div>\n\n\n\n<h1 class=\"wp-block-heading\">Alarmanlage 9. Klasse<\/h1>\n\n\n\n<figure class=\"wp-block-gallery alignwide has-nested-images columns-default is-cropped wp-block-gallery-1 is-layout-flex wp-block-gallery-is-layout-flex\">\n<figure class=\"wp-block-image size-large\"><img loading=\"lazy\" decoding=\"async\" width=\"425\" height=\"569\" data-id=\"3000\" src=\"https:\/\/www.muensterschule-hof.de\/wordpress\/wp-content\/uploads\/2024\/02\/image-18.png\" alt=\"\" class=\"wp-image-3000\" srcset=\"https:\/\/www.muensterschule-hof.de\/wordpress\/wp-content\/uploads\/2024\/02\/image-18.png 425w, https:\/\/www.muensterschule-hof.de\/wordpress\/wp-content\/uploads\/2024\/02\/image-18-224x300.png 224w\" sizes=\"auto, (max-width: 425px) 100vw, 425px\" \/><\/figure>\n\n\n\n<figure class=\"wp-block-image size-large\"><img loading=\"lazy\" decoding=\"async\" width=\"426\" height=\"569\" data-id=\"3001\" src=\"https:\/\/www.muensterschule-hof.de\/wordpress\/wp-content\/uploads\/2024\/02\/image-19.png\" alt=\"\" class=\"wp-image-3001\" srcset=\"https:\/\/www.muensterschule-hof.de\/wordpress\/wp-content\/uploads\/2024\/02\/image-19.png 426w, https:\/\/www.muensterschule-hof.de\/wordpress\/wp-content\/uploads\/2024\/02\/image-19-225x300.png 225w\" sizes=\"auto, (max-width: 426px) 100vw, 426px\" \/><\/figure>\n<\/figure>\n\n\n\n<div style=\"height:255px\" aria-hidden=\"true\" class=\"wp-block-spacer\"><\/div>\n\n\n\n<div class=\"wp-block-group\"><div class=\"wp-block-group__inner-container is-layout-flow wp-block-group-is-layout-flow\">\n<div class=\"wp-block-columns is-layout-flex wp-container-core-columns-is-layout-9d6595d7 wp-block-columns-is-layout-flex\">\n<div class=\"wp-block-column is-layout-flow wp-block-column-is-layout-flow\" style=\"flex-basis:66.66%\">\n<h2 class=\"wp-block-heading\">Spaghetti Ma\u00df mit der 7.<\/h2>\n<\/div>\n\n\n\n<div class=\"wp-block-column is-layout-flow wp-block-column-is-layout-flow\" style=\"flex-basis:33.33%\"><\/div>\n<\/div>\n\n\n\n<figure class=\"wp-block-gallery has-nested-images columns-4 is-cropped wp-block-gallery-2 is-layout-flex wp-block-gallery-is-layout-flex\">\n<figure class=\"wp-block-image size-large\"><img loading=\"lazy\" decoding=\"async\" width=\"390\" height=\"449\" data-id=\"3002\" src=\"https:\/\/www.muensterschule-hof.de\/wordpress\/wp-content\/uploads\/2024\/02\/image-20.png\" alt=\"\" class=\"wp-image-3002\" srcset=\"https:\/\/www.muensterschule-hof.de\/wordpress\/wp-content\/uploads\/2024\/02\/image-20.png 390w, https:\/\/www.muensterschule-hof.de\/wordpress\/wp-content\/uploads\/2024\/02\/image-20-261x300.png 261w\" sizes=\"auto, (max-width: 390px) 100vw, 390px\" \/><\/figure>\n\n\n\n<figure class=\"wp-block-image size-large\"><img loading=\"lazy\" decoding=\"async\" width=\"285\" height=\"307\" data-id=\"3003\" src=\"https:\/\/www.muensterschule-hof.de\/wordpress\/wp-content\/uploads\/2024\/02\/image-21.png\" alt=\"\" class=\"wp-image-3003\" srcset=\"https:\/\/www.muensterschule-hof.de\/wordpress\/wp-content\/uploads\/2024\/02\/image-21.png 285w, https:\/\/www.muensterschule-hof.de\/wordpress\/wp-content\/uploads\/2024\/02\/image-21-279x300.png 279w\" sizes=\"auto, (max-width: 285px) 100vw, 285px\" \/><\/figure>\n\n\n\n<figure class=\"wp-block-image size-large\"><img loading=\"lazy\" decoding=\"async\" width=\"232\" height=\"264\" data-id=\"3004\" src=\"https:\/\/www.muensterschule-hof.de\/wordpress\/wp-content\/uploads\/2024\/02\/image-22.png\" alt=\"\" class=\"wp-image-3004\"\/><\/figure>\n\n\n\n<figure class=\"wp-block-image size-large\"><img loading=\"lazy\" decoding=\"async\" width=\"198\" height=\"239\" data-id=\"3005\" src=\"https:\/\/www.muensterschule-hof.de\/wordpress\/wp-content\/uploads\/2024\/02\/image-23.png\" alt=\"\" class=\"wp-image-3005\"\/><\/figure>\n<\/figure>\n<\/div><\/div>\n","protected":false},"excerpt":{"rendered":"<p>Technik kann von den Sch\u00fcler:innen an der M\u00fcnsterschule Hof gew\u00e4hlt werden. In Technik entstehen an der M\u00fcnsterschule viele Projekte. Hier finden Sie ein paar Beispiele: Alarmanlage 9. Klasse Spaghetti Ma\u00df mit der 7.<\/p>\n","protected":false},"author":1,"featured_media":0,"parent":0,"menu_order":0,"comment_status":"closed","ping_status":"closed","template":"","meta":{"neve_meta_sidebar":"full-width","neve_meta_container":"","neve_meta_enable_content_width":"","neve_meta_content_width":0,"neve_meta_title_alignment":"","neve_meta_author_avatar":"","neve_post_elements_order":"","neve_meta_disable_header":"","neve_meta_disable_footer":"","neve_meta_disable_title":"","footnotes":""},"class_list":["post-2993","page","type-page","status-publish","hentry"],"yoast_head":"<!-- This site is optimized with the Yoast SEO plugin v27.5 - https:\/\/yoast.com\/product\/yoast-seo-wordpress\/ -->\n<title>Technik - M\u00fcnsterschule<\/title>\n<meta name=\"description\" content=\"Technik kann von den Sch\u00fcler:innen an der M\u00fcnsterschule Hof gew\u00e4hlt werden. In Technik entstehen an der M\u00fcnsterschule viele Projekte.\" \/>\n<meta name=\"robots\" content=\"index, follow, max-snippet:-1, max-image-preview:large, max-video-preview:-1\" \/>\n<link rel=\"canonical\" href=\"https:\/\/www.muensterschule-hof.de\/wordpress\/technik\/\" \/>\n<meta property=\"og:locale\" content=\"de_DE\" \/>\n<meta property=\"og:type\" content=\"article\" \/>\n<meta property=\"og:title\" content=\"Technik - M\u00fcnsterschule\" \/>\n<meta property=\"og:description\" content=\"Technik kann von den Sch\u00fcler:innen an der M\u00fcnsterschule Hof gew\u00e4hlt werden. In Technik entstehen an der M\u00fcnsterschule viele Projekte.\" \/>\n<meta property=\"og:url\" content=\"https:\/\/www.muensterschule-hof.de\/wordpress\/technik\/\" \/>\n<meta property=\"og:site_name\" content=\"M\u00fcnsterschule\" \/>\n<meta property=\"article:modified_time\" content=\"2024-03-04T09:50:47+00:00\" \/>\n<meta property=\"og:image\" content=\"https:\/\/www.muensterschule-hof.de\/wordpress\/wp-content\/uploads\/2024\/02\/image-13.png\" \/>\n<meta name=\"twitter:card\" content=\"summary_large_image\" \/>\n<meta name=\"twitter:label1\" content=\"Gesch\u00e4tzte Lesezeit\" \/>\n\t<meta name=\"twitter:data1\" content=\"3\u00a0Minuten\" \/>\n<script type=\"application\/ld+json\" class=\"yoast-schema-graph\">{\"@context\":\"https:\\\/\\\/schema.org\",\"@graph\":[{\"@type\":\"WebPage\",\"@id\":\"https:\\\/\\\/www.muensterschule-hof.de\\\/wordpress\\\/technik\\\/\",\"url\":\"https:\\\/\\\/www.muensterschule-hof.de\\\/wordpress\\\/technik\\\/\",\"name\":\"Technik - M\u00fcnsterschule\",\"isPartOf\":{\"@id\":\"https:\\\/\\\/www.muensterschule-hof.de\\\/wordpress\\\/#website\"},\"primaryImageOfPage\":{\"@id\":\"https:\\\/\\\/www.muensterschule-hof.de\\\/wordpress\\\/technik\\\/#primaryimage\"},\"image\":{\"@id\":\"https:\\\/\\\/www.muensterschule-hof.de\\\/wordpress\\\/technik\\\/#primaryimage\"},\"thumbnailUrl\":\"https:\\\/\\\/www.muensterschule-hof.de\\\/wordpress\\\/wp-content\\\/uploads\\\/2024\\\/02\\\/image-13.png\",\"datePublished\":\"2024-02-27T12:11:06+00:00\",\"dateModified\":\"2024-03-04T09:50:47+00:00\",\"description\":\"Technik kann von den Sch\u00fcler:innen an der M\u00fcnsterschule Hof gew\u00e4hlt werden. In Technik entstehen an der M\u00fcnsterschule viele Projekte.\",\"breadcrumb\":{\"@id\":\"https:\\\/\\\/www.muensterschule-hof.de\\\/wordpress\\\/technik\\\/#breadcrumb\"},\"inLanguage\":\"de\",\"potentialAction\":[{\"@type\":\"ReadAction\",\"target\":[\"https:\\\/\\\/www.muensterschule-hof.de\\\/wordpress\\\/technik\\\/\"]}]},{\"@type\":\"ImageObject\",\"inLanguage\":\"de\",\"@id\":\"https:\\\/\\\/www.muensterschule-hof.de\\\/wordpress\\\/technik\\\/#primaryimage\",\"url\":\"https:\\\/\\\/www.muensterschule-hof.de\\\/wordpress\\\/wp-content\\\/uploads\\\/2024\\\/02\\\/image-13.png\",\"contentUrl\":\"https:\\\/\\\/www.muensterschule-hof.de\\\/wordpress\\\/wp-content\\\/uploads\\\/2024\\\/02\\\/image-13.png\",\"width\":559,\"height\":907},{\"@type\":\"BreadcrumbList\",\"@id\":\"https:\\\/\\\/www.muensterschule-hof.de\\\/wordpress\\\/technik\\\/#breadcrumb\",\"itemListElement\":[{\"@type\":\"ListItem\",\"position\":1,\"name\":\"Startseite\",\"item\":\"https:\\\/\\\/www.muensterschule-hof.de\\\/wordpress\\\/\"},{\"@type\":\"ListItem\",\"position\":2,\"name\":\"Technik\"}]},{\"@type\":\"WebSite\",\"@id\":\"https:\\\/\\\/www.muensterschule-hof.de\\\/wordpress\\\/#website\",\"url\":\"https:\\\/\\\/www.muensterschule-hof.de\\\/wordpress\\\/\",\"name\":\"M\u00fcnsterschule\",\"description\":\"Deine Mittelschule in Hof\",\"publisher\":{\"@id\":\"https:\\\/\\\/www.muensterschule-hof.de\\\/wordpress\\\/#organization\"},\"alternateName\":\"MMS Hof\",\"potentialAction\":[{\"@type\":\"SearchAction\",\"target\":{\"@type\":\"EntryPoint\",\"urlTemplate\":\"https:\\\/\\\/www.muensterschule-hof.de\\\/wordpress\\\/?s={search_term_string}\"},\"query-input\":{\"@type\":\"PropertyValueSpecification\",\"valueRequired\":true,\"valueName\":\"search_term_string\"}}],\"inLanguage\":\"de\"},{\"@type\":\"Organization\",\"@id\":\"https:\\\/\\\/www.muensterschule-hof.de\\\/wordpress\\\/#organization\",\"name\":\"M\u00fcnster-Mittelschule Hof\",\"alternateName\":\"MMS Hof\",\"url\":\"https:\\\/\\\/www.muensterschule-hof.de\\\/wordpress\\\/\",\"logo\":{\"@type\":\"ImageObject\",\"inLanguage\":\"de\",\"@id\":\"https:\\\/\\\/www.muensterschule-hof.de\\\/wordpress\\\/#\\\/schema\\\/logo\\\/image\\\/\",\"url\":\"https:\\\/\\\/www.muensterschule-hof.de\\\/wordpress\\\/wp-content\\\/uploads\\\/2018\\\/05\\\/cropped-MMS-Hof-final-1.png\",\"contentUrl\":\"https:\\\/\\\/www.muensterschule-hof.de\\\/wordpress\\\/wp-content\\\/uploads\\\/2018\\\/05\\\/cropped-MMS-Hof-final-1.png\",\"width\":512,\"height\":512,\"caption\":\"M\u00fcnster-Mittelschule Hof\"},\"image\":{\"@id\":\"https:\\\/\\\/www.muensterschule-hof.de\\\/wordpress\\\/#\\\/schema\\\/logo\\\/image\\\/\"}}]}<\/script>\n<!-- \/ Yoast SEO plugin. -->","yoast_head_json":{"title":"Technik - M\u00fcnsterschule","description":"Technik kann von den Sch\u00fcler:innen an der M\u00fcnsterschule Hof gew\u00e4hlt werden. In Technik entstehen an der M\u00fcnsterschule viele Projekte.","robots":{"index":"index","follow":"follow","max-snippet":"max-snippet:-1","max-image-preview":"max-image-preview:large","max-video-preview":"max-video-preview:-1"},"canonical":"https:\/\/www.muensterschule-hof.de\/wordpress\/technik\/","og_locale":"de_DE","og_type":"article","og_title":"Technik - M\u00fcnsterschule","og_description":"Technik kann von den Sch\u00fcler:innen an der M\u00fcnsterschule Hof gew\u00e4hlt werden. In Technik entstehen an der M\u00fcnsterschule viele Projekte.","og_url":"https:\/\/www.muensterschule-hof.de\/wordpress\/technik\/","og_site_name":"M\u00fcnsterschule","article_modified_time":"2024-03-04T09:50:47+00:00","og_image":[{"url":"https:\/\/www.muensterschule-hof.de\/wordpress\/wp-content\/uploads\/2024\/02\/image-13.png","type":"","width":"","height":""}],"twitter_card":"summary_large_image","twitter_misc":{"Gesch\u00e4tzte Lesezeit":"3\u00a0Minuten"},"schema":{"@context":"https:\/\/schema.org","@graph":[{"@type":"WebPage","@id":"https:\/\/www.muensterschule-hof.de\/wordpress\/technik\/","url":"https:\/\/www.muensterschule-hof.de\/wordpress\/technik\/","name":"Technik - M\u00fcnsterschule","isPartOf":{"@id":"https:\/\/www.muensterschule-hof.de\/wordpress\/#website"},"primaryImageOfPage":{"@id":"https:\/\/www.muensterschule-hof.de\/wordpress\/technik\/#primaryimage"},"image":{"@id":"https:\/\/www.muensterschule-hof.de\/wordpress\/technik\/#primaryimage"},"thumbnailUrl":"https:\/\/www.muensterschule-hof.de\/wordpress\/wp-content\/uploads\/2024\/02\/image-13.png","datePublished":"2024-02-27T12:11:06+00:00","dateModified":"2024-03-04T09:50:47+00:00","description":"Technik kann von den Sch\u00fcler:innen an der M\u00fcnsterschule Hof gew\u00e4hlt werden. In Technik entstehen an der M\u00fcnsterschule viele Projekte.","breadcrumb":{"@id":"https:\/\/www.muensterschule-hof.de\/wordpress\/technik\/#breadcrumb"},"inLanguage":"de","potentialAction":[{"@type":"ReadAction","target":["https:\/\/www.muensterschule-hof.de\/wordpress\/technik\/"]}]},{"@type":"ImageObject","inLanguage":"de","@id":"https:\/\/www.muensterschule-hof.de\/wordpress\/technik\/#primaryimage","url":"https:\/\/www.muensterschule-hof.de\/wordpress\/wp-content\/uploads\/2024\/02\/image-13.png","contentUrl":"https:\/\/www.muensterschule-hof.de\/wordpress\/wp-content\/uploads\/2024\/02\/image-13.png","width":559,"height":907},{"@type":"BreadcrumbList","@id":"https:\/\/www.muensterschule-hof.de\/wordpress\/technik\/#breadcrumb","itemListElement":[{"@type":"ListItem","position":1,"name":"Startseite","item":"https:\/\/www.muensterschule-hof.de\/wordpress\/"},{"@type":"ListItem","position":2,"name":"Technik"}]},{"@type":"WebSite","@id":"https:\/\/www.muensterschule-hof.de\/wordpress\/#website","url":"https:\/\/www.muensterschule-hof.de\/wordpress\/","name":"M\u00fcnsterschule","description":"Deine Mittelschule in Hof","publisher":{"@id":"https:\/\/www.muensterschule-hof.de\/wordpress\/#organization"},"alternateName":"MMS Hof","potentialAction":[{"@type":"SearchAction","target":{"@type":"EntryPoint","urlTemplate":"https:\/\/www.muensterschule-hof.de\/wordpress\/?s={search_term_string}"},"query-input":{"@type":"PropertyValueSpecification","valueRequired":true,"valueName":"search_term_string"}}],"inLanguage":"de"},{"@type":"Organization","@id":"https:\/\/www.muensterschule-hof.de\/wordpress\/#organization","name":"M\u00fcnster-Mittelschule Hof","alternateName":"MMS Hof","url":"https:\/\/www.muensterschule-hof.de\/wordpress\/","logo":{"@type":"ImageObject","inLanguage":"de","@id":"https:\/\/www.muensterschule-hof.de\/wordpress\/#\/schema\/logo\/image\/","url":"https:\/\/www.muensterschule-hof.de\/wordpress\/wp-content\/uploads\/2018\/05\/cropped-MMS-Hof-final-1.png","contentUrl":"https:\/\/www.muensterschule-hof.de\/wordpress\/wp-content\/uploads\/2018\/05\/cropped-MMS-Hof-final-1.png","width":512,"height":512,"caption":"M\u00fcnster-Mittelschule Hof"},"image":{"@id":"https:\/\/www.muensterschule-hof.de\/wordpress\/#\/schema\/logo\/image\/"}}]}},"_links":{"self":[{"href":"https:\/\/www.muensterschule-hof.de\/wordpress\/wp-json\/wp\/v2\/pages\/2993","targetHints":{"allow":["GET"]}}],"collection":[{"href":"https:\/\/www.muensterschule-hof.de\/wordpress\/wp-json\/wp\/v2\/pages"}],"about":[{"href":"https:\/\/www.muensterschule-hof.de\/wordpress\/wp-json\/wp\/v2\/types\/page"}],"author":[{"embeddable":true,"href":"https:\/\/www.muensterschule-hof.de\/wordpress\/wp-json\/wp\/v2\/users\/1"}],"replies":[{"embeddable":true,"href":"https:\/\/www.muensterschule-hof.de\/wordpress\/wp-json\/wp\/v2\/comments?post=2993"}],"version-history":[{"count":1,"href":"https:\/\/www.muensterschule-hof.de\/wordpress\/wp-json\/wp\/v2\/pages\/2993\/revisions"}],"predecessor-version":[{"id":3007,"href":"https:\/\/www.muensterschule-hof.de\/wordpress\/wp-json\/wp\/v2\/pages\/2993\/revisions\/3007"}],"wp:attachment":[{"href":"https:\/\/www.muensterschule-hof.de\/wordpress\/wp-json\/wp\/v2\/media?parent=2993"}],"curies":[{"name":"wp","href":"https:\/\/api.w.org\/{rel}","templated":true}]}}