{"id":303,"date":"2017-11-26T07:43:18","date_gmt":"2017-11-26T07:43:18","guid":{"rendered":"http:\/\/www.muensterschule-hof.de\/wordpress\/?page_id=303"},"modified":"2024-10-12T19:17:08","modified_gmt":"2024-10-12T19:17:08","slug":"berufsberatung","status":"publish","type":"page","link":"https:\/\/www.muensterschule-hof.de\/wordpress\/schule\/berufsberatung\/","title":{"rendered":"Berufsberatung"},"content":{"rendered":"\n<div class=\"wp-block-columns is-layout-flex wp-container-core-columns-is-layout-9d6595d7 wp-block-columns-is-layout-flex\">\n<div class=\"wp-block-column is-layout-flow wp-block-column-is-layout-flow\" style=\"flex-basis:50%\">\n<h2 class=\"wp-block-heading\">Maria Zeitler<\/h2>\n\n\n\n<figure class=\"wp-block-image size-large is-resized\"><img loading=\"lazy\" decoding=\"async\" width=\"1024\" height=\"768\" src=\"https:\/\/www.muensterschule-hof.de\/wordpress\/wp-content\/uploads\/2024\/10\/Zeitler_Skype_neu-1024x768.jpg\" alt=\"\" class=\"wp-image-3414\" style=\"width:419px;height:auto\" srcset=\"https:\/\/www.muensterschule-hof.de\/wordpress\/wp-content\/uploads\/2024\/10\/Zeitler_Skype_neu-1024x768.jpg 1024w, https:\/\/www.muensterschule-hof.de\/wordpress\/wp-content\/uploads\/2024\/10\/Zeitler_Skype_neu-1536x1152.jpg 1536w, https:\/\/www.muensterschule-hof.de\/wordpress\/wp-content\/uploads\/2024\/10\/Zeitler_Skype_neu-2048x1536.jpg 2048w\" sizes=\"auto, (max-width: 1024px) 100vw, 1024px\" \/><\/figure>\n\n\n\n<p><\/p>\n\n\n\n<p>Ich freue mich darauf, dich bei deiner Berufswahl und Ausbildungsplatzsuche begleiten zu d\u00fcrfen!<br><br>Bis bald<br>Berufsberaterin Frau Zeitler<br>Agentur f\u00fcr Arbeit Hof<\/p>\n\n\n\n<figure class=\"wp-block-image\"><img loading=\"lazy\" decoding=\"async\" width=\"520\" height=\"148\" src=\"https:\/\/www.muensterschule-hof.de\/wordpress\/wp-content\/uploads\/2021\/02\/Logo_BA_allgemein.png\" alt=\"\" class=\"wp-image-1553\" srcset=\"https:\/\/www.muensterschule-hof.de\/wordpress\/wp-content\/uploads\/2021\/02\/Logo_BA_allgemein.png 520w, https:\/\/www.muensterschule-hof.de\/wordpress\/wp-content\/uploads\/2021\/02\/Logo_BA_allgemein-300x85.png 300w\" sizes=\"auto, (max-width: 520px) 100vw, 520px\" \/><\/figure>\n<\/div>\n\n\n\n<div class=\"wp-block-column is-layout-flow wp-block-column-is-layout-flow\" style=\"flex-basis:50%\">\n<h2 class=\"wp-block-heading\">Unsere Berufsberaterin<\/h2>\n\n\n\n<blockquote class=\"wp-block-quote is-layout-flow wp-block-quote-is-layout-flow\">\n<p class=\"has-large-font-size\">Du stehst vor einer spannenden Frage: <em>\u201eWie geht es nach der Schule f\u00fcr mich weiter?\u201c<\/em><\/p>\n<\/blockquote>\n\n\n\n<p><\/p>\n\n\n\n<p><\/p>\n\n\n\n<h3 class=\"wp-block-heading\"><br><strong>Gemeinsam finden wir den richtigen Weg f\u00fcr dich!<\/strong><\/h3>\n\n\n\n<div class=\"wp-block-group is-vertical is-layout-flex wp-container-core-group-is-layout-8cf370e7 wp-block-group-is-layout-flex\">\n<ul class=\"wp-block-list\">\n<li>Was sind meine St\u00e4rken?<\/li>\n<\/ul>\n\n\n\n<ul class=\"wp-block-list\">\n<li>Welche M\u00f6glichkeiten habe ich nach der Schule?<\/li>\n<\/ul>\n\n\n\n<ul class=\"wp-block-list\">\n<li>Welcher Beruf passt zu mir?<\/li>\n<\/ul>\n\n\n\n<ul class=\"wp-block-list\">\n<li>Wo kann ich einen Berufswahltest machen?<\/li>\n<\/ul>\n\n\n\n<ul class=\"wp-block-list\">\n<li>Wo finde ich eine Ausbildungsstelle?<\/li>\n<\/ul>\n\n\n\n<ul class=\"wp-block-list\">\n<li>Wie schreibe ich eine Bewerbung?<\/li>\n<\/ul>\n\n\n\n<ul class=\"wp-block-list\">\n<li>Plan B?<\/li>\n<\/ul>\n<\/div>\n\n\n\n<p>Hilfe bei gesundheitlichen Problemen<\/p>\n\n\n\n<h3 class=\"wp-block-heading\"><\/h3>\n<\/div>\n<\/div>\n\n\n\n<p><\/p>\n\n\n\n<p>Ich bin regelm\u00e4\u00dfig an deiner Schule, Aush\u00e4nge findest du im Klassenzimmer.<\/p>\n\n\n\n<p>Die pers\u00f6nliche Beratung ist selbstverst\u00e4ndlich neutral und kostenlos!<\/p>\n\n\n\n<p>Du bestimmst, was du besprechen m\u00f6chtest und du selbst triffst die Entscheidung f\u00fcr oder gegen eine bestimmte Ausbildung.<\/p>\n\n\n\n<p>Gerne berate ich dich (auch gemeinsam mit deinen Eltern) au\u00dferhalb der Schule pers\u00f6nlich, per Telefon oder per Video (Skype).<\/p>\n\n\n\n<p>Komm in der Schule auf mich zu oder vereinbare jederzeit einen Termin:<\/p>\n\n\n\n<p>\u2022 online unter <a href=\"https:\/\/www.arbeitsagentur.de\/bildung\/berufsberatung#termin-vereinbaren\">https:\/\/www.arbeitsagentur.de\/bildung\/berufsberatung#termin-vereinbaren<\/a><\/p>\n\n\n\n<p>\u2022 telefonisch von montags bis freitags von 8 bis 18 Uhr unter Nr. 0800 4 5555 00 (kostenfrei) \u2022 per E-Mail: <a href=\"mailto:Hof.Berufsberatung@arbeitsagentur.de\">Hof.Berufsberatung@arbeitsagentur.de<\/a><\/p>\n\n\n\n<figure class=\"wp-block-image size-large\"><img loading=\"lazy\" decoding=\"async\" width=\"1024\" height=\"1024\" src=\"https:\/\/www.muensterschule-hof.de\/wordpress\/wp-content\/uploads\/2023\/10\/image-10-1024x1024.png\" alt=\"\" class=\"wp-image-2497\" srcset=\"https:\/\/www.muensterschule-hof.de\/wordpress\/wp-content\/uploads\/2023\/10\/image-10-1024x1024.png 1024w, https:\/\/www.muensterschule-hof.de\/wordpress\/wp-content\/uploads\/2023\/10\/image-10-300x300.png 300w, https:\/\/www.muensterschule-hof.de\/wordpress\/wp-content\/uploads\/2023\/10\/image-10-150x150.png 150w, https:\/\/www.muensterschule-hof.de\/wordpress\/wp-content\/uploads\/2023\/10\/image-10.png 1238w\" sizes=\"auto, (max-width: 1024px) 100vw, 1024px\" \/><\/figure>\n\n\n\n<p><br><\/p>\n\n\n\n<p><span style=\"color: #ff0000;\"><a style=\"color: #ff0000;\" href=\"https:\/\/www.muensterschule-hof.de\/wordpress\/?page_id=64\">zur\u00fcck<\/a><\/span><\/p>\n","protected":false},"excerpt":{"rendered":"<p>Maria Zeitler Ich freue mich darauf, dich bei deiner Berufswahl und Ausbildungsplatzsuche begleiten zu d\u00fcrfen! Bis baldBerufsberaterin Frau ZeitlerAgentur f\u00fcr Arbeit Hof Unsere Berufsberaterin Du stehst vor einer spannenden Frage: \u201eWie geht es nach der Schule f\u00fcr mich weiter?\u201c Gemeinsam finden wir den richtigen Weg f\u00fcr dich! Hilfe bei gesundheitlichen Problemen Ich bin regelm\u00e4\u00dfig an&hellip;&nbsp;<a href=\"https:\/\/www.muensterschule-hof.de\/wordpress\/schule\/berufsberatung\/\" rel=\"bookmark\">Weiterlesen &raquo;<span class=\"screen-reader-text\">Berufsberatung<\/span><\/a><\/p>\n","protected":false},"author":1,"featured_media":0,"parent":64,"menu_order":0,"comment_status":"closed","ping_status":"closed","template":"","meta":{"neve_meta_sidebar":"","neve_meta_container":"","neve_meta_enable_content_width":"","neve_meta_content_width":0,"neve_meta_title_alignment":"","neve_meta_author_avatar":"","neve_post_elements_order":"","neve_meta_disable_header":"","neve_meta_disable_footer":"","neve_meta_disable_title":"","footnotes":""},"class_list":["post-303","page","type-page","status-publish","hentry"],"yoast_head":"<!-- This site is optimized with the Yoast SEO plugin v27.4 - https:\/\/yoast.com\/product\/yoast-seo-wordpress\/ -->\n<title>Berufsberatung - M\u00fcnsterschule<\/title>\n<meta name=\"robots\" content=\"index, follow, max-snippet:-1, max-image-preview:large, max-video-preview:-1\" \/>\n<link rel=\"canonical\" href=\"https:\/\/www.muensterschule-hof.de\/wordpress\/schule\/berufsberatung\/\" \/>\n<meta property=\"og:locale\" content=\"de_DE\" \/>\n<meta property=\"og:type\" content=\"article\" \/>\n<meta property=\"og:title\" content=\"Berufsberatung - M\u00fcnsterschule\" \/>\n<meta property=\"og:description\" content=\"Maria Zeitler Ich freue mich darauf, dich bei deiner Berufswahl und Ausbildungsplatzsuche begleiten zu d\u00fcrfen! Bis baldBerufsberaterin Frau ZeitlerAgentur f\u00fcr Arbeit Hof Unsere Berufsberaterin Du stehst vor einer spannenden Frage: \u201eWie geht es nach der Schule f\u00fcr mich weiter?\u201c Gemeinsam finden wir den richtigen Weg f\u00fcr dich! Hilfe bei gesundheitlichen Problemen Ich bin regelm\u00e4\u00dfig an&hellip;&nbsp;Weiterlesen &raquo;Berufsberatung\" \/>\n<meta property=\"og:url\" content=\"https:\/\/www.muensterschule-hof.de\/wordpress\/schule\/berufsberatung\/\" \/>\n<meta property=\"og:site_name\" content=\"M\u00fcnsterschule\" \/>\n<meta property=\"article:modified_time\" content=\"2024-10-12T19:17:08+00:00\" \/>\n<meta property=\"og:image\" content=\"https:\/\/www.muensterschule-hof.de\/wordpress\/wp-content\/uploads\/2024\/10\/Zeitler_Skype_neu-scaled.jpg\" \/>\n\t<meta property=\"og:image:width\" content=\"2560\" \/>\n\t<meta property=\"og:image:height\" content=\"1920\" \/>\n\t<meta property=\"og:image:type\" content=\"image\/jpeg\" \/>\n<meta name=\"twitter:card\" content=\"summary_large_image\" \/>\n<meta name=\"twitter:label1\" content=\"Gesch\u00e4tzte Lesezeit\" \/>\n\t<meta name=\"twitter:data1\" content=\"2\u00a0Minuten\" \/>\n<script type=\"application\/ld+json\" class=\"yoast-schema-graph\">{\"@context\":\"https:\\\/\\\/schema.org\",\"@graph\":[{\"@type\":\"WebPage\",\"@id\":\"https:\\\/\\\/www.muensterschule-hof.de\\\/wordpress\\\/schule\\\/berufsberatung\\\/\",\"url\":\"https:\\\/\\\/www.muensterschule-hof.de\\\/wordpress\\\/schule\\\/berufsberatung\\\/\",\"name\":\"Berufsberatung - M\u00fcnsterschule\",\"isPartOf\":{\"@id\":\"https:\\\/\\\/www.muensterschule-hof.de\\\/wordpress\\\/#website\"},\"primaryImageOfPage\":{\"@id\":\"https:\\\/\\\/www.muensterschule-hof.de\\\/wordpress\\\/schule\\\/berufsberatung\\\/#primaryimage\"},\"image\":{\"@id\":\"https:\\\/\\\/www.muensterschule-hof.de\\\/wordpress\\\/schule\\\/berufsberatung\\\/#primaryimage\"},\"thumbnailUrl\":\"https:\\\/\\\/www.muensterschule-hof.de\\\/wordpress\\\/wp-content\\\/uploads\\\/2024\\\/10\\\/Zeitler_Skype_neu-1024x768.jpg\",\"datePublished\":\"2017-11-26T07:43:18+00:00\",\"dateModified\":\"2024-10-12T19:17:08+00:00\",\"breadcrumb\":{\"@id\":\"https:\\\/\\\/www.muensterschule-hof.de\\\/wordpress\\\/schule\\\/berufsberatung\\\/#breadcrumb\"},\"inLanguage\":\"de\",\"potentialAction\":[{\"@type\":\"ReadAction\",\"target\":[\"https:\\\/\\\/www.muensterschule-hof.de\\\/wordpress\\\/schule\\\/berufsberatung\\\/\"]}]},{\"@type\":\"ImageObject\",\"inLanguage\":\"de\",\"@id\":\"https:\\\/\\\/www.muensterschule-hof.de\\\/wordpress\\\/schule\\\/berufsberatung\\\/#primaryimage\",\"url\":\"https:\\\/\\\/www.muensterschule-hof.de\\\/wordpress\\\/wp-content\\\/uploads\\\/2024\\\/10\\\/Zeitler_Skype_neu-scaled.jpg\",\"contentUrl\":\"https:\\\/\\\/www.muensterschule-hof.de\\\/wordpress\\\/wp-content\\\/uploads\\\/2024\\\/10\\\/Zeitler_Skype_neu-scaled.jpg\",\"width\":2560,\"height\":1920},{\"@type\":\"BreadcrumbList\",\"@id\":\"https:\\\/\\\/www.muensterschule-hof.de\\\/wordpress\\\/schule\\\/berufsberatung\\\/#breadcrumb\",\"itemListElement\":[{\"@type\":\"ListItem\",\"position\":1,\"name\":\"Startseite\",\"item\":\"https:\\\/\\\/www.muensterschule-hof.de\\\/wordpress\\\/\"},{\"@type\":\"ListItem\",\"position\":2,\"name\":\"Schulfamilie\",\"item\":\"https:\\\/\\\/www.muensterschule-hof.de\\\/wordpress\\\/schule\\\/\"},{\"@type\":\"ListItem\",\"position\":3,\"name\":\"Berufsberatung\"}]},{\"@type\":\"WebSite\",\"@id\":\"https:\\\/\\\/www.muensterschule-hof.de\\\/wordpress\\\/#website\",\"url\":\"https:\\\/\\\/www.muensterschule-hof.de\\\/wordpress\\\/\",\"name\":\"M\u00fcnsterschule\",\"description\":\"Deine Mittelschule in Hof\",\"publisher\":{\"@id\":\"https:\\\/\\\/www.muensterschule-hof.de\\\/wordpress\\\/#organization\"},\"alternateName\":\"MMS Hof\",\"potentialAction\":[{\"@type\":\"SearchAction\",\"target\":{\"@type\":\"EntryPoint\",\"urlTemplate\":\"https:\\\/\\\/www.muensterschule-hof.de\\\/wordpress\\\/?s={search_term_string}\"},\"query-input\":{\"@type\":\"PropertyValueSpecification\",\"valueRequired\":true,\"valueName\":\"search_term_string\"}}],\"inLanguage\":\"de\"},{\"@type\":\"Organization\",\"@id\":\"https:\\\/\\\/www.muensterschule-hof.de\\\/wordpress\\\/#organization\",\"name\":\"M\u00fcnster-Mittelschule Hof\",\"alternateName\":\"MMS Hof\",\"url\":\"https:\\\/\\\/www.muensterschule-hof.de\\\/wordpress\\\/\",\"logo\":{\"@type\":\"ImageObject\",\"inLanguage\":\"de\",\"@id\":\"https:\\\/\\\/www.muensterschule-hof.de\\\/wordpress\\\/#\\\/schema\\\/logo\\\/image\\\/\",\"url\":\"https:\\\/\\\/www.muensterschule-hof.de\\\/wordpress\\\/wp-content\\\/uploads\\\/2018\\\/05\\\/cropped-MMS-Hof-final-1.png\",\"contentUrl\":\"https:\\\/\\\/www.muensterschule-hof.de\\\/wordpress\\\/wp-content\\\/uploads\\\/2018\\\/05\\\/cropped-MMS-Hof-final-1.png\",\"width\":512,\"height\":512,\"caption\":\"M\u00fcnster-Mittelschule Hof\"},\"image\":{\"@id\":\"https:\\\/\\\/www.muensterschule-hof.de\\\/wordpress\\\/#\\\/schema\\\/logo\\\/image\\\/\"}}]}<\/script>\n<!-- \/ Yoast SEO plugin. -->","yoast_head_json":{"title":"Berufsberatung - M\u00fcnsterschule","robots":{"index":"index","follow":"follow","max-snippet":"max-snippet:-1","max-image-preview":"max-image-preview:large","max-video-preview":"max-video-preview:-1"},"canonical":"https:\/\/www.muensterschule-hof.de\/wordpress\/schule\/berufsberatung\/","og_locale":"de_DE","og_type":"article","og_title":"Berufsberatung - M\u00fcnsterschule","og_description":"Maria Zeitler Ich freue mich darauf, dich bei deiner Berufswahl und Ausbildungsplatzsuche begleiten zu d\u00fcrfen! Bis baldBerufsberaterin Frau ZeitlerAgentur f\u00fcr Arbeit Hof Unsere Berufsberaterin Du stehst vor einer spannenden Frage: \u201eWie geht es nach der Schule f\u00fcr mich weiter?\u201c Gemeinsam finden wir den richtigen Weg f\u00fcr dich! Hilfe bei gesundheitlichen Problemen Ich bin regelm\u00e4\u00dfig an&hellip;&nbsp;Weiterlesen &raquo;Berufsberatung","og_url":"https:\/\/www.muensterschule-hof.de\/wordpress\/schule\/berufsberatung\/","og_site_name":"M\u00fcnsterschule","article_modified_time":"2024-10-12T19:17:08+00:00","og_image":[{"width":2560,"height":1920,"url":"https:\/\/www.muensterschule-hof.de\/wordpress\/wp-content\/uploads\/2024\/10\/Zeitler_Skype_neu-scaled.jpg","type":"image\/jpeg"}],"twitter_card":"summary_large_image","twitter_misc":{"Gesch\u00e4tzte Lesezeit":"2\u00a0Minuten"},"schema":{"@context":"https:\/\/schema.org","@graph":[{"@type":"WebPage","@id":"https:\/\/www.muensterschule-hof.de\/wordpress\/schule\/berufsberatung\/","url":"https:\/\/www.muensterschule-hof.de\/wordpress\/schule\/berufsberatung\/","name":"Berufsberatung - M\u00fcnsterschule","isPartOf":{"@id":"https:\/\/www.muensterschule-hof.de\/wordpress\/#website"},"primaryImageOfPage":{"@id":"https:\/\/www.muensterschule-hof.de\/wordpress\/schule\/berufsberatung\/#primaryimage"},"image":{"@id":"https:\/\/www.muensterschule-hof.de\/wordpress\/schule\/berufsberatung\/#primaryimage"},"thumbnailUrl":"https:\/\/www.muensterschule-hof.de\/wordpress\/wp-content\/uploads\/2024\/10\/Zeitler_Skype_neu-1024x768.jpg","datePublished":"2017-11-26T07:43:18+00:00","dateModified":"2024-10-12T19:17:08+00:00","breadcrumb":{"@id":"https:\/\/www.muensterschule-hof.de\/wordpress\/schule\/berufsberatung\/#breadcrumb"},"inLanguage":"de","potentialAction":[{"@type":"ReadAction","target":["https:\/\/www.muensterschule-hof.de\/wordpress\/schule\/berufsberatung\/"]}]},{"@type":"ImageObject","inLanguage":"de","@id":"https:\/\/www.muensterschule-hof.de\/wordpress\/schule\/berufsberatung\/#primaryimage","url":"https:\/\/www.muensterschule-hof.de\/wordpress\/wp-content\/uploads\/2024\/10\/Zeitler_Skype_neu-scaled.jpg","contentUrl":"https:\/\/www.muensterschule-hof.de\/wordpress\/wp-content\/uploads\/2024\/10\/Zeitler_Skype_neu-scaled.jpg","width":2560,"height":1920},{"@type":"BreadcrumbList","@id":"https:\/\/www.muensterschule-hof.de\/wordpress\/schule\/berufsberatung\/#breadcrumb","itemListElement":[{"@type":"ListItem","position":1,"name":"Startseite","item":"https:\/\/www.muensterschule-hof.de\/wordpress\/"},{"@type":"ListItem","position":2,"name":"Schulfamilie","item":"https:\/\/www.muensterschule-hof.de\/wordpress\/schule\/"},{"@type":"ListItem","position":3,"name":"Berufsberatung"}]},{"@type":"WebSite","@id":"https:\/\/www.muensterschule-hof.de\/wordpress\/#website","url":"https:\/\/www.muensterschule-hof.de\/wordpress\/","name":"M\u00fcnsterschule","description":"Deine Mittelschule in Hof","publisher":{"@id":"https:\/\/www.muensterschule-hof.de\/wordpress\/#organization"},"alternateName":"MMS Hof","potentialAction":[{"@type":"SearchAction","target":{"@type":"EntryPoint","urlTemplate":"https:\/\/www.muensterschule-hof.de\/wordpress\/?s={search_term_string}"},"query-input":{"@type":"PropertyValueSpecification","valueRequired":true,"valueName":"search_term_string"}}],"inLanguage":"de"},{"@type":"Organization","@id":"https:\/\/www.muensterschule-hof.de\/wordpress\/#organization","name":"M\u00fcnster-Mittelschule Hof","alternateName":"MMS Hof","url":"https:\/\/www.muensterschule-hof.de\/wordpress\/","logo":{"@type":"ImageObject","inLanguage":"de","@id":"https:\/\/www.muensterschule-hof.de\/wordpress\/#\/schema\/logo\/image\/","url":"https:\/\/www.muensterschule-hof.de\/wordpress\/wp-content\/uploads\/2018\/05\/cropped-MMS-Hof-final-1.png","contentUrl":"https:\/\/www.muensterschule-hof.de\/wordpress\/wp-content\/uploads\/2018\/05\/cropped-MMS-Hof-final-1.png","width":512,"height":512,"caption":"M\u00fcnster-Mittelschule Hof"},"image":{"@id":"https:\/\/www.muensterschule-hof.de\/wordpress\/#\/schema\/logo\/image\/"}}]}},"_links":{"self":[{"href":"https:\/\/www.muensterschule-hof.de\/wordpress\/wp-json\/wp\/v2\/pages\/303","targetHints":{"allow":["GET"]}}],"collection":[{"href":"https:\/\/www.muensterschule-hof.de\/wordpress\/wp-json\/wp\/v2\/pages"}],"about":[{"href":"https:\/\/www.muensterschule-hof.de\/wordpress\/wp-json\/wp\/v2\/types\/page"}],"author":[{"embeddable":true,"href":"https:\/\/www.muensterschule-hof.de\/wordpress\/wp-json\/wp\/v2\/users\/1"}],"replies":[{"embeddable":true,"href":"https:\/\/www.muensterschule-hof.de\/wordpress\/wp-json\/wp\/v2\/comments?post=303"}],"version-history":[{"count":15,"href":"https:\/\/www.muensterschule-hof.de\/wordpress\/wp-json\/wp\/v2\/pages\/303\/revisions"}],"predecessor-version":[{"id":3417,"href":"https:\/\/www.muensterschule-hof.de\/wordpress\/wp-json\/wp\/v2\/pages\/303\/revisions\/3417"}],"up":[{"embeddable":true,"href":"https:\/\/www.muensterschule-hof.de\/wordpress\/wp-json\/wp\/v2\/pages\/64"}],"wp:attachment":[{"href":"https:\/\/www.muensterschule-hof.de\/wordpress\/wp-json\/wp\/v2\/media?parent=303"}],"curies":[{"name":"wp","href":"https:\/\/api.w.org\/{rel}","templated":true}]}}