{"id":351,"date":"2018-03-13T07:54:50","date_gmt":"2018-03-13T07:54:50","guid":{"rendered":"http:\/\/www.muensterschule-hof.de\/wordpress\/?page_id=351"},"modified":"2023-10-09T09:22:15","modified_gmt":"2023-10-09T09:22:15","slug":"schule-ohne-rassismus-schule-mit-courage","status":"publish","type":"page","link":"https:\/\/www.muensterschule-hof.de\/wordpress\/schule\/schule-ohne-rassismus-schule-mit-courage\/","title":{"rendered":"Wettbewerb gegen Antisemitismus: Judenfeindlichkeit in Hof"},"content":{"rendered":"\n<h3 class=\"wp-block-heading\"><img loading=\"lazy\" decoding=\"async\" class=\"alignnone size-medium wp-image-2123\" src=\"https:\/\/www.muensterschule-hof.de\/wordpress\/wp-content\/uploads\/2022\/11\/IMG_2095-216x300.jpg\" alt=\"\" width=\"216\" height=\"300\" srcset=\"https:\/\/www.muensterschule-hof.de\/wordpress\/wp-content\/uploads\/2022\/11\/IMG_2095-216x300.jpg 216w, https:\/\/www.muensterschule-hof.de\/wordpress\/wp-content\/uploads\/2022\/11\/IMG_2095-736x1024.jpg 736w, https:\/\/www.muensterschule-hof.de\/wordpress\/wp-content\/uploads\/2022\/11\/IMG_2095-1104x1536.jpg 1104w, https:\/\/www.muensterschule-hof.de\/wordpress\/wp-content\/uploads\/2022\/11\/IMG_2095-655x911.jpg 655w, https:\/\/www.muensterschule-hof.de\/wordpress\/wp-content\/uploads\/2022\/11\/IMG_2095.jpg 1428w\" sizes=\"auto, (max-width: 216px) 100vw, 216px\" \/><img loading=\"lazy\" decoding=\"async\" class=\"alignnone size-medium wp-image-2116\" src=\"https:\/\/www.muensterschule-hof.de\/wordpress\/wp-content\/uploads\/2022\/11\/IMG_2086-219x300.jpg\" alt=\"\" width=\"219\" height=\"300\" srcset=\"https:\/\/www.muensterschule-hof.de\/wordpress\/wp-content\/uploads\/2022\/11\/IMG_2086-219x300.jpg 219w, https:\/\/www.muensterschule-hof.de\/wordpress\/wp-content\/uploads\/2022\/11\/IMG_2086-747x1024.jpg 747w, https:\/\/www.muensterschule-hof.de\/wordpress\/wp-content\/uploads\/2022\/11\/IMG_2086-1121x1536.jpg 1121w, https:\/\/www.muensterschule-hof.de\/wordpress\/wp-content\/uploads\/2022\/11\/IMG_2086-655x897.jpg 655w, https:\/\/www.muensterschule-hof.de\/wordpress\/wp-content\/uploads\/2022\/11\/IMG_2086.jpg 1438w\" sizes=\"auto, (max-width: 219px) 100vw, 219px\" \/><img loading=\"lazy\" decoding=\"async\" class=\"alignnone size-medium wp-image-2100\" src=\"https:\/\/www.muensterschule-hof.de\/wordpress\/wp-content\/uploads\/2022\/10\/Levi-Strauss-216x300.jpg\" alt=\"\" width=\"216\" height=\"300\" srcset=\"https:\/\/www.muensterschule-hof.de\/wordpress\/wp-content\/uploads\/2022\/10\/Levi-Strauss-216x300.jpg 216w, https:\/\/www.muensterschule-hof.de\/wordpress\/wp-content\/uploads\/2022\/10\/Levi-Strauss-738x1024.jpg 738w, https:\/\/www.muensterschule-hof.de\/wordpress\/wp-content\/uploads\/2022\/10\/Levi-Strauss-1107x1536.jpg 1107w, https:\/\/www.muensterschule-hof.de\/wordpress\/wp-content\/uploads\/2022\/10\/Levi-Strauss-655x909.jpg 655w, https:\/\/www.muensterschule-hof.de\/wordpress\/wp-content\/uploads\/2022\/10\/Levi-Strauss.jpg 1335w\" sizes=\"auto, (max-width: 216px) 100vw, 216px\" \/><img loading=\"lazy\" decoding=\"async\" class=\"alignnone size-medium wp-image-2103\" src=\"https:\/\/www.muensterschule-hof.de\/wordpress\/wp-content\/uploads\/2022\/10\/IMG_2029-202x300.jpg\" alt=\"\" width=\"202\" height=\"300\" srcset=\"https:\/\/www.muensterschule-hof.de\/wordpress\/wp-content\/uploads\/2022\/10\/IMG_2029-202x300.jpg 202w, https:\/\/www.muensterschule-hof.de\/wordpress\/wp-content\/uploads\/2022\/10\/IMG_2029-691x1024.jpg 691w, https:\/\/www.muensterschule-hof.de\/wordpress\/wp-content\/uploads\/2022\/10\/IMG_2029-1036x1536.jpg 1036w, https:\/\/www.muensterschule-hof.de\/wordpress\/wp-content\/uploads\/2022\/10\/IMG_2029-655x971.jpg 655w, https:\/\/www.muensterschule-hof.de\/wordpress\/wp-content\/uploads\/2022\/10\/IMG_2029.jpg 1315w\" sizes=\"auto, (max-width: 202px) 100vw, 202px\" \/> <img loading=\"lazy\" decoding=\"async\" class=\"alignnone size-medium wp-image-2092\" src=\"https:\/\/www.muensterschule-hof.de\/wordpress\/wp-content\/uploads\/2022\/10\/IMG_2019-202x300.jpg\" alt=\"\" width=\"202\" height=\"300\" srcset=\"https:\/\/www.muensterschule-hof.de\/wordpress\/wp-content\/uploads\/2022\/10\/IMG_2019-202x300.jpg 202w, https:\/\/www.muensterschule-hof.de\/wordpress\/wp-content\/uploads\/2022\/10\/IMG_2019-691x1024.jpg 691w, https:\/\/www.muensterschule-hof.de\/wordpress\/wp-content\/uploads\/2022\/10\/IMG_2019-1037x1536.jpg 1037w, https:\/\/www.muensterschule-hof.de\/wordpress\/wp-content\/uploads\/2022\/10\/IMG_2019-655x971.jpg 655w, https:\/\/www.muensterschule-hof.de\/wordpress\/wp-content\/uploads\/2022\/10\/IMG_2019.jpg 1262w\" sizes=\"auto, (max-width: 202px) 100vw, 202px\" \/> <img loading=\"lazy\" decoding=\"async\" class=\"alignnone size-medium wp-image-2076\" src=\"https:\/\/www.muensterschule-hof.de\/wordpress\/wp-content\/uploads\/2022\/10\/IMG_4857-229x300.jpg\" alt=\"\" width=\"229\" height=\"300\" srcset=\"https:\/\/www.muensterschule-hof.de\/wordpress\/wp-content\/uploads\/2022\/10\/IMG_4857-229x300.jpg 229w, https:\/\/www.muensterschule-hof.de\/wordpress\/wp-content\/uploads\/2022\/10\/IMG_4857-655x859.jpg 655w, https:\/\/www.muensterschule-hof.de\/wordpress\/wp-content\/uploads\/2022\/10\/IMG_4857.jpg 750w\" sizes=\"auto, (max-width: 229px) 100vw, 229px\" \/><img loading=\"lazy\" decoding=\"async\" class=\"alignnone size-medium wp-image-2064\" src=\"https:\/\/www.muensterschule-hof.de\/wordpress\/wp-content\/uploads\/2022\/09\/IMG_1981-203x300.jpg\" alt=\"\" width=\"203\" height=\"300\" srcset=\"https:\/\/www.muensterschule-hof.de\/wordpress\/wp-content\/uploads\/2022\/09\/IMG_1981-203x300.jpg 203w, https:\/\/www.muensterschule-hof.de\/wordpress\/wp-content\/uploads\/2022\/09\/IMG_1981-693x1024.jpg 693w, https:\/\/www.muensterschule-hof.de\/wordpress\/wp-content\/uploads\/2022\/09\/IMG_1981-1040x1536.jpg 1040w, https:\/\/www.muensterschule-hof.de\/wordpress\/wp-content\/uploads\/2022\/09\/IMG_1981-655x968.jpg 655w, https:\/\/www.muensterschule-hof.de\/wordpress\/wp-content\/uploads\/2022\/09\/IMG_1981.jpg 1337w\" sizes=\"auto, (max-width: 203px) 100vw, 203px\" \/> <img loading=\"lazy\" decoding=\"async\" class=\"alignnone size-medium wp-image-2063\" src=\"https:\/\/www.muensterschule-hof.de\/wordpress\/wp-content\/uploads\/2022\/09\/IMG_1980-202x300.jpg\" alt=\"\" width=\"202\" height=\"300\" srcset=\"https:\/\/www.muensterschule-hof.de\/wordpress\/wp-content\/uploads\/2022\/09\/IMG_1980-202x300.jpg 202w, https:\/\/www.muensterschule-hof.de\/wordpress\/wp-content\/uploads\/2022\/09\/IMG_1980-689x1024.jpg 689w, https:\/\/www.muensterschule-hof.de\/wordpress\/wp-content\/uploads\/2022\/09\/IMG_1980-1034x1536.jpg 1034w, https:\/\/www.muensterschule-hof.de\/wordpress\/wp-content\/uploads\/2022\/09\/IMG_1980-655x973.jpg 655w, https:\/\/www.muensterschule-hof.de\/wordpress\/wp-content\/uploads\/2022\/09\/IMG_1980.jpg 1323w\" sizes=\"auto, (max-width: 202px) 100vw, 202px\" \/>Sch\u00fclerwettbewerb: Judenfeindlichkeit in Hof<\/h3>\n\n\n\n<h4 class=\"wp-block-heading\">Hier ist der Link zum H\u00f6rspiel:<\/h4>\n\n\n\n<p><iframe loading=\"lazy\" src=\"https:\/\/w.soundcloud.com\/player\/?url=https%3A\/\/api.soundcloud.com\/tracks\/731075023%3Fsecret_token%3Ds-b8iBS&amp;color=%23ff5500&amp;auto_play=false&amp;hide_related=false&amp;show_comments=true&amp;show_user=true&amp;show_reposts=false&amp;show_teaser=true\" width=\"100%\" height=\"166\" frameborder=\"no\" scrolling=\"no\"><\/iframe><\/p>\n\n\n\n<figure class=\"wp-block-image\"><img loading=\"lazy\" decoding=\"async\" width=\"718\" height=\"1024\" src=\"https:\/\/www.muensterschule-hof.de\/wordpress\/wp-content\/uploads\/2019\/11\/hoerthoert18112019-718x1024.jpg\" alt=\"\" class=\"wp-image-1206\" srcset=\"https:\/\/www.muensterschule-hof.de\/wordpress\/wp-content\/uploads\/2019\/11\/hoerthoert18112019-718x1024.jpg 718w, https:\/\/www.muensterschule-hof.de\/wordpress\/wp-content\/uploads\/2019\/11\/hoerthoert18112019-210x300.jpg 210w, https:\/\/www.muensterschule-hof.de\/wordpress\/wp-content\/uploads\/2019\/11\/hoerthoert18112019-1078x1536.jpg 1078w, https:\/\/www.muensterschule-hof.de\/wordpress\/wp-content\/uploads\/2019\/11\/hoerthoert18112019-1437x2048.jpg 1437w, https:\/\/www.muensterschule-hof.de\/wordpress\/wp-content\/uploads\/2019\/11\/hoerthoert18112019-655x934.jpg 655w, https:\/\/www.muensterschule-hof.de\/wordpress\/wp-content\/uploads\/2019\/11\/hoerthoert18112019.jpg 1446w\" sizes=\"auto, (max-width: 718px) 100vw, 718px\" \/><\/figure>\n\n\n\n<figure class=\"wp-block-image\"><img loading=\"lazy\" decoding=\"async\" width=\"718\" height=\"1024\" src=\"https:\/\/www.muensterschule-hof.de\/wordpress\/wp-content\/uploads\/2019\/11\/hoerhoert218112019-718x1024.jpg\" alt=\"\" class=\"wp-image-1205\" srcset=\"https:\/\/www.muensterschule-hof.de\/wordpress\/wp-content\/uploads\/2019\/11\/hoerhoert218112019-718x1024.jpg 718w, https:\/\/www.muensterschule-hof.de\/wordpress\/wp-content\/uploads\/2019\/11\/hoerhoert218112019-210x300.jpg 210w, https:\/\/www.muensterschule-hof.de\/wordpress\/wp-content\/uploads\/2019\/11\/hoerhoert218112019-1078x1536.jpg 1078w, https:\/\/www.muensterschule-hof.de\/wordpress\/wp-content\/uploads\/2019\/11\/hoerhoert218112019-1437x2048.jpg 1437w, https:\/\/www.muensterschule-hof.de\/wordpress\/wp-content\/uploads\/2019\/11\/hoerhoert218112019-655x934.jpg 655w, https:\/\/www.muensterschule-hof.de\/wordpress\/wp-content\/uploads\/2019\/11\/hoerhoert218112019.jpg 1446w\" sizes=\"auto, (max-width: 718px) 100vw, 718px\" \/><\/figure>\n\n\n\n<figure class=\"wp-block-image\"><img loading=\"lazy\" decoding=\"async\" width=\"1024\" height=\"872\" src=\"https:\/\/www.muensterschule-hof.de\/wordpress\/wp-content\/uploads\/2019\/11\/antisem-141119-1024x872.jpg\" alt=\"\" class=\"wp-image-1204\" srcset=\"https:\/\/www.muensterschule-hof.de\/wordpress\/wp-content\/uploads\/2019\/11\/antisem-141119-1024x872.jpg 1024w, https:\/\/www.muensterschule-hof.de\/wordpress\/wp-content\/uploads\/2019\/11\/antisem-141119-300x256.jpg 300w, https:\/\/www.muensterschule-hof.de\/wordpress\/wp-content\/uploads\/2019\/11\/antisem-141119-1536x1309.jpg 1536w, https:\/\/www.muensterschule-hof.de\/wordpress\/wp-content\/uploads\/2019\/11\/antisem-141119-655x558.jpg 655w, https:\/\/www.muensterschule-hof.de\/wordpress\/wp-content\/uploads\/2019\/11\/antisem-141119.jpg 1567w\" sizes=\"auto, (max-width: 1024px) 100vw, 1024px\" \/><\/figure>\n\n\n\n<p>Frankenpost 14.11.2019<\/p>\n\n\n\n<figure class=\"wp-block-image\"><img loading=\"lazy\" decoding=\"async\" width=\"251\" height=\"1024\" src=\"https:\/\/www.muensterschule-hof.de\/wordpress\/wp-content\/uploads\/2019\/11\/antisem-121118112019-251x1024.jpg\" alt=\"\" class=\"wp-image-1200\" srcset=\"https:\/\/www.muensterschule-hof.de\/wordpress\/wp-content\/uploads\/2019\/11\/antisem-121118112019-251x1024.jpg 251w, https:\/\/www.muensterschule-hof.de\/wordpress\/wp-content\/uploads\/2019\/11\/antisem-121118112019-377x1536.jpg 377w, https:\/\/www.muensterschule-hof.de\/wordpress\/wp-content\/uploads\/2019\/11\/antisem-121118112019-502x2048.jpg 502w, https:\/\/www.muensterschule-hof.de\/wordpress\/wp-content\/uploads\/2019\/11\/antisem-121118112019-655x2672.jpg 655w, https:\/\/www.muensterschule-hof.de\/wordpress\/wp-content\/uploads\/2019\/11\/antisem-121118112019-scaled.jpg 628w\" sizes=\"auto, (max-width: 251px) 100vw, 251px\" \/><\/figure>\n\n\n\n<p>Frankenpost 12.11.2019<\/p>\n\n\n\n<figure class=\"wp-block-image\"><img loading=\"lazy\" decoding=\"async\" width=\"819\" height=\"1024\" src=\"https:\/\/www.muensterschule-hof.de\/wordpress\/wp-content\/uploads\/2019\/11\/antisem-091118112019-819x1024.jpg\" alt=\"\" class=\"wp-image-1203\" srcset=\"https:\/\/www.muensterschule-hof.de\/wordpress\/wp-content\/uploads\/2019\/11\/antisem-091118112019-819x1024.jpg 819w, https:\/\/www.muensterschule-hof.de\/wordpress\/wp-content\/uploads\/2019\/11\/antisem-091118112019-240x300.jpg 240w, https:\/\/www.muensterschule-hof.de\/wordpress\/wp-content\/uploads\/2019\/11\/antisem-091118112019-1229x1536.jpg 1229w, https:\/\/www.muensterschule-hof.de\/wordpress\/wp-content\/uploads\/2019\/11\/antisem-091118112019-655x819.jpg 655w, https:\/\/www.muensterschule-hof.de\/wordpress\/wp-content\/uploads\/2019\/11\/antisem-091118112019.jpg 1447w\" sizes=\"auto, (max-width: 819px) 100vw, 819px\" \/><\/figure>\n\n\n\n<p>Frankenpost 09.11.2019<\/p>\n\n\n\n<figure class=\"wp-block-image\"><img loading=\"lazy\" decoding=\"async\" width=\"1024\" height=\"646\" src=\"https:\/\/www.muensterschule-hof.de\/wordpress\/wp-content\/uploads\/2019\/11\/antisem241007112019-1024x646.jpg\" alt=\"\" class=\"wp-image-1193\" srcset=\"https:\/\/www.muensterschule-hof.de\/wordpress\/wp-content\/uploads\/2019\/11\/antisem241007112019-1024x646.jpg 1024w, https:\/\/www.muensterschule-hof.de\/wordpress\/wp-content\/uploads\/2019\/11\/antisem241007112019-300x189.jpg 300w, https:\/\/www.muensterschule-hof.de\/wordpress\/wp-content\/uploads\/2019\/11\/antisem241007112019-655x413.jpg 655w\" sizes=\"auto, (max-width: 1024px) 100vw, 1024px\" \/><\/figure>\n\n\n\n<p>Frankenpost 24.10.2019<\/p>\n\n\n\n<figure class=\"wp-block-image\"><img loading=\"lazy\" decoding=\"async\" width=\"1024\" height=\"929\" src=\"https:\/\/www.muensterschule-hof.de\/wordpress\/wp-content\/uploads\/2019\/11\/antisem221007112019-1024x929.jpg\" alt=\"\" class=\"wp-image-1196\" srcset=\"https:\/\/www.muensterschule-hof.de\/wordpress\/wp-content\/uploads\/2019\/11\/antisem221007112019-1024x929.jpg 1024w, https:\/\/www.muensterschule-hof.de\/wordpress\/wp-content\/uploads\/2019\/11\/antisem221007112019-300x272.jpg 300w, https:\/\/www.muensterschule-hof.de\/wordpress\/wp-content\/uploads\/2019\/11\/antisem221007112019-655x594.jpg 655w, https:\/\/www.muensterschule-hof.de\/wordpress\/wp-content\/uploads\/2019\/11\/antisem221007112019.jpg 1664w\" sizes=\"auto, (max-width: 1024px) 100vw, 1024px\" \/><\/figure>\n\n\n\n<p>Frankenpost 22.10.2019<\/p>\n\n\n\n<figure class=\"wp-block-image\"><img loading=\"lazy\" decoding=\"async\" width=\"1024\" height=\"351\" src=\"https:\/\/www.muensterschule-hof.de\/wordpress\/wp-content\/uploads\/2019\/11\/Schule_ohne_Rassismus.svg_-1024x351.png\" alt=\"\" class=\"wp-image-1209\" srcset=\"https:\/\/www.muensterschule-hof.de\/wordpress\/wp-content\/uploads\/2019\/11\/Schule_ohne_Rassismus.svg_-1024x351.png 1024w, https:\/\/www.muensterschule-hof.de\/wordpress\/wp-content\/uploads\/2019\/11\/Schule_ohne_Rassismus.svg_-300x103.png 300w, https:\/\/www.muensterschule-hof.de\/wordpress\/wp-content\/uploads\/2019\/11\/Schule_ohne_Rassismus.svg_-1536x526.png 1536w, https:\/\/www.muensterschule-hof.de\/wordpress\/wp-content\/uploads\/2019\/11\/Schule_ohne_Rassismus.svg_-655x224.png 655w, https:\/\/www.muensterschule-hof.de\/wordpress\/wp-content\/uploads\/2019\/11\/Schule_ohne_Rassismus.svg_.png 2000w\" sizes=\"auto, (max-width: 1024px) 100vw, 1024px\" \/><\/figure>\n\n\n\n<p><span style=\"color: #ff0000;\"><a style=\"color: #ff0000;\" href=\"https:\/\/www.muensterschule-hof.de\/wordpress\/?page_id=64\">zur\u00fcck<\/a><\/span><\/p>\n","protected":false},"excerpt":{"rendered":"<p>Sch\u00fclerwettbewerb: Judenfeindlichkeit in Hof Hier ist der Link zum H\u00f6rspiel: Frankenpost 14.11.2019 Frankenpost 12.11.2019 Frankenpost 09.11.2019 Frankenpost 24.10.2019 Frankenpost 22.10.2019 zur\u00fcck<\/p>\n","protected":false},"author":1,"featured_media":0,"parent":64,"menu_order":0,"comment_status":"closed","ping_status":"closed","template":"","meta":{"neve_meta_sidebar":"","neve_meta_container":"","neve_meta_enable_content_width":"","neve_meta_content_width":0,"neve_meta_title_alignment":"","neve_meta_author_avatar":"","neve_post_elements_order":"","neve_meta_disable_header":"","neve_meta_disable_footer":"","neve_meta_disable_title":"","footnotes":""},"class_list":["post-351","page","type-page","status-publish","hentry"],"yoast_head":"<!-- This site is optimized with the Yoast SEO plugin v27.4 - https:\/\/yoast.com\/product\/yoast-seo-wordpress\/ -->\n<title>Wettbewerb gegen Antisemitismus: Judenfeindlichkeit in Hof - M\u00fcnsterschule<\/title>\n<meta name=\"robots\" content=\"index, follow, max-snippet:-1, max-image-preview:large, max-video-preview:-1\" \/>\n<link rel=\"canonical\" href=\"https:\/\/www.muensterschule-hof.de\/wordpress\/schule\/schule-ohne-rassismus-schule-mit-courage\/\" \/>\n<meta property=\"og:locale\" content=\"de_DE\" \/>\n<meta property=\"og:type\" content=\"article\" \/>\n<meta property=\"og:title\" content=\"Wettbewerb gegen Antisemitismus: Judenfeindlichkeit in Hof - M\u00fcnsterschule\" \/>\n<meta property=\"og:description\" content=\"Sch\u00fclerwettbewerb: Judenfeindlichkeit in Hof Hier ist der Link zum H\u00f6rspiel: Frankenpost 14.11.2019 Frankenpost 12.11.2019 Frankenpost 09.11.2019 Frankenpost 24.10.2019 Frankenpost 22.10.2019 zur\u00fcck\" \/>\n<meta property=\"og:url\" content=\"https:\/\/www.muensterschule-hof.de\/wordpress\/schule\/schule-ohne-rassismus-schule-mit-courage\/\" \/>\n<meta property=\"og:site_name\" content=\"M\u00fcnsterschule\" \/>\n<meta property=\"article:modified_time\" content=\"2023-10-09T09:22:15+00:00\" \/>\n<meta property=\"og:image\" content=\"https:\/\/www.muensterschule-hof.de\/wordpress\/wp-content\/uploads\/2022\/11\/IMG_2095-216x300.jpg\" \/>\n<meta name=\"twitter:card\" content=\"summary_large_image\" \/>\n<script type=\"application\/ld+json\" class=\"yoast-schema-graph\">{\"@context\":\"https:\\\/\\\/schema.org\",\"@graph\":[{\"@type\":\"WebPage\",\"@id\":\"https:\\\/\\\/www.muensterschule-hof.de\\\/wordpress\\\/schule\\\/schule-ohne-rassismus-schule-mit-courage\\\/\",\"url\":\"https:\\\/\\\/www.muensterschule-hof.de\\\/wordpress\\\/schule\\\/schule-ohne-rassismus-schule-mit-courage\\\/\",\"name\":\"Wettbewerb gegen Antisemitismus: Judenfeindlichkeit in Hof - M\u00fcnsterschule\",\"isPartOf\":{\"@id\":\"https:\\\/\\\/www.muensterschule-hof.de\\\/wordpress\\\/#website\"},\"primaryImageOfPage\":{\"@id\":\"https:\\\/\\\/www.muensterschule-hof.de\\\/wordpress\\\/schule\\\/schule-ohne-rassismus-schule-mit-courage\\\/#primaryimage\"},\"image\":{\"@id\":\"https:\\\/\\\/www.muensterschule-hof.de\\\/wordpress\\\/schule\\\/schule-ohne-rassismus-schule-mit-courage\\\/#primaryimage\"},\"thumbnailUrl\":\"https:\\\/\\\/www.muensterschule-hof.de\\\/wordpress\\\/wp-content\\\/uploads\\\/2022\\\/11\\\/IMG_2095-216x300.jpg\",\"datePublished\":\"2018-03-13T07:54:50+00:00\",\"dateModified\":\"2023-10-09T09:22:15+00:00\",\"breadcrumb\":{\"@id\":\"https:\\\/\\\/www.muensterschule-hof.de\\\/wordpress\\\/schule\\\/schule-ohne-rassismus-schule-mit-courage\\\/#breadcrumb\"},\"inLanguage\":\"de\",\"potentialAction\":[{\"@type\":\"ReadAction\",\"target\":[\"https:\\\/\\\/www.muensterschule-hof.de\\\/wordpress\\\/schule\\\/schule-ohne-rassismus-schule-mit-courage\\\/\"]}]},{\"@type\":\"ImageObject\",\"inLanguage\":\"de\",\"@id\":\"https:\\\/\\\/www.muensterschule-hof.de\\\/wordpress\\\/schule\\\/schule-ohne-rassismus-schule-mit-courage\\\/#primaryimage\",\"url\":\"https:\\\/\\\/www.muensterschule-hof.de\\\/wordpress\\\/wp-content\\\/uploads\\\/2022\\\/11\\\/IMG_2095.jpg\",\"contentUrl\":\"https:\\\/\\\/www.muensterschule-hof.de\\\/wordpress\\\/wp-content\\\/uploads\\\/2022\\\/11\\\/IMG_2095.jpg\",\"width\":1428,\"height\":1986},{\"@type\":\"BreadcrumbList\",\"@id\":\"https:\\\/\\\/www.muensterschule-hof.de\\\/wordpress\\\/schule\\\/schule-ohne-rassismus-schule-mit-courage\\\/#breadcrumb\",\"itemListElement\":[{\"@type\":\"ListItem\",\"position\":1,\"name\":\"Startseite\",\"item\":\"https:\\\/\\\/www.muensterschule-hof.de\\\/wordpress\\\/\"},{\"@type\":\"ListItem\",\"position\":2,\"name\":\"Schulfamilie\",\"item\":\"https:\\\/\\\/www.muensterschule-hof.de\\\/wordpress\\\/schule\\\/\"},{\"@type\":\"ListItem\",\"position\":3,\"name\":\"Wettbewerb gegen Antisemitismus: Judenfeindlichkeit in Hof\"}]},{\"@type\":\"WebSite\",\"@id\":\"https:\\\/\\\/www.muensterschule-hof.de\\\/wordpress\\\/#website\",\"url\":\"https:\\\/\\\/www.muensterschule-hof.de\\\/wordpress\\\/\",\"name\":\"M\u00fcnsterschule\",\"description\":\"Deine Mittelschule in Hof\",\"publisher\":{\"@id\":\"https:\\\/\\\/www.muensterschule-hof.de\\\/wordpress\\\/#organization\"},\"alternateName\":\"MMS Hof\",\"potentialAction\":[{\"@type\":\"SearchAction\",\"target\":{\"@type\":\"EntryPoint\",\"urlTemplate\":\"https:\\\/\\\/www.muensterschule-hof.de\\\/wordpress\\\/?s={search_term_string}\"},\"query-input\":{\"@type\":\"PropertyValueSpecification\",\"valueRequired\":true,\"valueName\":\"search_term_string\"}}],\"inLanguage\":\"de\"},{\"@type\":\"Organization\",\"@id\":\"https:\\\/\\\/www.muensterschule-hof.de\\\/wordpress\\\/#organization\",\"name\":\"M\u00fcnster-Mittelschule Hof\",\"alternateName\":\"MMS Hof\",\"url\":\"https:\\\/\\\/www.muensterschule-hof.de\\\/wordpress\\\/\",\"logo\":{\"@type\":\"ImageObject\",\"inLanguage\":\"de\",\"@id\":\"https:\\\/\\\/www.muensterschule-hof.de\\\/wordpress\\\/#\\\/schema\\\/logo\\\/image\\\/\",\"url\":\"https:\\\/\\\/www.muensterschule-hof.de\\\/wordpress\\\/wp-content\\\/uploads\\\/2018\\\/05\\\/cropped-MMS-Hof-final-1.png\",\"contentUrl\":\"https:\\\/\\\/www.muensterschule-hof.de\\\/wordpress\\\/wp-content\\\/uploads\\\/2018\\\/05\\\/cropped-MMS-Hof-final-1.png\",\"width\":512,\"height\":512,\"caption\":\"M\u00fcnster-Mittelschule Hof\"},\"image\":{\"@id\":\"https:\\\/\\\/www.muensterschule-hof.de\\\/wordpress\\\/#\\\/schema\\\/logo\\\/image\\\/\"}}]}<\/script>\n<!-- \/ Yoast SEO plugin. -->","yoast_head_json":{"title":"Wettbewerb gegen Antisemitismus: Judenfeindlichkeit in Hof - M\u00fcnsterschule","robots":{"index":"index","follow":"follow","max-snippet":"max-snippet:-1","max-image-preview":"max-image-preview:large","max-video-preview":"max-video-preview:-1"},"canonical":"https:\/\/www.muensterschule-hof.de\/wordpress\/schule\/schule-ohne-rassismus-schule-mit-courage\/","og_locale":"de_DE","og_type":"article","og_title":"Wettbewerb gegen Antisemitismus: Judenfeindlichkeit in Hof - M\u00fcnsterschule","og_description":"Sch\u00fclerwettbewerb: Judenfeindlichkeit in Hof Hier ist der Link zum H\u00f6rspiel: Frankenpost 14.11.2019 Frankenpost 12.11.2019 Frankenpost 09.11.2019 Frankenpost 24.10.2019 Frankenpost 22.10.2019 zur\u00fcck","og_url":"https:\/\/www.muensterschule-hof.de\/wordpress\/schule\/schule-ohne-rassismus-schule-mit-courage\/","og_site_name":"M\u00fcnsterschule","article_modified_time":"2023-10-09T09:22:15+00:00","og_image":[{"url":"https:\/\/www.muensterschule-hof.de\/wordpress\/wp-content\/uploads\/2022\/11\/IMG_2095-216x300.jpg","type":"","width":"","height":""}],"twitter_card":"summary_large_image","schema":{"@context":"https:\/\/schema.org","@graph":[{"@type":"WebPage","@id":"https:\/\/www.muensterschule-hof.de\/wordpress\/schule\/schule-ohne-rassismus-schule-mit-courage\/","url":"https:\/\/www.muensterschule-hof.de\/wordpress\/schule\/schule-ohne-rassismus-schule-mit-courage\/","name":"Wettbewerb gegen Antisemitismus: Judenfeindlichkeit in Hof - M\u00fcnsterschule","isPartOf":{"@id":"https:\/\/www.muensterschule-hof.de\/wordpress\/#website"},"primaryImageOfPage":{"@id":"https:\/\/www.muensterschule-hof.de\/wordpress\/schule\/schule-ohne-rassismus-schule-mit-courage\/#primaryimage"},"image":{"@id":"https:\/\/www.muensterschule-hof.de\/wordpress\/schule\/schule-ohne-rassismus-schule-mit-courage\/#primaryimage"},"thumbnailUrl":"https:\/\/www.muensterschule-hof.de\/wordpress\/wp-content\/uploads\/2022\/11\/IMG_2095-216x300.jpg","datePublished":"2018-03-13T07:54:50+00:00","dateModified":"2023-10-09T09:22:15+00:00","breadcrumb":{"@id":"https:\/\/www.muensterschule-hof.de\/wordpress\/schule\/schule-ohne-rassismus-schule-mit-courage\/#breadcrumb"},"inLanguage":"de","potentialAction":[{"@type":"ReadAction","target":["https:\/\/www.muensterschule-hof.de\/wordpress\/schule\/schule-ohne-rassismus-schule-mit-courage\/"]}]},{"@type":"ImageObject","inLanguage":"de","@id":"https:\/\/www.muensterschule-hof.de\/wordpress\/schule\/schule-ohne-rassismus-schule-mit-courage\/#primaryimage","url":"https:\/\/www.muensterschule-hof.de\/wordpress\/wp-content\/uploads\/2022\/11\/IMG_2095.jpg","contentUrl":"https:\/\/www.muensterschule-hof.de\/wordpress\/wp-content\/uploads\/2022\/11\/IMG_2095.jpg","width":1428,"height":1986},{"@type":"BreadcrumbList","@id":"https:\/\/www.muensterschule-hof.de\/wordpress\/schule\/schule-ohne-rassismus-schule-mit-courage\/#breadcrumb","itemListElement":[{"@type":"ListItem","position":1,"name":"Startseite","item":"https:\/\/www.muensterschule-hof.de\/wordpress\/"},{"@type":"ListItem","position":2,"name":"Schulfamilie","item":"https:\/\/www.muensterschule-hof.de\/wordpress\/schule\/"},{"@type":"ListItem","position":3,"name":"Wettbewerb gegen Antisemitismus: Judenfeindlichkeit in Hof"}]},{"@type":"WebSite","@id":"https:\/\/www.muensterschule-hof.de\/wordpress\/#website","url":"https:\/\/www.muensterschule-hof.de\/wordpress\/","name":"M\u00fcnsterschule","description":"Deine Mittelschule in Hof","publisher":{"@id":"https:\/\/www.muensterschule-hof.de\/wordpress\/#organization"},"alternateName":"MMS Hof","potentialAction":[{"@type":"SearchAction","target":{"@type":"EntryPoint","urlTemplate":"https:\/\/www.muensterschule-hof.de\/wordpress\/?s={search_term_string}"},"query-input":{"@type":"PropertyValueSpecification","valueRequired":true,"valueName":"search_term_string"}}],"inLanguage":"de"},{"@type":"Organization","@id":"https:\/\/www.muensterschule-hof.de\/wordpress\/#organization","name":"M\u00fcnster-Mittelschule Hof","alternateName":"MMS Hof","url":"https:\/\/www.muensterschule-hof.de\/wordpress\/","logo":{"@type":"ImageObject","inLanguage":"de","@id":"https:\/\/www.muensterschule-hof.de\/wordpress\/#\/schema\/logo\/image\/","url":"https:\/\/www.muensterschule-hof.de\/wordpress\/wp-content\/uploads\/2018\/05\/cropped-MMS-Hof-final-1.png","contentUrl":"https:\/\/www.muensterschule-hof.de\/wordpress\/wp-content\/uploads\/2018\/05\/cropped-MMS-Hof-final-1.png","width":512,"height":512,"caption":"M\u00fcnster-Mittelschule Hof"},"image":{"@id":"https:\/\/www.muensterschule-hof.de\/wordpress\/#\/schema\/logo\/image\/"}}]}},"_links":{"self":[{"href":"https:\/\/www.muensterschule-hof.de\/wordpress\/wp-json\/wp\/v2\/pages\/351","targetHints":{"allow":["GET"]}}],"collection":[{"href":"https:\/\/www.muensterschule-hof.de\/wordpress\/wp-json\/wp\/v2\/pages"}],"about":[{"href":"https:\/\/www.muensterschule-hof.de\/wordpress\/wp-json\/wp\/v2\/types\/page"}],"author":[{"embeddable":true,"href":"https:\/\/www.muensterschule-hof.de\/wordpress\/wp-json\/wp\/v2\/users\/1"}],"replies":[{"embeddable":true,"href":"https:\/\/www.muensterschule-hof.de\/wordpress\/wp-json\/wp\/v2\/comments?post=351"}],"version-history":[{"count":13,"href":"https:\/\/www.muensterschule-hof.de\/wordpress\/wp-json\/wp\/v2\/pages\/351\/revisions"}],"predecessor-version":[{"id":2377,"href":"https:\/\/www.muensterschule-hof.de\/wordpress\/wp-json\/wp\/v2\/pages\/351\/revisions\/2377"}],"up":[{"embeddable":true,"href":"https:\/\/www.muensterschule-hof.de\/wordpress\/wp-json\/wp\/v2\/pages\/64"}],"wp:attachment":[{"href":"https:\/\/www.muensterschule-hof.de\/wordpress\/wp-json\/wp\/v2\/media?parent=351"}],"curies":[{"name":"wp","href":"https:\/\/api.w.org\/{rel}","templated":true}]}}