{"id":371,"date":"2018-04-30T11:03:03","date_gmt":"2018-04-30T11:03:03","guid":{"rendered":"http:\/\/www.muensterschule-hof.de\/wordpress\/?page_id=371"},"modified":"2018-09-24T07:46:58","modified_gmt":"2018-09-24T07:46:58","slug":"schulsanitaetsdienst","status":"publish","type":"page","link":"https:\/\/www.muensterschule-hof.de\/wordpress\/schueler\/schulsanitaetsdienst\/","title":{"rendered":"Schulsanit\u00e4tsdienst"},"content":{"rendered":"<p>Der Schulsanit\u00e4tsdienst ist eine sozial motivierte AG. Die Sch\u00fcler, die diese AG gew\u00e4hlt haben, haben bereits am Ende des letzten einen kompletten Erste Hilfe Kurs durchlaufen, wie er z. B. auch f\u00fcr Erwachsene angeboten wird. Am Ende des Kurses haben die Sch\u00fcler nach erfolgreichem Bestehen eine Bescheinigung erhalten, die sie auch zur Vorlage bei der F\u00fchrerscheinstelle verwenden k\u00f6nnen, wenn sie ihren F\u00fchrerschein beantragen wollen.<\/p>\n<p>Ausbildungsinhalte des Erste Hilfe Kurses, und damit auch der Schulsanit\u00e4tsausbildung sind z. B. der Notruf, Absicherung einer Unfallstelle, Erkennen von Gefahrenbereichen, Rettungsgriff, stabile Seitenlage, Herz-Lungen-Wiederbelebung, die Versorgung kleinerer und gr\u00f6\u00dferer Wunden, erkennen von akuten Zust\u00e4nden (Schlaganfall, Herzinfarkt, Krampfanf\u00e4lle, \u2026) aber auch die Sensibilisierung gegen\u00fcber den Mitmenschen. So werden die Sch\u00fcler beispielsweise ausf\u00fchrlich \u00fcber die Schweigepflicht als Schulsanit\u00e4ter aufgekl\u00e4rt. Zwangsl\u00e4ufig werden dabei auch sehr abstrakte Themen wie die Menschenw\u00fcrde an konkreten Beispielen, die auch die Sch\u00fcler gut nachvollziehen k\u00f6nnen weil sie aus ihrer tats\u00e4chlichen Lebenswirklichkeit\u00a0 stammen, besprochen.<\/p>\n<p>Auff\u00e4llig ist, dass die Sch\u00fcler hochmotiviert arbeiten. Viele sind sehr interessiert daran, helfen zu k\u00f6nnen. Sie waren bereit sich einer \u201eAbschlusspr\u00fcfung\u201c zu stellen. Einige sind bereits in die Jugendgruppe der Bereitschaft Hof eingetreten. Andere wollen unbedingt beruflich als Sanit\u00e4ter arbeiten und einzelne konnten und mussten ihr neu erworbenes Wissen bereits in echten Notf\u00e4llen im famili\u00e4ren Umfeld bzw. auf der Stra\u00dfe unter Beweis stellen. Vor allem diese Sch\u00fcler sind sehr stolz auf ihre Leistung und haben in vollem Umfang verstanden, dass sie gerade in dieser AG f\u00fcr sich und ihr Leben lernen.<\/p>\n<p><img loading=\"lazy\" decoding=\"async\" class=\"alignnone wp-image-375\" src=\"https:\/\/www.muensterschule-hof.de\/wordpress\/wp-content\/uploads\/2018\/05\/sanit\u00e4ter-300x208.jpg\" alt=\"\" width=\"539\" height=\"374\" srcset=\"https:\/\/www.muensterschule-hof.de\/wordpress\/wp-content\/uploads\/2018\/05\/sanit\u00e4ter-300x208.jpg 300w, https:\/\/www.muensterschule-hof.de\/wordpress\/wp-content\/uploads\/2018\/05\/sanit\u00e4ter.jpg 634w\" sizes=\"auto, (max-width: 539px) 100vw, 539px\" \/><\/p>\n<p><span style=\"color: #ff0000;\"><a style=\"color: #ff0000;\" href=\"https:\/\/www.muensterschule-hof.de\/wordpress\/?page_id=66\">zur\u00fcck<\/a><\/span><\/p>\n","protected":false},"excerpt":{"rendered":"<p>Der Schulsanit\u00e4tsdienst ist eine sozial motivierte AG. Die Sch\u00fcler, die diese AG gew\u00e4hlt haben, haben bereits am Ende des letzten einen kompletten Erste Hilfe Kurs durchlaufen, wie er z. B. auch f\u00fcr Erwachsene angeboten wird. Am Ende des Kurses haben die Sch\u00fcler nach erfolgreichem Bestehen eine Bescheinigung erhalten, die sie auch zur Vorlage bei der&hellip;&nbsp;<a href=\"https:\/\/www.muensterschule-hof.de\/wordpress\/schueler\/schulsanitaetsdienst\/\" rel=\"bookmark\">Weiterlesen &raquo;<span class=\"screen-reader-text\">Schulsanit\u00e4tsdienst<\/span><\/a><\/p>\n","protected":false},"author":1,"featured_media":0,"parent":66,"menu_order":0,"comment_status":"closed","ping_status":"closed","template":"","meta":{"neve_meta_sidebar":"","neve_meta_container":"","neve_meta_enable_content_width":"","neve_meta_content_width":0,"neve_meta_title_alignment":"","neve_meta_author_avatar":"","neve_post_elements_order":"","neve_meta_disable_header":"","neve_meta_disable_footer":"","neve_meta_disable_title":"","footnotes":""},"class_list":["post-371","page","type-page","status-publish","hentry"],"yoast_head":"<!-- This site is optimized with the Yoast SEO plugin v27.4 - https:\/\/yoast.com\/product\/yoast-seo-wordpress\/ -->\n<title>Schulsanit\u00e4tsdienst - M\u00fcnsterschule<\/title>\n<meta name=\"robots\" content=\"index, follow, max-snippet:-1, max-image-preview:large, max-video-preview:-1\" \/>\n<link rel=\"canonical\" href=\"https:\/\/www.muensterschule-hof.de\/wordpress\/schueler\/schulsanitaetsdienst\/\" \/>\n<meta property=\"og:locale\" content=\"de_DE\" \/>\n<meta property=\"og:type\" content=\"article\" \/>\n<meta property=\"og:title\" content=\"Schulsanit\u00e4tsdienst - M\u00fcnsterschule\" \/>\n<meta property=\"og:description\" content=\"Der Schulsanit\u00e4tsdienst ist eine sozial motivierte AG. Die Sch\u00fcler, die diese AG gew\u00e4hlt haben, haben bereits am Ende des letzten einen kompletten Erste Hilfe Kurs durchlaufen, wie er z. B. auch f\u00fcr Erwachsene angeboten wird. Am Ende des Kurses haben die Sch\u00fcler nach erfolgreichem Bestehen eine Bescheinigung erhalten, die sie auch zur Vorlage bei der&hellip;&nbsp;Weiterlesen &raquo;Schulsanit\u00e4tsdienst\" \/>\n<meta property=\"og:url\" content=\"https:\/\/www.muensterschule-hof.de\/wordpress\/schueler\/schulsanitaetsdienst\/\" \/>\n<meta property=\"og:site_name\" content=\"M\u00fcnsterschule\" \/>\n<meta property=\"article:modified_time\" content=\"2018-09-24T07:46:58+00:00\" \/>\n<meta property=\"og:image\" content=\"https:\/\/www.muensterschule-hof.de\/wordpress\/wp-content\/uploads\/2018\/05\/cropped-MMS-Hof-final.png\" \/>\n\t<meta property=\"og:image:width\" content=\"200\" \/>\n\t<meta property=\"og:image:height\" content=\"141\" \/>\n\t<meta property=\"og:image:type\" content=\"image\/png\" \/>\n<meta name=\"twitter:card\" content=\"summary_large_image\" \/>\n<meta name=\"twitter:label1\" content=\"Gesch\u00e4tzte Lesezeit\" \/>\n\t<meta name=\"twitter:data1\" content=\"1\u00a0Minute\" \/>\n<script type=\"application\/ld+json\" class=\"yoast-schema-graph\">{\"@context\":\"https:\\\/\\\/schema.org\",\"@graph\":[{\"@type\":\"WebPage\",\"@id\":\"https:\\\/\\\/www.muensterschule-hof.de\\\/wordpress\\\/schueler\\\/schulsanitaetsdienst\\\/\",\"url\":\"https:\\\/\\\/www.muensterschule-hof.de\\\/wordpress\\\/schueler\\\/schulsanitaetsdienst\\\/\",\"name\":\"Schulsanit\u00e4tsdienst - M\u00fcnsterschule\",\"isPartOf\":{\"@id\":\"https:\\\/\\\/www.muensterschule-hof.de\\\/wordpress\\\/#website\"},\"datePublished\":\"2018-04-30T11:03:03+00:00\",\"dateModified\":\"2018-09-24T07:46:58+00:00\",\"breadcrumb\":{\"@id\":\"https:\\\/\\\/www.muensterschule-hof.de\\\/wordpress\\\/schueler\\\/schulsanitaetsdienst\\\/#breadcrumb\"},\"inLanguage\":\"de\",\"potentialAction\":[{\"@type\":\"ReadAction\",\"target\":[\"https:\\\/\\\/www.muensterschule-hof.de\\\/wordpress\\\/schueler\\\/schulsanitaetsdienst\\\/\"]}]},{\"@type\":\"BreadcrumbList\",\"@id\":\"https:\\\/\\\/www.muensterschule-hof.de\\\/wordpress\\\/schueler\\\/schulsanitaetsdienst\\\/#breadcrumb\",\"itemListElement\":[{\"@type\":\"ListItem\",\"position\":1,\"name\":\"Startseite\",\"item\":\"https:\\\/\\\/www.muensterschule-hof.de\\\/wordpress\\\/\"},{\"@type\":\"ListItem\",\"position\":2,\"name\":\"Sch\u00fcler\",\"item\":\"https:\\\/\\\/www.muensterschule-hof.de\\\/wordpress\\\/schueler\\\/\"},{\"@type\":\"ListItem\",\"position\":3,\"name\":\"Schulsanit\u00e4tsdienst\"}]},{\"@type\":\"WebSite\",\"@id\":\"https:\\\/\\\/www.muensterschule-hof.de\\\/wordpress\\\/#website\",\"url\":\"https:\\\/\\\/www.muensterschule-hof.de\\\/wordpress\\\/\",\"name\":\"M\u00fcnsterschule\",\"description\":\"Deine Mittelschule in Hof\",\"publisher\":{\"@id\":\"https:\\\/\\\/www.muensterschule-hof.de\\\/wordpress\\\/#organization\"},\"alternateName\":\"MMS Hof\",\"potentialAction\":[{\"@type\":\"SearchAction\",\"target\":{\"@type\":\"EntryPoint\",\"urlTemplate\":\"https:\\\/\\\/www.muensterschule-hof.de\\\/wordpress\\\/?s={search_term_string}\"},\"query-input\":{\"@type\":\"PropertyValueSpecification\",\"valueRequired\":true,\"valueName\":\"search_term_string\"}}],\"inLanguage\":\"de\"},{\"@type\":\"Organization\",\"@id\":\"https:\\\/\\\/www.muensterschule-hof.de\\\/wordpress\\\/#organization\",\"name\":\"M\u00fcnster-Mittelschule Hof\",\"alternateName\":\"MMS Hof\",\"url\":\"https:\\\/\\\/www.muensterschule-hof.de\\\/wordpress\\\/\",\"logo\":{\"@type\":\"ImageObject\",\"inLanguage\":\"de\",\"@id\":\"https:\\\/\\\/www.muensterschule-hof.de\\\/wordpress\\\/#\\\/schema\\\/logo\\\/image\\\/\",\"url\":\"https:\\\/\\\/www.muensterschule-hof.de\\\/wordpress\\\/wp-content\\\/uploads\\\/2018\\\/05\\\/cropped-MMS-Hof-final-1.png\",\"contentUrl\":\"https:\\\/\\\/www.muensterschule-hof.de\\\/wordpress\\\/wp-content\\\/uploads\\\/2018\\\/05\\\/cropped-MMS-Hof-final-1.png\",\"width\":512,\"height\":512,\"caption\":\"M\u00fcnster-Mittelschule Hof\"},\"image\":{\"@id\":\"https:\\\/\\\/www.muensterschule-hof.de\\\/wordpress\\\/#\\\/schema\\\/logo\\\/image\\\/\"}}]}<\/script>\n<!-- \/ Yoast SEO plugin. -->","yoast_head_json":{"title":"Schulsanit\u00e4tsdienst - M\u00fcnsterschule","robots":{"index":"index","follow":"follow","max-snippet":"max-snippet:-1","max-image-preview":"max-image-preview:large","max-video-preview":"max-video-preview:-1"},"canonical":"https:\/\/www.muensterschule-hof.de\/wordpress\/schueler\/schulsanitaetsdienst\/","og_locale":"de_DE","og_type":"article","og_title":"Schulsanit\u00e4tsdienst - M\u00fcnsterschule","og_description":"Der Schulsanit\u00e4tsdienst ist eine sozial motivierte AG. Die Sch\u00fcler, die diese AG gew\u00e4hlt haben, haben bereits am Ende des letzten einen kompletten Erste Hilfe Kurs durchlaufen, wie er z. B. auch f\u00fcr Erwachsene angeboten wird. Am Ende des Kurses haben die Sch\u00fcler nach erfolgreichem Bestehen eine Bescheinigung erhalten, die sie auch zur Vorlage bei der&hellip;&nbsp;Weiterlesen &raquo;Schulsanit\u00e4tsdienst","og_url":"https:\/\/www.muensterschule-hof.de\/wordpress\/schueler\/schulsanitaetsdienst\/","og_site_name":"M\u00fcnsterschule","article_modified_time":"2018-09-24T07:46:58+00:00","og_image":[{"width":200,"height":141,"url":"https:\/\/www.muensterschule-hof.de\/wordpress\/wp-content\/uploads\/2018\/05\/cropped-MMS-Hof-final.png","type":"image\/png"}],"twitter_card":"summary_large_image","twitter_misc":{"Gesch\u00e4tzte Lesezeit":"1\u00a0Minute"},"schema":{"@context":"https:\/\/schema.org","@graph":[{"@type":"WebPage","@id":"https:\/\/www.muensterschule-hof.de\/wordpress\/schueler\/schulsanitaetsdienst\/","url":"https:\/\/www.muensterschule-hof.de\/wordpress\/schueler\/schulsanitaetsdienst\/","name":"Schulsanit\u00e4tsdienst - M\u00fcnsterschule","isPartOf":{"@id":"https:\/\/www.muensterschule-hof.de\/wordpress\/#website"},"datePublished":"2018-04-30T11:03:03+00:00","dateModified":"2018-09-24T07:46:58+00:00","breadcrumb":{"@id":"https:\/\/www.muensterschule-hof.de\/wordpress\/schueler\/schulsanitaetsdienst\/#breadcrumb"},"inLanguage":"de","potentialAction":[{"@type":"ReadAction","target":["https:\/\/www.muensterschule-hof.de\/wordpress\/schueler\/schulsanitaetsdienst\/"]}]},{"@type":"BreadcrumbList","@id":"https:\/\/www.muensterschule-hof.de\/wordpress\/schueler\/schulsanitaetsdienst\/#breadcrumb","itemListElement":[{"@type":"ListItem","position":1,"name":"Startseite","item":"https:\/\/www.muensterschule-hof.de\/wordpress\/"},{"@type":"ListItem","position":2,"name":"Sch\u00fcler","item":"https:\/\/www.muensterschule-hof.de\/wordpress\/schueler\/"},{"@type":"ListItem","position":3,"name":"Schulsanit\u00e4tsdienst"}]},{"@type":"WebSite","@id":"https:\/\/www.muensterschule-hof.de\/wordpress\/#website","url":"https:\/\/www.muensterschule-hof.de\/wordpress\/","name":"M\u00fcnsterschule","description":"Deine Mittelschule in Hof","publisher":{"@id":"https:\/\/www.muensterschule-hof.de\/wordpress\/#organization"},"alternateName":"MMS Hof","potentialAction":[{"@type":"SearchAction","target":{"@type":"EntryPoint","urlTemplate":"https:\/\/www.muensterschule-hof.de\/wordpress\/?s={search_term_string}"},"query-input":{"@type":"PropertyValueSpecification","valueRequired":true,"valueName":"search_term_string"}}],"inLanguage":"de"},{"@type":"Organization","@id":"https:\/\/www.muensterschule-hof.de\/wordpress\/#organization","name":"M\u00fcnster-Mittelschule Hof","alternateName":"MMS Hof","url":"https:\/\/www.muensterschule-hof.de\/wordpress\/","logo":{"@type":"ImageObject","inLanguage":"de","@id":"https:\/\/www.muensterschule-hof.de\/wordpress\/#\/schema\/logo\/image\/","url":"https:\/\/www.muensterschule-hof.de\/wordpress\/wp-content\/uploads\/2018\/05\/cropped-MMS-Hof-final-1.png","contentUrl":"https:\/\/www.muensterschule-hof.de\/wordpress\/wp-content\/uploads\/2018\/05\/cropped-MMS-Hof-final-1.png","width":512,"height":512,"caption":"M\u00fcnster-Mittelschule Hof"},"image":{"@id":"https:\/\/www.muensterschule-hof.de\/wordpress\/#\/schema\/logo\/image\/"}}]}},"_links":{"self":[{"href":"https:\/\/www.muensterschule-hof.de\/wordpress\/wp-json\/wp\/v2\/pages\/371","targetHints":{"allow":["GET"]}}],"collection":[{"href":"https:\/\/www.muensterschule-hof.de\/wordpress\/wp-json\/wp\/v2\/pages"}],"about":[{"href":"https:\/\/www.muensterschule-hof.de\/wordpress\/wp-json\/wp\/v2\/types\/page"}],"author":[{"embeddable":true,"href":"https:\/\/www.muensterschule-hof.de\/wordpress\/wp-json\/wp\/v2\/users\/1"}],"replies":[{"embeddable":true,"href":"https:\/\/www.muensterschule-hof.de\/wordpress\/wp-json\/wp\/v2\/comments?post=371"}],"version-history":[{"count":4,"href":"https:\/\/www.muensterschule-hof.de\/wordpress\/wp-json\/wp\/v2\/pages\/371\/revisions"}],"predecessor-version":[{"id":485,"href":"https:\/\/www.muensterschule-hof.de\/wordpress\/wp-json\/wp\/v2\/pages\/371\/revisions\/485"}],"up":[{"embeddable":true,"href":"https:\/\/www.muensterschule-hof.de\/wordpress\/wp-json\/wp\/v2\/pages\/66"}],"wp:attachment":[{"href":"https:\/\/www.muensterschule-hof.de\/wordpress\/wp-json\/wp\/v2\/media?parent=371"}],"curies":[{"name":"wp","href":"https:\/\/api.w.org\/{rel}","templated":true}]}}