{"id":383,"date":"2018-05-02T12:03:52","date_gmt":"2018-05-02T12:03:52","guid":{"rendered":"http:\/\/www.muensterschule-hof.de\/wordpress\/?page_id=383"},"modified":"2018-09-24T07:47:40","modified_gmt":"2018-09-24T07:47:40","slug":"schulhausgestaltung","status":"publish","type":"page","link":"https:\/\/www.muensterschule-hof.de\/wordpress\/schulhausgestaltung\/","title":{"rendered":"Schulhausgestaltung"},"content":{"rendered":"<p>Seit dem Schuljahr 2012\/2013 fertigen wir im Rahmen der Schulhausgestaltung jedes Jahr ein gro\u00dfformatiges Acrylbild f\u00fcr unsere neu renovierten Flurbereiche im Hauptgang unseres Schulhauses an. F\u00fcr das Kunstprojekt werden Sch\u00fcler und Sch\u00fclerinnen ausgew\u00e4hlt, die sich besonders f\u00fcr das Fach Kunst interessieren und im Unterricht durch gro\u00dfen Flei\u00df auffallen.<\/p>\n<p><img loading=\"lazy\" decoding=\"async\" class=\"alignnone size-medium wp-image-392\" src=\"https:\/\/www.muensterschule-hof.de\/wordpress\/wp-content\/uploads\/2018\/05\/schulhausgestaltung1-1-300x225.jpg\" alt=\"\" width=\"300\" height=\"225\" srcset=\"https:\/\/www.muensterschule-hof.de\/wordpress\/wp-content\/uploads\/2018\/05\/schulhausgestaltung1-1-300x225.jpg 300w, https:\/\/www.muensterschule-hof.de\/wordpress\/wp-content\/uploads\/2018\/05\/schulhausgestaltung1-1.jpg 606w\" sizes=\"auto, (max-width: 300px) 100vw, 300px\" \/><\/p>\n<p>Da wir alle gemeinsam an einem gro\u00dfen Bild arbeiten, sind jeweils 3 oder 4 Sch\u00fcler ausreichend. Wir haben auch schon zwei Gruppen gebildet, da das Interesse so gro\u00df war.<\/p>\n<p>Zu Beginn unseres Projektes sammeln wir Ideen, meist in B\u00fcchern oder im Internet. Dabei m\u00fcssen wir uns an der Wandfarbe des jeweiligen Stockwerkes orientieren, die Sch\u00fcler k\u00f6nnen hier die Erfahrungen aus dem Kunstunterricht in Hinblick auf die Farbenlehre anwenden. Gemeinsam suchen wir aus der der F\u00fclle der ersten Ideen etwa 6 bis 8 gute Vorschl\u00e4ge aus. Wir verwenden nie ein Bild original sondern suchen uns nur Details aus, die wir miteinander zu einer neuen Bildidee kombinieren. Im Anschluss werden auf Zeichenkarton Maltechniken und Farben ausprobiert. Aus den fertigen Entw\u00fcrfen entscheiden wir uns gemeinsam f\u00fcr eine Ausarbeitung.<\/p>\n<p><img loading=\"lazy\" decoding=\"async\" class=\"alignnone wp-image-393\" src=\"https:\/\/www.muensterschule-hof.de\/wordpress\/wp-content\/uploads\/2018\/05\/schulhausgestaltung2-1-300x118.jpg\" alt=\"\" width=\"516\" height=\"203\" srcset=\"https:\/\/www.muensterschule-hof.de\/wordpress\/wp-content\/uploads\/2018\/05\/schulhausgestaltung2-1-300x118.jpg 300w, https:\/\/www.muensterschule-hof.de\/wordpress\/wp-content\/uploads\/2018\/05\/schulhausgestaltung2-1-655x258.jpg 655w, https:\/\/www.muensterschule-hof.de\/wordpress\/wp-content\/uploads\/2018\/05\/schulhausgestaltung2-1.jpg 657w\" sizes=\"auto, (max-width: 516px) 100vw, 516px\" \/><\/p>\n<p><img loading=\"lazy\" decoding=\"async\" class=\"alignnone wp-image-389\" src=\"https:\/\/www.muensterschule-hof.de\/wordpress\/wp-content\/uploads\/2018\/05\/schulhausgestaltung3-1-300x121.jpg\" alt=\"\" width=\"515\" height=\"208\" srcset=\"https:\/\/www.muensterschule-hof.de\/wordpress\/wp-content\/uploads\/2018\/05\/schulhausgestaltung3-1-300x121.jpg 300w, https:\/\/www.muensterschule-hof.de\/wordpress\/wp-content\/uploads\/2018\/05\/schulhausgestaltung3-1-655x263.jpg 655w, https:\/\/www.muensterschule-hof.de\/wordpress\/wp-content\/uploads\/2018\/05\/schulhausgestaltung3-1.jpg 672w\" sizes=\"auto, (max-width: 515px) 100vw, 515px\" \/><\/p>\n<p>Dieser Entwurf wird nun auf eine Leinwand in der Gr\u00f6\u00dfe 90 cm x 230 cm \u00fcbertragen und in Acryltechnik gemalt.<\/p>\n<p>Jedes Jahr nehmen wir mit unserem Bild an der Kunstausstellung der Schulen aus dem Landkreis Hof teil. Jeder Sch\u00fcler und jede Sch\u00fclerin bekommt eine Urkunde von der Ausstellungsleitung und auch eine Anerkennung der Schule. Die Sch\u00fclerinnen und Sch\u00fcler sind jedes Jahr sehr stolz auf ihr Werk und erleben auch durch die Anerkennung der Mitsch\u00fcler und Lehrer ein hohes Selbstwertgef\u00fchl.<\/p>\n<p><img loading=\"lazy\" decoding=\"async\" class=\"alignnone wp-image-390\" src=\"https:\/\/www.muensterschule-hof.de\/wordpress\/wp-content\/uploads\/2018\/05\/schulhausgestaltung5-1-300x204.jpg\" alt=\"\" width=\"422\" height=\"287\" srcset=\"https:\/\/www.muensterschule-hof.de\/wordpress\/wp-content\/uploads\/2018\/05\/schulhausgestaltung5-1-300x204.jpg 300w, https:\/\/www.muensterschule-hof.de\/wordpress\/wp-content\/uploads\/2018\/05\/schulhausgestaltung5-1.jpg 622w\" sizes=\"auto, (max-width: 422px) 100vw, 422px\" \/><\/p>\n<p><img loading=\"lazy\" decoding=\"async\" class=\"alignnone wp-image-391\" src=\"https:\/\/www.muensterschule-hof.de\/wordpress\/wp-content\/uploads\/2018\/05\/schulhausgestaltung4-1-300x225.jpg\" alt=\"\" width=\"420\" height=\"315\" srcset=\"https:\/\/www.muensterschule-hof.de\/wordpress\/wp-content\/uploads\/2018\/05\/schulhausgestaltung4-1-300x225.jpg 300w, https:\/\/www.muensterschule-hof.de\/wordpress\/wp-content\/uploads\/2018\/05\/schulhausgestaltung4-1-655x491.jpg 655w, https:\/\/www.muensterschule-hof.de\/wordpress\/wp-content\/uploads\/2018\/05\/schulhausgestaltung4-1.jpg 781w\" sizes=\"auto, (max-width: 420px) 100vw, 420px\" \/><\/p>\n<p><span style=\"color: #ff0000;\"><a style=\"color: #ff0000;\" href=\"https:\/\/www.muensterschule-hof.de\/wordpress\/?page_id=66\">zur\u00fcck<\/a><\/span><\/p>\n","protected":false},"excerpt":{"rendered":"<p>Seit dem Schuljahr 2012\/2013 fertigen wir im Rahmen der Schulhausgestaltung jedes Jahr ein gro\u00dfformatiges Acrylbild f\u00fcr unsere neu renovierten Flurbereiche im Hauptgang unseres Schulhauses an. F\u00fcr das Kunstprojekt werden Sch\u00fcler und Sch\u00fclerinnen ausgew\u00e4hlt, die sich besonders f\u00fcr das Fach Kunst interessieren und im Unterricht durch gro\u00dfen Flei\u00df auffallen. Da wir alle gemeinsam an einem gro\u00dfen&hellip;&nbsp;<a href=\"https:\/\/www.muensterschule-hof.de\/wordpress\/schulhausgestaltung\/\" rel=\"bookmark\">Weiterlesen &raquo;<span class=\"screen-reader-text\">Schulhausgestaltung<\/span><\/a><\/p>\n","protected":false},"author":1,"featured_media":0,"parent":0,"menu_order":0,"comment_status":"closed","ping_status":"closed","template":"","meta":{"neve_meta_sidebar":"","neve_meta_container":"","neve_meta_enable_content_width":"","neve_meta_content_width":0,"neve_meta_title_alignment":"","neve_meta_author_avatar":"","neve_post_elements_order":"","neve_meta_disable_header":"","neve_meta_disable_footer":"","neve_meta_disable_title":"","footnotes":""},"class_list":["post-383","page","type-page","status-publish","hentry"],"yoast_head":"<!-- This site is optimized with the Yoast SEO plugin v27.4 - https:\/\/yoast.com\/product\/yoast-seo-wordpress\/ -->\n<title>Schulhausgestaltung - M\u00fcnsterschule<\/title>\n<meta name=\"robots\" content=\"index, follow, max-snippet:-1, max-image-preview:large, max-video-preview:-1\" \/>\n<link rel=\"canonical\" href=\"https:\/\/www.muensterschule-hof.de\/wordpress\/schulhausgestaltung\/\" \/>\n<meta property=\"og:locale\" content=\"de_DE\" \/>\n<meta property=\"og:type\" content=\"article\" \/>\n<meta property=\"og:title\" content=\"Schulhausgestaltung - M\u00fcnsterschule\" \/>\n<meta property=\"og:description\" content=\"Seit dem Schuljahr 2012\/2013 fertigen wir im Rahmen der Schulhausgestaltung jedes Jahr ein gro\u00dfformatiges Acrylbild f\u00fcr unsere neu renovierten Flurbereiche im Hauptgang unseres Schulhauses an. F\u00fcr das Kunstprojekt werden Sch\u00fcler und Sch\u00fclerinnen ausgew\u00e4hlt, die sich besonders f\u00fcr das Fach Kunst interessieren und im Unterricht durch gro\u00dfen Flei\u00df auffallen. Da wir alle gemeinsam an einem gro\u00dfen&hellip;&nbsp;Weiterlesen &raquo;Schulhausgestaltung\" \/>\n<meta property=\"og:url\" content=\"https:\/\/www.muensterschule-hof.de\/wordpress\/schulhausgestaltung\/\" \/>\n<meta property=\"og:site_name\" content=\"M\u00fcnsterschule\" \/>\n<meta property=\"article:modified_time\" content=\"2018-09-24T07:47:40+00:00\" \/>\n<meta property=\"og:image\" content=\"https:\/\/www.muensterschule-hof.de\/wordpress\/wp-content\/uploads\/2018\/05\/schulhausgestaltung1-1-300x225.jpg\" \/>\n<meta name=\"twitter:card\" content=\"summary_large_image\" \/>\n<meta name=\"twitter:label1\" content=\"Gesch\u00e4tzte Lesezeit\" \/>\n\t<meta name=\"twitter:data1\" content=\"1\u00a0Minute\" \/>\n<script type=\"application\/ld+json\" class=\"yoast-schema-graph\">{\"@context\":\"https:\\\/\\\/schema.org\",\"@graph\":[{\"@type\":\"WebPage\",\"@id\":\"https:\\\/\\\/www.muensterschule-hof.de\\\/wordpress\\\/schulhausgestaltung\\\/\",\"url\":\"https:\\\/\\\/www.muensterschule-hof.de\\\/wordpress\\\/schulhausgestaltung\\\/\",\"name\":\"Schulhausgestaltung - M\u00fcnsterschule\",\"isPartOf\":{\"@id\":\"https:\\\/\\\/www.muensterschule-hof.de\\\/wordpress\\\/#website\"},\"primaryImageOfPage\":{\"@id\":\"https:\\\/\\\/www.muensterschule-hof.de\\\/wordpress\\\/schulhausgestaltung\\\/#primaryimage\"},\"image\":{\"@id\":\"https:\\\/\\\/www.muensterschule-hof.de\\\/wordpress\\\/schulhausgestaltung\\\/#primaryimage\"},\"thumbnailUrl\":\"https:\\\/\\\/www.muensterschule-hof.de\\\/wordpress\\\/wp-content\\\/uploads\\\/2018\\\/05\\\/schulhausgestaltung1-1-300x225.jpg\",\"datePublished\":\"2018-05-02T12:03:52+00:00\",\"dateModified\":\"2018-09-24T07:47:40+00:00\",\"breadcrumb\":{\"@id\":\"https:\\\/\\\/www.muensterschule-hof.de\\\/wordpress\\\/schulhausgestaltung\\\/#breadcrumb\"},\"inLanguage\":\"de\",\"potentialAction\":[{\"@type\":\"ReadAction\",\"target\":[\"https:\\\/\\\/www.muensterschule-hof.de\\\/wordpress\\\/schulhausgestaltung\\\/\"]}]},{\"@type\":\"ImageObject\",\"inLanguage\":\"de\",\"@id\":\"https:\\\/\\\/www.muensterschule-hof.de\\\/wordpress\\\/schulhausgestaltung\\\/#primaryimage\",\"url\":\"https:\\\/\\\/www.muensterschule-hof.de\\\/wordpress\\\/wp-content\\\/uploads\\\/2018\\\/05\\\/schulhausgestaltung1-1.jpg\",\"contentUrl\":\"https:\\\/\\\/www.muensterschule-hof.de\\\/wordpress\\\/wp-content\\\/uploads\\\/2018\\\/05\\\/schulhausgestaltung1-1.jpg\",\"width\":606,\"height\":454},{\"@type\":\"BreadcrumbList\",\"@id\":\"https:\\\/\\\/www.muensterschule-hof.de\\\/wordpress\\\/schulhausgestaltung\\\/#breadcrumb\",\"itemListElement\":[{\"@type\":\"ListItem\",\"position\":1,\"name\":\"Startseite\",\"item\":\"https:\\\/\\\/www.muensterschule-hof.de\\\/wordpress\\\/\"},{\"@type\":\"ListItem\",\"position\":2,\"name\":\"Schulhausgestaltung\"}]},{\"@type\":\"WebSite\",\"@id\":\"https:\\\/\\\/www.muensterschule-hof.de\\\/wordpress\\\/#website\",\"url\":\"https:\\\/\\\/www.muensterschule-hof.de\\\/wordpress\\\/\",\"name\":\"M\u00fcnsterschule\",\"description\":\"Deine Mittelschule in Hof\",\"publisher\":{\"@id\":\"https:\\\/\\\/www.muensterschule-hof.de\\\/wordpress\\\/#organization\"},\"alternateName\":\"MMS Hof\",\"potentialAction\":[{\"@type\":\"SearchAction\",\"target\":{\"@type\":\"EntryPoint\",\"urlTemplate\":\"https:\\\/\\\/www.muensterschule-hof.de\\\/wordpress\\\/?s={search_term_string}\"},\"query-input\":{\"@type\":\"PropertyValueSpecification\",\"valueRequired\":true,\"valueName\":\"search_term_string\"}}],\"inLanguage\":\"de\"},{\"@type\":\"Organization\",\"@id\":\"https:\\\/\\\/www.muensterschule-hof.de\\\/wordpress\\\/#organization\",\"name\":\"M\u00fcnster-Mittelschule Hof\",\"alternateName\":\"MMS Hof\",\"url\":\"https:\\\/\\\/www.muensterschule-hof.de\\\/wordpress\\\/\",\"logo\":{\"@type\":\"ImageObject\",\"inLanguage\":\"de\",\"@id\":\"https:\\\/\\\/www.muensterschule-hof.de\\\/wordpress\\\/#\\\/schema\\\/logo\\\/image\\\/\",\"url\":\"https:\\\/\\\/www.muensterschule-hof.de\\\/wordpress\\\/wp-content\\\/uploads\\\/2018\\\/05\\\/cropped-MMS-Hof-final-1.png\",\"contentUrl\":\"https:\\\/\\\/www.muensterschule-hof.de\\\/wordpress\\\/wp-content\\\/uploads\\\/2018\\\/05\\\/cropped-MMS-Hof-final-1.png\",\"width\":512,\"height\":512,\"caption\":\"M\u00fcnster-Mittelschule Hof\"},\"image\":{\"@id\":\"https:\\\/\\\/www.muensterschule-hof.de\\\/wordpress\\\/#\\\/schema\\\/logo\\\/image\\\/\"}}]}<\/script>\n<!-- \/ Yoast SEO plugin. -->","yoast_head_json":{"title":"Schulhausgestaltung - M\u00fcnsterschule","robots":{"index":"index","follow":"follow","max-snippet":"max-snippet:-1","max-image-preview":"max-image-preview:large","max-video-preview":"max-video-preview:-1"},"canonical":"https:\/\/www.muensterschule-hof.de\/wordpress\/schulhausgestaltung\/","og_locale":"de_DE","og_type":"article","og_title":"Schulhausgestaltung - M\u00fcnsterschule","og_description":"Seit dem Schuljahr 2012\/2013 fertigen wir im Rahmen der Schulhausgestaltung jedes Jahr ein gro\u00dfformatiges Acrylbild f\u00fcr unsere neu renovierten Flurbereiche im Hauptgang unseres Schulhauses an. F\u00fcr das Kunstprojekt werden Sch\u00fcler und Sch\u00fclerinnen ausgew\u00e4hlt, die sich besonders f\u00fcr das Fach Kunst interessieren und im Unterricht durch gro\u00dfen Flei\u00df auffallen. Da wir alle gemeinsam an einem gro\u00dfen&hellip;&nbsp;Weiterlesen &raquo;Schulhausgestaltung","og_url":"https:\/\/www.muensterschule-hof.de\/wordpress\/schulhausgestaltung\/","og_site_name":"M\u00fcnsterschule","article_modified_time":"2018-09-24T07:47:40+00:00","og_image":[{"url":"https:\/\/www.muensterschule-hof.de\/wordpress\/wp-content\/uploads\/2018\/05\/schulhausgestaltung1-1-300x225.jpg","type":"","width":"","height":""}],"twitter_card":"summary_large_image","twitter_misc":{"Gesch\u00e4tzte Lesezeit":"1\u00a0Minute"},"schema":{"@context":"https:\/\/schema.org","@graph":[{"@type":"WebPage","@id":"https:\/\/www.muensterschule-hof.de\/wordpress\/schulhausgestaltung\/","url":"https:\/\/www.muensterschule-hof.de\/wordpress\/schulhausgestaltung\/","name":"Schulhausgestaltung - M\u00fcnsterschule","isPartOf":{"@id":"https:\/\/www.muensterschule-hof.de\/wordpress\/#website"},"primaryImageOfPage":{"@id":"https:\/\/www.muensterschule-hof.de\/wordpress\/schulhausgestaltung\/#primaryimage"},"image":{"@id":"https:\/\/www.muensterschule-hof.de\/wordpress\/schulhausgestaltung\/#primaryimage"},"thumbnailUrl":"https:\/\/www.muensterschule-hof.de\/wordpress\/wp-content\/uploads\/2018\/05\/schulhausgestaltung1-1-300x225.jpg","datePublished":"2018-05-02T12:03:52+00:00","dateModified":"2018-09-24T07:47:40+00:00","breadcrumb":{"@id":"https:\/\/www.muensterschule-hof.de\/wordpress\/schulhausgestaltung\/#breadcrumb"},"inLanguage":"de","potentialAction":[{"@type":"ReadAction","target":["https:\/\/www.muensterschule-hof.de\/wordpress\/schulhausgestaltung\/"]}]},{"@type":"ImageObject","inLanguage":"de","@id":"https:\/\/www.muensterschule-hof.de\/wordpress\/schulhausgestaltung\/#primaryimage","url":"https:\/\/www.muensterschule-hof.de\/wordpress\/wp-content\/uploads\/2018\/05\/schulhausgestaltung1-1.jpg","contentUrl":"https:\/\/www.muensterschule-hof.de\/wordpress\/wp-content\/uploads\/2018\/05\/schulhausgestaltung1-1.jpg","width":606,"height":454},{"@type":"BreadcrumbList","@id":"https:\/\/www.muensterschule-hof.de\/wordpress\/schulhausgestaltung\/#breadcrumb","itemListElement":[{"@type":"ListItem","position":1,"name":"Startseite","item":"https:\/\/www.muensterschule-hof.de\/wordpress\/"},{"@type":"ListItem","position":2,"name":"Schulhausgestaltung"}]},{"@type":"WebSite","@id":"https:\/\/www.muensterschule-hof.de\/wordpress\/#website","url":"https:\/\/www.muensterschule-hof.de\/wordpress\/","name":"M\u00fcnsterschule","description":"Deine Mittelschule in Hof","publisher":{"@id":"https:\/\/www.muensterschule-hof.de\/wordpress\/#organization"},"alternateName":"MMS Hof","potentialAction":[{"@type":"SearchAction","target":{"@type":"EntryPoint","urlTemplate":"https:\/\/www.muensterschule-hof.de\/wordpress\/?s={search_term_string}"},"query-input":{"@type":"PropertyValueSpecification","valueRequired":true,"valueName":"search_term_string"}}],"inLanguage":"de"},{"@type":"Organization","@id":"https:\/\/www.muensterschule-hof.de\/wordpress\/#organization","name":"M\u00fcnster-Mittelschule Hof","alternateName":"MMS Hof","url":"https:\/\/www.muensterschule-hof.de\/wordpress\/","logo":{"@type":"ImageObject","inLanguage":"de","@id":"https:\/\/www.muensterschule-hof.de\/wordpress\/#\/schema\/logo\/image\/","url":"https:\/\/www.muensterschule-hof.de\/wordpress\/wp-content\/uploads\/2018\/05\/cropped-MMS-Hof-final-1.png","contentUrl":"https:\/\/www.muensterschule-hof.de\/wordpress\/wp-content\/uploads\/2018\/05\/cropped-MMS-Hof-final-1.png","width":512,"height":512,"caption":"M\u00fcnster-Mittelschule Hof"},"image":{"@id":"https:\/\/www.muensterschule-hof.de\/wordpress\/#\/schema\/logo\/image\/"}}]}},"_links":{"self":[{"href":"https:\/\/www.muensterschule-hof.de\/wordpress\/wp-json\/wp\/v2\/pages\/383","targetHints":{"allow":["GET"]}}],"collection":[{"href":"https:\/\/www.muensterschule-hof.de\/wordpress\/wp-json\/wp\/v2\/pages"}],"about":[{"href":"https:\/\/www.muensterschule-hof.de\/wordpress\/wp-json\/wp\/v2\/types\/page"}],"author":[{"embeddable":true,"href":"https:\/\/www.muensterschule-hof.de\/wordpress\/wp-json\/wp\/v2\/users\/1"}],"replies":[{"embeddable":true,"href":"https:\/\/www.muensterschule-hof.de\/wordpress\/wp-json\/wp\/v2\/comments?post=383"}],"version-history":[{"count":3,"href":"https:\/\/www.muensterschule-hof.de\/wordpress\/wp-json\/wp\/v2\/pages\/383\/revisions"}],"predecessor-version":[{"id":486,"href":"https:\/\/www.muensterschule-hof.de\/wordpress\/wp-json\/wp\/v2\/pages\/383\/revisions\/486"}],"wp:attachment":[{"href":"https:\/\/www.muensterschule-hof.de\/wordpress\/wp-json\/wp\/v2\/media?parent=383"}],"curies":[{"name":"wp","href":"https:\/\/api.w.org\/{rel}","templated":true}]}}