{"id":72,"date":"2016-06-07T14:05:21","date_gmt":"2016-06-07T14:05:21","guid":{"rendered":"http:\/\/www.muensterschule-hof.de\/wordpress\/?page_id=72"},"modified":"2023-10-16T10:51:31","modified_gmt":"2023-10-16T10:51:31","slug":"jugendsozialarbeit","status":"publish","type":"page","link":"https:\/\/www.muensterschule-hof.de\/wordpress\/schule\/jugendsozialarbeit\/","title":{"rendered":"Jugendsozialarbeit"},"content":{"rendered":"\n<div class=\"wp-block-columns is-layout-flex wp-container-core-columns-is-layout-9d6595d7 wp-block-columns-is-layout-flex\">\n<div class=\"wp-block-column is-layout-flow wp-block-column-is-layout-flow\">\n<h2 class=\"wp-block-heading has-text-align-left\"><strong>Thea Pflaum<\/strong><\/h2>\n\n\n\n<figure class=\"wp-block-image size-full\"><img loading=\"lazy\" decoding=\"async\" width=\"324\" height=\"431\" src=\"https:\/\/www.muensterschule-hof.de\/wordpress\/wp-content\/uploads\/2019\/09\/thumbnail_IMG_4299.jpg\" alt=\"\" class=\"wp-image-1131\" srcset=\"https:\/\/www.muensterschule-hof.de\/wordpress\/wp-content\/uploads\/2019\/09\/thumbnail_IMG_4299.jpg 324w, https:\/\/www.muensterschule-hof.de\/wordpress\/wp-content\/uploads\/2019\/09\/thumbnail_IMG_4299-226x300.jpg 226w\" sizes=\"auto, (max-width: 324px) 100vw, 324px\" \/><\/figure>\n\n\n\n<p><strong><br><\/strong>Sozialarbeiterin (B.A.)<\/p>\n\n\n\n<p>M\u00fcnster Mittelschule Hof<br>Egerl\u00e4nderweg 25<br>95032 Hof<\/p>\n\n\n\n<p>B\u00fcro: Zimmer 201<br>Tel.: 09281 \/ 83919921<br>Mobil: 0172\/6172662<br>E-Mail:\u00a0 jas-muenstermittelschule@sjr-hof.de<\/p>\n\n\n\n<p>Sprechzeiten:<br>Mo bis Do: von <strong>8.00 \u2013 16.00<\/strong>\u00a0Uhr<br>Freitag:\u00a0 \u00a0 \u00a0 von <strong>8.00 \u2013 12.00<\/strong> Uhr<br>oder nach Vereinbarung<\/p>\n\n\n\n<p>Auf Grund m\u00f6glicher Au\u00dfentermine, sind dies keine verbindlichen \u00d6ffnungszeiten. Diese Zeiten dienen lediglich der Orientierung. Termine au\u00dferhalb dieser Zeiten, sind nur nach Vereinbarung m\u00f6glich.&nbsp;<strong>Gespr\u00e4che sind in Pr\u00e4senz, telefonisch oder per Videokonferenztool Zoom bzw. MS Teams m\u00f6glich.<\/strong><\/p>\n<\/div>\n\n\n\n<div class=\"wp-block-column is-layout-flow wp-block-column-is-layout-flow\">\n<h2 class=\"wp-block-heading\">Jugendsozialarbeit an der M\u00fcnster Mittelschule<\/h2>\n\n\n\n<p>Ich hei\u00dfe Thea Pflaum und bin seit dem Schuljahr 2019\/2020 als p\u00e4dagogische Fachkraft f\u00fcr die Jugendsozialarbeit an der M\u00fcnster Mittelschule t\u00e4tig. JaS ist eine intensive Zusammenarbeit von Jugendhilfe und Schule. Sie ist ein niederschwelliges, freiwilliges und kostenfreies Angebot der Jugendhilfe.<\/p>\n\n\n\n<p>Die JaS-Stelle wird gef\u00f6rdert durch das Bayerische Staatsministerium f\u00fcr Familie, Arbeit und Soziales, die Kommune und den Jugendhilfetr\u00e4ger. Die rechtliche Grundlage der JaS-Arbeit ist in \u00a713 SGB VIII verankert.<\/p>\n\n\n\n<p>Ich m\u00f6chte euch bei eurer individuellen Entwicklung unterst\u00fctzen, damit wir gemeinsam soziale oder pers\u00f6nliche Benachteiligungen \u00fcberwinden.<\/p>\n\n\n\n<p>Ziel der JaS ist die St\u00e4rkung von eigenverantwortlichem Handeln und dadurch die Schaffung einer positiven Lebensgestaltung. <span style=\"font-size: inherit;\">Selbstverst\u00e4ndlich ist alles, was wir besprechen vertraulich, au\u00dfer es besteht eine akute Gefahr.<\/span><\/p>\n\n\n\n<p>Dies erreichen wir durch:<\/p>\n\n\n\n<ul class=\"wp-block-list\">\n<li>das gemeinsame Suchen nach L\u00f6sungen, bei Problemen in der Schule, der Integration, im Freundeskreis oder auch in der Familie<\/li>\n\n\n\n<li>Beratung, Trost, Unterst\u00fctzung, Begleitung, Ermutigung und Motivation<\/li>\n\n\n\n<li>die Unterst\u00fctzung und Beratung eurer Personensorgeberechtigten und Lehrkr\u00e4fte<\/li>\n\n\n\n<li>die Vermittlung von Kontakten zu Institutionen, die weitere Hilfen anbieten, zu Jugendverb\u00e4nden, sowie dem Jugend\u00adzentrum Q<\/li>\n<\/ul>\n\n\n\n<p>Ihr habt Fragen, dann kommt vorbei, ich freue mich auf ein pers\u00f6nliches Kennenlernen.<\/p>\n\n\n\n<div class=\"wp-block-buttons is-layout-flex wp-block-buttons-is-layout-flex\">\n<div class=\"wp-block-button\"><a class=\"wp-block-button__link wp-element-button\" href=\"https:\/\/www.muensterschule-hof.de\/wordpress\/wp-content\/uploads\/2022\/09\/2022-Postkarte_JAS_kleines-Format.pdf\">Jas Flyer herunterladen<\/a><\/div>\n<\/div>\n\n\n\n<div class=\"wp-block-columns is-layout-flex wp-container-core-columns-is-layout-9d6595d7 wp-block-columns-is-layout-flex\">\n<div class=\"wp-block-column is-layout-flow wp-block-column-is-layout-flow\">\n<figure class=\"wp-block-image\"><img loading=\"lazy\" decoding=\"async\" width=\"406\" height=\"263\" src=\"https:\/\/www.muensterschule-hof.de\/wordpress\/wp-content\/uploads\/2021\/04\/JaS_Logo_rgb_mittel.jpg\" alt=\"\" class=\"wp-image-1598\" srcset=\"https:\/\/www.muensterschule-hof.de\/wordpress\/wp-content\/uploads\/2021\/04\/JaS_Logo_rgb_mittel.jpg 406w, https:\/\/www.muensterschule-hof.de\/wordpress\/wp-content\/uploads\/2021\/04\/JaS_Logo_rgb_mittel-300x194.jpg 300w\" sizes=\"auto, (max-width: 406px) 100vw, 406px\" \/><\/figure>\n<\/div>\n\n\n\n<div class=\"wp-block-column is-layout-flow wp-block-column-is-layout-flow\">\n<div style=\"height:3px\" aria-hidden=\"true\" class=\"wp-block-spacer\"><\/div>\n\n\n\n<figure class=\"wp-block-image\"><img loading=\"lazy\" decoding=\"async\" width=\"1024\" height=\"411\" src=\"https:\/\/www.muensterschule-hof.de\/wordpress\/wp-content\/uploads\/2021\/07\/StMAS-WBM-2018_2zliunten_rgb-1024x411.jpg\" alt=\"\" class=\"wp-image-1757\" srcset=\"https:\/\/www.muensterschule-hof.de\/wordpress\/wp-content\/uploads\/2021\/07\/StMAS-WBM-2018_2zliunten_rgb-1024x411.jpg 1024w, https:\/\/www.muensterschule-hof.de\/wordpress\/wp-content\/uploads\/2021\/07\/StMAS-WBM-2018_2zliunten_rgb-300x120.jpg 300w, https:\/\/www.muensterschule-hof.de\/wordpress\/wp-content\/uploads\/2021\/07\/StMAS-WBM-2018_2zliunten_rgb-655x263.jpg 655w, https:\/\/www.muensterschule-hof.de\/wordpress\/wp-content\/uploads\/2021\/07\/StMAS-WBM-2018_2zliunten_rgb.jpg 1069w\" sizes=\"auto, (max-width: 1024px) 100vw, 1024px\" \/><\/figure>\n<\/div>\n<\/div>\n<\/div>\n<\/div>\n\n\n\n<p>Datenschutzhinweise gem. Art. 13 DSGVO <span style=\"color: #ff9900;\">(<a style=\"color: #ff9900;\" href=\"http:\/\/www.sjr-hof.de\/media\/files\/angebote-kinder-jugendliche\/Datenschutzhinweise-JaS.pdf\">http:\/\/www.sjr-hof.de\/media\/files\/angebote-kinder-jugendliche\/Datenschutzhinweise-JaS.pdf<\/a>)<\/span><\/p>\n\n\n\n<p class=\"has-text-align-center\">&nbsp;&nbsp; &nbsp; &nbsp; &nbsp; &nbsp; &nbsp; <\/p>\n\n\n\n<p><\/p>\n","protected":false},"excerpt":{"rendered":"<p>Thea Pflaum Sozialarbeiterin (B.A.) M\u00fcnster Mittelschule HofEgerl\u00e4nderweg 2595032 Hof B\u00fcro: Zimmer 201Tel.: 09281 \/ 83919921Mobil: 0172\/6172662E-Mail:\u00a0 jas-muenstermittelschule@sjr-hof.de Sprechzeiten:Mo bis Do: von 8.00 \u2013 16.00\u00a0UhrFreitag:\u00a0 \u00a0 \u00a0 von 8.00 \u2013 12.00 Uhroder nach Vereinbarung Auf Grund m\u00f6glicher Au\u00dfentermine, sind dies keine verbindlichen \u00d6ffnungszeiten. Diese Zeiten dienen lediglich der Orientierung. Termine au\u00dferhalb dieser Zeiten, sind nur nach&hellip;&nbsp;<a href=\"https:\/\/www.muensterschule-hof.de\/wordpress\/schule\/jugendsozialarbeit\/\" rel=\"bookmark\">Weiterlesen &raquo;<span class=\"screen-reader-text\">Jugendsozialarbeit<\/span><\/a><\/p>\n","protected":false},"author":1,"featured_media":0,"parent":64,"menu_order":0,"comment_status":"closed","ping_status":"closed","template":"","meta":{"neve_meta_sidebar":"","neve_meta_container":"","neve_meta_enable_content_width":"","neve_meta_content_width":0,"neve_meta_title_alignment":"","neve_meta_author_avatar":"","neve_post_elements_order":"","neve_meta_disable_header":"","neve_meta_disable_footer":"","neve_meta_disable_title":"","footnotes":""},"class_list":["post-72","page","type-page","status-publish","hentry"],"yoast_head":"<!-- This site is optimized with the Yoast SEO plugin v27.4 - https:\/\/yoast.com\/product\/yoast-seo-wordpress\/ -->\n<title>Jugendsozialarbeit - M\u00fcnsterschule<\/title>\n<meta name=\"robots\" content=\"index, follow, max-snippet:-1, max-image-preview:large, max-video-preview:-1\" \/>\n<link rel=\"canonical\" href=\"https:\/\/www.muensterschule-hof.de\/wordpress\/schule\/jugendsozialarbeit\/\" \/>\n<meta property=\"og:locale\" content=\"de_DE\" \/>\n<meta property=\"og:type\" content=\"article\" \/>\n<meta property=\"og:title\" content=\"Jugendsozialarbeit - M\u00fcnsterschule\" \/>\n<meta property=\"og:description\" content=\"Thea Pflaum Sozialarbeiterin (B.A.) M\u00fcnster Mittelschule HofEgerl\u00e4nderweg 2595032 Hof B\u00fcro: Zimmer 201Tel.: 09281 \/ 83919921Mobil: 0172\/6172662E-Mail:\u00a0 jas-muenstermittelschule@sjr-hof.de Sprechzeiten:Mo bis Do: von 8.00 \u2013 16.00\u00a0UhrFreitag:\u00a0 \u00a0 \u00a0 von 8.00 \u2013 12.00 Uhroder nach Vereinbarung Auf Grund m\u00f6glicher Au\u00dfentermine, sind dies keine verbindlichen \u00d6ffnungszeiten. Diese Zeiten dienen lediglich der Orientierung. Termine au\u00dferhalb dieser Zeiten, sind nur nach&hellip;&nbsp;Weiterlesen &raquo;Jugendsozialarbeit\" \/>\n<meta property=\"og:url\" content=\"https:\/\/www.muensterschule-hof.de\/wordpress\/schule\/jugendsozialarbeit\/\" \/>\n<meta property=\"og:site_name\" content=\"M\u00fcnsterschule\" \/>\n<meta property=\"article:modified_time\" content=\"2023-10-16T10:51:31+00:00\" \/>\n<meta property=\"og:image\" content=\"https:\/\/www.muensterschule-hof.de\/wordpress\/wp-content\/uploads\/2019\/09\/thumbnail_IMG_4299.jpg\" \/>\n<meta name=\"twitter:card\" content=\"summary_large_image\" \/>\n<meta name=\"twitter:label1\" content=\"Gesch\u00e4tzte Lesezeit\" \/>\n\t<meta name=\"twitter:data1\" content=\"2\u00a0Minuten\" \/>\n<script type=\"application\/ld+json\" class=\"yoast-schema-graph\">{\"@context\":\"https:\\\/\\\/schema.org\",\"@graph\":[{\"@type\":\"WebPage\",\"@id\":\"https:\\\/\\\/www.muensterschule-hof.de\\\/wordpress\\\/schule\\\/jugendsozialarbeit\\\/\",\"url\":\"https:\\\/\\\/www.muensterschule-hof.de\\\/wordpress\\\/schule\\\/jugendsozialarbeit\\\/\",\"name\":\"Jugendsozialarbeit - M\u00fcnsterschule\",\"isPartOf\":{\"@id\":\"https:\\\/\\\/www.muensterschule-hof.de\\\/wordpress\\\/#website\"},\"primaryImageOfPage\":{\"@id\":\"https:\\\/\\\/www.muensterschule-hof.de\\\/wordpress\\\/schule\\\/jugendsozialarbeit\\\/#primaryimage\"},\"image\":{\"@id\":\"https:\\\/\\\/www.muensterschule-hof.de\\\/wordpress\\\/schule\\\/jugendsozialarbeit\\\/#primaryimage\"},\"thumbnailUrl\":\"https:\\\/\\\/www.muensterschule-hof.de\\\/wordpress\\\/wp-content\\\/uploads\\\/2019\\\/09\\\/thumbnail_IMG_4299.jpg\",\"datePublished\":\"2016-06-07T14:05:21+00:00\",\"dateModified\":\"2023-10-16T10:51:31+00:00\",\"breadcrumb\":{\"@id\":\"https:\\\/\\\/www.muensterschule-hof.de\\\/wordpress\\\/schule\\\/jugendsozialarbeit\\\/#breadcrumb\"},\"inLanguage\":\"de\",\"potentialAction\":[{\"@type\":\"ReadAction\",\"target\":[\"https:\\\/\\\/www.muensterschule-hof.de\\\/wordpress\\\/schule\\\/jugendsozialarbeit\\\/\"]}]},{\"@type\":\"ImageObject\",\"inLanguage\":\"de\",\"@id\":\"https:\\\/\\\/www.muensterschule-hof.de\\\/wordpress\\\/schule\\\/jugendsozialarbeit\\\/#primaryimage\",\"url\":\"https:\\\/\\\/www.muensterschule-hof.de\\\/wordpress\\\/wp-content\\\/uploads\\\/2019\\\/09\\\/thumbnail_IMG_4299.jpg\",\"contentUrl\":\"https:\\\/\\\/www.muensterschule-hof.de\\\/wordpress\\\/wp-content\\\/uploads\\\/2019\\\/09\\\/thumbnail_IMG_4299.jpg\",\"width\":324,\"height\":431},{\"@type\":\"BreadcrumbList\",\"@id\":\"https:\\\/\\\/www.muensterschule-hof.de\\\/wordpress\\\/schule\\\/jugendsozialarbeit\\\/#breadcrumb\",\"itemListElement\":[{\"@type\":\"ListItem\",\"position\":1,\"name\":\"Startseite\",\"item\":\"https:\\\/\\\/www.muensterschule-hof.de\\\/wordpress\\\/\"},{\"@type\":\"ListItem\",\"position\":2,\"name\":\"Schulfamilie\",\"item\":\"https:\\\/\\\/www.muensterschule-hof.de\\\/wordpress\\\/schule\\\/\"},{\"@type\":\"ListItem\",\"position\":3,\"name\":\"Jugendsozialarbeit\"}]},{\"@type\":\"WebSite\",\"@id\":\"https:\\\/\\\/www.muensterschule-hof.de\\\/wordpress\\\/#website\",\"url\":\"https:\\\/\\\/www.muensterschule-hof.de\\\/wordpress\\\/\",\"name\":\"M\u00fcnsterschule\",\"description\":\"Deine Mittelschule in Hof\",\"publisher\":{\"@id\":\"https:\\\/\\\/www.muensterschule-hof.de\\\/wordpress\\\/#organization\"},\"alternateName\":\"MMS Hof\",\"potentialAction\":[{\"@type\":\"SearchAction\",\"target\":{\"@type\":\"EntryPoint\",\"urlTemplate\":\"https:\\\/\\\/www.muensterschule-hof.de\\\/wordpress\\\/?s={search_term_string}\"},\"query-input\":{\"@type\":\"PropertyValueSpecification\",\"valueRequired\":true,\"valueName\":\"search_term_string\"}}],\"inLanguage\":\"de\"},{\"@type\":\"Organization\",\"@id\":\"https:\\\/\\\/www.muensterschule-hof.de\\\/wordpress\\\/#organization\",\"name\":\"M\u00fcnster-Mittelschule Hof\",\"alternateName\":\"MMS Hof\",\"url\":\"https:\\\/\\\/www.muensterschule-hof.de\\\/wordpress\\\/\",\"logo\":{\"@type\":\"ImageObject\",\"inLanguage\":\"de\",\"@id\":\"https:\\\/\\\/www.muensterschule-hof.de\\\/wordpress\\\/#\\\/schema\\\/logo\\\/image\\\/\",\"url\":\"https:\\\/\\\/www.muensterschule-hof.de\\\/wordpress\\\/wp-content\\\/uploads\\\/2018\\\/05\\\/cropped-MMS-Hof-final-1.png\",\"contentUrl\":\"https:\\\/\\\/www.muensterschule-hof.de\\\/wordpress\\\/wp-content\\\/uploads\\\/2018\\\/05\\\/cropped-MMS-Hof-final-1.png\",\"width\":512,\"height\":512,\"caption\":\"M\u00fcnster-Mittelschule Hof\"},\"image\":{\"@id\":\"https:\\\/\\\/www.muensterschule-hof.de\\\/wordpress\\\/#\\\/schema\\\/logo\\\/image\\\/\"}}]}<\/script>\n<!-- \/ Yoast SEO plugin. -->","yoast_head_json":{"title":"Jugendsozialarbeit - M\u00fcnsterschule","robots":{"index":"index","follow":"follow","max-snippet":"max-snippet:-1","max-image-preview":"max-image-preview:large","max-video-preview":"max-video-preview:-1"},"canonical":"https:\/\/www.muensterschule-hof.de\/wordpress\/schule\/jugendsozialarbeit\/","og_locale":"de_DE","og_type":"article","og_title":"Jugendsozialarbeit - M\u00fcnsterschule","og_description":"Thea Pflaum Sozialarbeiterin (B.A.) M\u00fcnster Mittelschule HofEgerl\u00e4nderweg 2595032 Hof B\u00fcro: Zimmer 201Tel.: 09281 \/ 83919921Mobil: 0172\/6172662E-Mail:\u00a0 jas-muenstermittelschule@sjr-hof.de Sprechzeiten:Mo bis Do: von 8.00 \u2013 16.00\u00a0UhrFreitag:\u00a0 \u00a0 \u00a0 von 8.00 \u2013 12.00 Uhroder nach Vereinbarung Auf Grund m\u00f6glicher Au\u00dfentermine, sind dies keine verbindlichen \u00d6ffnungszeiten. Diese Zeiten dienen lediglich der Orientierung. Termine au\u00dferhalb dieser Zeiten, sind nur nach&hellip;&nbsp;Weiterlesen &raquo;Jugendsozialarbeit","og_url":"https:\/\/www.muensterschule-hof.de\/wordpress\/schule\/jugendsozialarbeit\/","og_site_name":"M\u00fcnsterschule","article_modified_time":"2023-10-16T10:51:31+00:00","og_image":[{"url":"https:\/\/www.muensterschule-hof.de\/wordpress\/wp-content\/uploads\/2019\/09\/thumbnail_IMG_4299.jpg","type":"","width":"","height":""}],"twitter_card":"summary_large_image","twitter_misc":{"Gesch\u00e4tzte Lesezeit":"2\u00a0Minuten"},"schema":{"@context":"https:\/\/schema.org","@graph":[{"@type":"WebPage","@id":"https:\/\/www.muensterschule-hof.de\/wordpress\/schule\/jugendsozialarbeit\/","url":"https:\/\/www.muensterschule-hof.de\/wordpress\/schule\/jugendsozialarbeit\/","name":"Jugendsozialarbeit - M\u00fcnsterschule","isPartOf":{"@id":"https:\/\/www.muensterschule-hof.de\/wordpress\/#website"},"primaryImageOfPage":{"@id":"https:\/\/www.muensterschule-hof.de\/wordpress\/schule\/jugendsozialarbeit\/#primaryimage"},"image":{"@id":"https:\/\/www.muensterschule-hof.de\/wordpress\/schule\/jugendsozialarbeit\/#primaryimage"},"thumbnailUrl":"https:\/\/www.muensterschule-hof.de\/wordpress\/wp-content\/uploads\/2019\/09\/thumbnail_IMG_4299.jpg","datePublished":"2016-06-07T14:05:21+00:00","dateModified":"2023-10-16T10:51:31+00:00","breadcrumb":{"@id":"https:\/\/www.muensterschule-hof.de\/wordpress\/schule\/jugendsozialarbeit\/#breadcrumb"},"inLanguage":"de","potentialAction":[{"@type":"ReadAction","target":["https:\/\/www.muensterschule-hof.de\/wordpress\/schule\/jugendsozialarbeit\/"]}]},{"@type":"ImageObject","inLanguage":"de","@id":"https:\/\/www.muensterschule-hof.de\/wordpress\/schule\/jugendsozialarbeit\/#primaryimage","url":"https:\/\/www.muensterschule-hof.de\/wordpress\/wp-content\/uploads\/2019\/09\/thumbnail_IMG_4299.jpg","contentUrl":"https:\/\/www.muensterschule-hof.de\/wordpress\/wp-content\/uploads\/2019\/09\/thumbnail_IMG_4299.jpg","width":324,"height":431},{"@type":"BreadcrumbList","@id":"https:\/\/www.muensterschule-hof.de\/wordpress\/schule\/jugendsozialarbeit\/#breadcrumb","itemListElement":[{"@type":"ListItem","position":1,"name":"Startseite","item":"https:\/\/www.muensterschule-hof.de\/wordpress\/"},{"@type":"ListItem","position":2,"name":"Schulfamilie","item":"https:\/\/www.muensterschule-hof.de\/wordpress\/schule\/"},{"@type":"ListItem","position":3,"name":"Jugendsozialarbeit"}]},{"@type":"WebSite","@id":"https:\/\/www.muensterschule-hof.de\/wordpress\/#website","url":"https:\/\/www.muensterschule-hof.de\/wordpress\/","name":"M\u00fcnsterschule","description":"Deine Mittelschule in Hof","publisher":{"@id":"https:\/\/www.muensterschule-hof.de\/wordpress\/#organization"},"alternateName":"MMS Hof","potentialAction":[{"@type":"SearchAction","target":{"@type":"EntryPoint","urlTemplate":"https:\/\/www.muensterschule-hof.de\/wordpress\/?s={search_term_string}"},"query-input":{"@type":"PropertyValueSpecification","valueRequired":true,"valueName":"search_term_string"}}],"inLanguage":"de"},{"@type":"Organization","@id":"https:\/\/www.muensterschule-hof.de\/wordpress\/#organization","name":"M\u00fcnster-Mittelschule Hof","alternateName":"MMS Hof","url":"https:\/\/www.muensterschule-hof.de\/wordpress\/","logo":{"@type":"ImageObject","inLanguage":"de","@id":"https:\/\/www.muensterschule-hof.de\/wordpress\/#\/schema\/logo\/image\/","url":"https:\/\/www.muensterschule-hof.de\/wordpress\/wp-content\/uploads\/2018\/05\/cropped-MMS-Hof-final-1.png","contentUrl":"https:\/\/www.muensterschule-hof.de\/wordpress\/wp-content\/uploads\/2018\/05\/cropped-MMS-Hof-final-1.png","width":512,"height":512,"caption":"M\u00fcnster-Mittelschule Hof"},"image":{"@id":"https:\/\/www.muensterschule-hof.de\/wordpress\/#\/schema\/logo\/image\/"}}]}},"_links":{"self":[{"href":"https:\/\/www.muensterschule-hof.de\/wordpress\/wp-json\/wp\/v2\/pages\/72","targetHints":{"allow":["GET"]}}],"collection":[{"href":"https:\/\/www.muensterschule-hof.de\/wordpress\/wp-json\/wp\/v2\/pages"}],"about":[{"href":"https:\/\/www.muensterschule-hof.de\/wordpress\/wp-json\/wp\/v2\/types\/page"}],"author":[{"embeddable":true,"href":"https:\/\/www.muensterschule-hof.de\/wordpress\/wp-json\/wp\/v2\/users\/1"}],"replies":[{"embeddable":true,"href":"https:\/\/www.muensterschule-hof.de\/wordpress\/wp-json\/wp\/v2\/comments?post=72"}],"version-history":[{"count":19,"href":"https:\/\/www.muensterschule-hof.de\/wordpress\/wp-json\/wp\/v2\/pages\/72\/revisions"}],"predecessor-version":[{"id":2489,"href":"https:\/\/www.muensterschule-hof.de\/wordpress\/wp-json\/wp\/v2\/pages\/72\/revisions\/2489"}],"up":[{"embeddable":true,"href":"https:\/\/www.muensterschule-hof.de\/wordpress\/wp-json\/wp\/v2\/pages\/64"}],"wp:attachment":[{"href":"https:\/\/www.muensterschule-hof.de\/wordpress\/wp-json\/wp\/v2\/media?parent=72"}],"curies":[{"name":"wp","href":"https:\/\/api.w.org\/{rel}","templated":true}]}}